{"id":18998,"date":"2020-02-29T16:46:35","date_gmt":"2020-02-29T15:46:35","guid":{"rendered":"https:\/\/shop4trac.com\/product\/pompe-hydraulique-iseki-tx-tu\/"},"modified":"2026-03-31T14:55:57","modified_gmt":"2026-03-31T13:55:57","slug":"pompe-hydraulique-iseki-tx-tu","status":"publish","type":"product","link":"https:\/\/shop4trac.com\/fr\/pieces-de-moteur\/pompe-hydraulique\/pompe-hydraulique-iseki-tx-tu\/","title":{"rendered":"Pompe hydraulique Iseki TX | TU | Bolens"},"content":{"rendered":"<p>Pompe hydraulique de qualit\u00e9 <strong>europ\u00e9enne<\/strong>! Les mod\u00e8les compatibles ont \u00e9t\u00e9 recherch\u00e9s avec le plus grand soin :<\/p>\n<p><strong>pompe hydraulique avec joint !<\/strong><\/p>\n<p><strong>Iseki<\/strong><\/p>\n<ul>\n<li>TX145, TX155<\/li>\n<li>TX1300, TX1410, TX1500, TX1500F, TX1510,TX2140, TX2140F, TX2160, TX2160F<\/li>\n<li>TU1400, TU1401, TU1500, TU1501, TU1600, TU1601<\/li>\n<li>TX2140, TX2160<\/li>\n<li>Landhope TU120, TU130, TU140, TU150, TU160, TU170<\/li>\n<li>Landhope TU125, TU135, TU145, TU155, TU165, TU175<\/li>\n<li>Landhope TU127, TU137, TU147, TU157, TU167, TU177<\/li>\n<\/ul>\n<p><strong>Bolens<\/strong><\/p>\n<ul>\n<li>G152, G154, G172, G174<\/li>\n<\/ul>\n<p><strong>Donn\u00e9es techniques<\/strong><\/p>\n<ul>\n<li>Sens de rotation : Gauche<\/li>\n<li>D\u00e9bit : 6,3 cm3<\/li>\n<li>Max. pression de service : 210 bars<\/li>\n<li>D\u00e9bit \u00e0 1500 tr\/min : 9,45 litres<\/li>\n<\/ul>\n<p><strong>OEM pour r\u00e9f\u00e9rence&nbsp;:<\/strong><\/p>\n<ul>\n<li>1434-503-2000-0 \/ 187-4050 \/ 1915-2451-000 \/ KPO553AHSS, KP0540AHSS, KP0588AHSS KP0570AHSS, GPLI43L010, GP33-40E, GP 3340E GPL1-43L010, GP-3542A GPO-130, 440588,<\/li>\n<li>2001011566, 2001073009, 5KI \/ 43000BOL, KP0540AHSS, KP0588AHSS KP0570AHSS, GPLI43L010, GP33-40E, GP 3340E GPL1-43L010, GP-3542A GPO-130, 440588, 2001011566, 2001073009, 5KI \/ 43000BOL<\/li>\n<li>KP0540AHSS, KP0588AHSS KP0570AHSS, GPLI43L010, GP33-40E, GP 3340E GPL1-43L010, GP-3542A GPO-130, 440588, 2001011566, 2001073009, 5KI \/ 43000BOL, KP0540AHSS, KP0588AHSS KP0570AHSS<\/li>\n<li>GPLI43L010, GP33-40E, GP 3340E GPL1-43L010, GP-3542A GPO-130, 440588, 2001011566, 2001073009, 5KI \/ 43000BOL, KP0540AHSS, KP0588AHSS KP0570AHSS, GPLI43L010, GP33-40E, GP 3340E GPL1-43L010<\/li>\n<li>GP-3542A GPO-130, 440588, 2001011566, 2001073009, 5KI \/ 43000BOL<\/li>\n<\/ul>\n<p>&nbsp;<\/p>\n","protected":false},"excerpt":{"rendered":"<p>Pompe hydraulique de qualit\u00e9 europ\u00e9enne! Les mod\u00e8les compatibles ont \u00e9t\u00e9 recherch\u00e9s avec le plus grand soin : pompe hydraulique avec joint ! Iseki TX145, TX155 TX1300, TX1410, TX1500, TX1500F, TX1510,TX2140, TX2140F, TX2160, TX2160F TU1400, TU1401, TU1500, TU1501, TU1600, TU1601 TX2140, TX2160 Landhope TU120, TU130, TU140, TU150, TU160, TU170 Landhope TU125, TU135, TU145, TU155, TU165, TU175&hellip;<\/p>\n","protected":false},"featured_media":149123,"comment_status":"open","ping_status":"open","template":"","meta":[],"product_cat":[449,455],"product_tag":[3894],"class_list":{"0":"post-18998","1":"product","2":"type-product","3":"status-publish","4":"has-post-thumbnail","6":"product_cat-pieces-de-moteur","7":"product_cat-pompe-hydraulique","8":"product_tag-snelparts-fr","9":"pa_merk-bolens-fr","10":"pa_merk-iseki-fr","11":"pa_merk-kumiai-fr","12":"pa_merk-mitsubishi-fr","13":"pa_merk-satoh-fr","14":"pa_model-d1100-fr","15":"pa_model-d1300-fr","16":"pa_model-d1450-fr","17":"pa_model-d1500-fr","18":"pa_model-d1500v-fr","19":"pa_model-d1550-fr","20":"pa_model-d1600-fr","21":"pa_model-d2000-fr","22":"pa_model-d2000-2-fr","23":"pa_model-mt1301-fr","24":"pa_model-mt1350-fr","25":"pa_model-mt1401-fr","26":"pa_model-mt1800-fr","27":"pa_model-mt180h-fr","28":"pa_model-mt342d-fr","29":"pa_model-mt370d-fr","30":"pa_model-mt372-fr","31":"pa_model-mt372d-fr","32":"pa_model-mt373d-fr","33":"pa_model-mt470d-fr","34":"pa_model-s370-fr","35":"pa_model-s370d-fr","36":"pa_model-s372-fr","37":"pa_model-s373-fr","38":"pa_model-s470-fr","39":"pa_model-s470d-fr","40":"pa_model-s550-fr","41":"pa_model-s550g-fr","42":"pa_model-s630-fr","43":"pa_model-s650-fr","44":"pa_model-s650g-fr","45":"pa_model-st1300-fr","46":"pa_model-st1350-fr","47":"pa_model-st1500-fr","48":"pa_model-st1510-fr","49":"pa_model-st1520-fr","50":"pa_model-st1540-fr","51":"pa_model-st1600-fr","52":"pa_model-st2001-fr","53":"pa_model-tu1400-fr","54":"pa_model-tu1500-fr","55":"pa_model-tu1600-fr","56":"pa_model-tx1300-fr","57":"pa_model-tx1400-fr","58":"pa_model-tx1410-fr","59":"pa_model-tx145-fr","60":"pa_model-tx1500-fr","61":"pa_model-tx1500f-fr","62":"pa_model-tx1502-fr","63":"pa_model-tx1504-fr","64":"pa_model-tx1510-fr","65":"pa_model-tx155-fr","66":"pa_model-tx1702-fr","67":"pa_model-tx1704-fr","68":"pa_model-tx2140-fr","69":"pa_model-tx2140f-fr","70":"pa_model-tx2160-fr","71":"pa_model-tx2160f-fr","72":"pa_model-tx2160t-fr","73":"pa_model-tx240t-fr","74":"pa_motor-k3a-fr","75":"pa_motor-k3b-fr","76":"pa_motor-k3c-fr","77":"pa_motor-k3d-fr","78":"pa_motor-ke70-fr","79":"pa_motor-ke75-fr","81":"first","82":"instock","83":"sale","84":"taxable","85":"shipping-taxable","86":"purchasable","87":"product-type-simple","88":"col-xs-6 col-sm-4","89":"col-md-3 col-lg-3","90":"un-4-cols"},"_links":{"self":[{"href":"https:\/\/shop4trac.com\/fr\/wp-json\/wp\/v2\/product\/18998","targetHints":{"allow":["GET"]}}],"collection":[{"href":"https:\/\/shop4trac.com\/fr\/wp-json\/wp\/v2\/product"}],"about":[{"href":"https:\/\/shop4trac.com\/fr\/wp-json\/wp\/v2\/types\/product"}],"replies":[{"embeddable":true,"href":"https:\/\/shop4trac.com\/fr\/wp-json\/wp\/v2\/comments?post=18998"}],"wp:featuredmedia":[{"embeddable":true,"href":"https:\/\/shop4trac.com\/fr\/wp-json\/wp\/v2\/media\/149123"}],"wp:attachment":[{"href":"https:\/\/shop4trac.com\/fr\/wp-json\/wp\/v2\/media?parent=18998"}],"wp:term":[{"taxonomy":"product_cat","embeddable":true,"href":"https:\/\/shop4trac.com\/fr\/wp-json\/wp\/v2\/product_cat?post=18998"},{"taxonomy":"product_tag","embeddable":true,"href":"https:\/\/shop4trac.com\/fr\/wp-json\/wp\/v2\/product_tag?post=18998"}],"curies":[{"name":"wp","href":"https:\/\/api.w.org\/{rel}","templated":true}]}}