{"id":18957,"date":"2020-02-29T16:44:15","date_gmt":"2020-02-29T14:44:15","guid":{"rendered":"https:\/\/shop4trac.com\/product\/filtre-a-huile-iseki-shibaura\/"},"modified":"2026-04-13T17:47:54","modified_gmt":"2026-04-13T16:47:54","slug":"filtre-a-huile-iseki-shibaura","status":"publish","type":"product","link":"https:\/\/shop4trac.com\/fr\/filtres\/filtres-a-huile-moteur\/filtre-a-huile-iseki-shibaura\/","title":{"rendered":"Filtre \u00e0 huile moteur | iseki TA \u2013 TU | shibaura p \u2013 SP"},"content":{"rendered":"<p>Filtre \u00e0 huile adapt\u00e9 \u00e0 diverses machines et moteurs :<\/p>\n<p><strong>Donn\u00e9es techniques<\/strong><\/p>\n<ul>\n<li>Largeur 83 mm<\/li>\n<li>Hauteur 76 mm<\/li>\n<li>Filetage 3\/4&Prime;-16UNF<\/li>\n<\/ul>\n<p><strong>Iseki<\/strong><\/p>\n<ul>\n<li>TA207, TA210, TA215, TA227, TA230, TA235, TA237, TA247, TA250, TA255, TA257, TA262, TA267, TA275, TA287, TA312, TA317, TA530<\/li>\n<li>TE3210, 3025, 3030, 5035, 5040<\/li>\n<li>TH20, TH22, TH24, TXG23<\/li>\n<li>TU180, TU185, TU187, TU197, TU200, TU205, TU207, TU217, TU220, TU225, TU227, TU237, TU240, TU245, TU247, TU257<\/li>\n<li>TU1700, TU1701, TU1900, TU1901, TU2100, TU2101<\/li>\n<li>GEAS TG21, TG23, TG233, TG25, TG27, TG29, TG31, TG253, TG333<\/li>\n<li>TM15, TM17, TM215, TM217, TM223, TM3160, TM3200, TM3240<\/li>\n<\/ul>\n<p><strong>Bolens<\/strong><\/p>\n<ul>\n<li>G212, G214, 2102, 2104<\/li>\n<\/ul>\n<p><strong>Shibaura<\/strong><\/p>\n<ul>\n<li>P15F, P17F<\/li>\n<li><span style=\"font-size: 14px\">SP1440, SP1500, SP1540, SP1740, SP1840, SP2140<\/span><\/li>\n<li><span style=\"font-size: 14px\">S318, S320<\/span><\/li>\n<\/ul>\n<p><strong>Moteurs<\/strong><\/p>\n<ul>\n<li>2AA1, 2AB1, E3CE, E3AF1, E3AE1, E3AG1, E3AD1, E390, E3100, E3112<\/li>\n<\/ul>\n<p><strong>OEM pour r\u00e9f\u00e9rence<\/strong><\/p>\n<ul>\n<li>6513-240-026-10, 651324002610<\/li>\n<li>6213-240-002-00, 621324000200, 6213-240-0020-0, 6513-240-026-10, 6513-240-0261-0<\/li>\n<\/ul>\n","protected":false},"excerpt":{"rendered":"<p>Filtre \u00e0 huile adapt\u00e9 \u00e0 diverses machines et moteurs : Donn\u00e9es techniques Largeur 83 mm Hauteur 76 mm Filetage 3\/4&Prime;-16UNF Iseki TA207, TA210, TA215, TA227, TA230, TA235, TA237, TA247, TA250, TA255, TA257, TA262, TA267, TA275, TA287, TA312, TA317, TA530 TE3210, 3025, 3030, 5035, 5040 TH20, TH22, TH24, TXG23 TU180, TU185, TU187, TU197, TU200, TU205, TU207,&hellip;<\/p>\n","protected":false},"featured_media":52057,"comment_status":"open","ping_status":"open","template":"","meta":[],"product_cat":[431],"product_tag":[3894],"class_list":{"0":"post-18957","1":"product","2":"type-product","3":"status-publish","4":"has-post-thumbnail","6":"product_cat-filtres-a-huile-moteur","7":"product_tag-snelparts-fr","8":"pa_merk-bolens-fr","9":"pa_merk-iseki-fr","10":"pa_merk-shibaura-fr","12":"first","13":"instock","14":"taxable","15":"shipping-taxable","16":"purchasable","17":"product-type-simple","18":"col-xs-6 col-sm-4","19":"col-md-3 col-lg-3","20":"un-4-cols"},"_links":{"self":[{"href":"https:\/\/shop4trac.com\/fr\/wp-json\/wp\/v2\/product\/18957","targetHints":{"allow":["GET"]}}],"collection":[{"href":"https:\/\/shop4trac.com\/fr\/wp-json\/wp\/v2\/product"}],"about":[{"href":"https:\/\/shop4trac.com\/fr\/wp-json\/wp\/v2\/types\/product"}],"replies":[{"embeddable":true,"href":"https:\/\/shop4trac.com\/fr\/wp-json\/wp\/v2\/comments?post=18957"}],"wp:featuredmedia":[{"embeddable":true,"href":"https:\/\/shop4trac.com\/fr\/wp-json\/wp\/v2\/media\/52057"}],"wp:attachment":[{"href":"https:\/\/shop4trac.com\/fr\/wp-json\/wp\/v2\/media?parent=18957"}],"wp:term":[{"taxonomy":"product_cat","embeddable":true,"href":"https:\/\/shop4trac.com\/fr\/wp-json\/wp\/v2\/product_cat?post=18957"},{"taxonomy":"product_tag","embeddable":true,"href":"https:\/\/shop4trac.com\/fr\/wp-json\/wp\/v2\/product_tag?post=18957"}],"curies":[{"name":"wp","href":"https:\/\/api.w.org\/{rel}","templated":true}]}}