{"id":18925,"date":"2020-02-29T16:45:51","date_gmt":"2020-02-29T15:45:51","guid":{"rendered":"https:\/\/shop4trac.com\/product\/kit-dembrayage-yanmar-ym-type-3\/"},"modified":"2026-03-14T10:03:35","modified_gmt":"2026-03-14T09:03:35","slug":"kit-dembrayage-yanmar-ym-type-3","status":"publish","type":"product","link":"https:\/\/shop4trac.com\/fr\/embrayage-transmission\/kit-dembrayage\/kit-dembrayage-yanmar-ym-type-3\/","title":{"rendered":"Kit d\u2019embrayage Yanmar YM1100 \u2013 YM1401 | 19 dents"},"content":{"rendered":"<p data-path-to-node=\"3\">Restaure la puissance de traction de ton tracteur avec ce kit d\u2019embrayage complet de haute qualit\u00e9. Sp\u00e9cifiquement con\u00e7u pour les tracteurs compacts Yanmar, ce kit garantit une transmission fluide et une longue dur\u00e9e de vie, m\u00eame lors de travaux intensifs. <\/p>\n<p data-path-to-node=\"4\">\u2714\ufe0f <b data-path-to-node=\"4\" data-index-in-node=\"3\">Kit de r\u00e9vision complet :<\/b> Comprend m\u00e9canisme d\u2019embrayage, disque d\u2019embrayage et but\u00e9e d\u2019embrayage<\/p>\n<p data-path-to-node=\"4\">\u2714\ufe0f <b data-path-to-node=\"4\" data-index-in-node=\"73\">Mat\u00e9riaux de friction de qualit\u00e9 :<\/b> Pour une adh\u00e9rence maximale et une usure minimale<\/p>\n<p data-path-to-node=\"4\">\u2714\ufe0f <b data-path-to-node=\"4\" data-index-in-node=\"148\">Ajustement direct :<\/b> Fabriqu\u00e9 selon des tol\u00e9rances strictes pour un montage sans probl\u00e8me<\/p>\n<h3 data-path-to-node=\"5\">Donn\u00e9es techniques :<\/h3>\n<ul data-path-to-node=\"6\">\n<li>\n<p data-path-to-node=\"6,0,0\"><b data-path-to-node=\"6,0,0\" data-index-in-node=\"0\">Disque d\u2019embrayage :<\/b> 180 mm \/ 19 cannelures<\/p>\n<\/li>\n<li>\n<p data-path-to-node=\"6,1,0\"><b data-path-to-node=\"6,1,0\" data-index-in-node=\"0\">M\u00e9canisme d\u2019embrayage :<\/b> 7-1\/8\u2033<\/p>\n<\/li>\n<li>\n<p data-path-to-node=\"6,2,0\"><b data-path-to-node=\"6,2,0\" data-index-in-node=\"0\">But\u00e9e d\u2019embrayage :<\/b> 60 mm x 33 mm x 18 mm<\/p>\n<\/li>\n<\/ul>\n<p><b data-path-to-node=\"7\" data-index-in-node=\"0\">Yanmar<\/b><\/p>\n<ul>\n<li>YM1100, YM1300, YM1401, YM169<\/li>\n<\/ul>\n<p><strong>OEM pour r\u00e9f\u00e9rence<\/strong><\/p>\n<ul>\n<li>194262-21400, 794200-21400, 194340-21400, 194357-21400, 194500-21410, 194262-21700, 194440-21700, 194440-21701, 194340-21700, 194200-22180, 124950-21230<\/li>\n<\/ul>\n<p>&nbsp;<\/p>\n","protected":false},"excerpt":{"rendered":"<p>Restaure la puissance de traction de ton tracteur avec ce kit d\u2019embrayage complet de haute qualit\u00e9. Sp\u00e9cifiquement con\u00e7u pour les tracteurs compacts Yanmar, ce kit garantit une transmission fluide et une longue dur\u00e9e de vie, m\u00eame lors de travaux intensifs. \u2714\ufe0f Kit de r\u00e9vision complet : Comprend m\u00e9canisme d\u2019embrayage, disque d\u2019embrayage et but\u00e9e d\u2019embrayage \u2714\ufe0f&hellip;<\/p>\n","protected":false},"featured_media":181836,"comment_status":"open","ping_status":"closed","template":"","meta":[],"product_cat":[441],"product_tag":[3894],"class_list":{"0":"post-18925","1":"product","2":"type-product","3":"status-publish","4":"has-post-thumbnail","6":"product_cat-kit-dembrayage","7":"product_tag-snelparts-fr","8":"pa_merk-yanmar-fr","10":"first","11":"instock","12":"sale","13":"taxable","14":"shipping-taxable","15":"purchasable","16":"product-type-simple","17":"col-xs-6 col-sm-4","18":"col-md-3 col-lg-3","19":"un-4-cols"},"_links":{"self":[{"href":"https:\/\/shop4trac.com\/fr\/wp-json\/wp\/v2\/product\/18925","targetHints":{"allow":["GET"]}}],"collection":[{"href":"https:\/\/shop4trac.com\/fr\/wp-json\/wp\/v2\/product"}],"about":[{"href":"https:\/\/shop4trac.com\/fr\/wp-json\/wp\/v2\/types\/product"}],"replies":[{"embeddable":true,"href":"https:\/\/shop4trac.com\/fr\/wp-json\/wp\/v2\/comments?post=18925"}],"wp:featuredmedia":[{"embeddable":true,"href":"https:\/\/shop4trac.com\/fr\/wp-json\/wp\/v2\/media\/181836"}],"wp:attachment":[{"href":"https:\/\/shop4trac.com\/fr\/wp-json\/wp\/v2\/media?parent=18925"}],"wp:term":[{"taxonomy":"product_cat","embeddable":true,"href":"https:\/\/shop4trac.com\/fr\/wp-json\/wp\/v2\/product_cat?post=18925"},{"taxonomy":"product_tag","embeddable":true,"href":"https:\/\/shop4trac.com\/fr\/wp-json\/wp\/v2\/product_tag?post=18925"}],"curies":[{"name":"wp","href":"https:\/\/api.w.org\/{rel}","templated":true}]}}