{"id":18912,"date":"2020-02-29T16:46:00","date_gmt":"2020-02-29T14:46:00","guid":{"rendered":"https:\/\/shop4trac.com\/product\/bouchon-de-radiateur-general\/"},"modified":"2026-04-13T14:18:02","modified_gmt":"2026-04-13T13:18:02","slug":"chapeau-general-radiateur","status":"publish","type":"product","link":"https:\/\/shop4trac.com\/fr\/refroidissement-et-radiateurs\/radiateurs-fr\/chapeau-general-radiateur\/","title":{"rendered":"Bouchon de radiateur g\u00e9n\u00e9ral | Radiateur en cuivre"},"content":{"rendered":"<p>A appliquer sur les radiateurs en cuivre (souvent reconnaissables \u00e0 leur couleur noire), notamment :<\/p>\n<p>Kubota, Hinomoto, Iseki, Mitsubishi,<br \/>\n Sato, Shibaura, Suzue, Yanmar, etc.<\/p>\n<p><strong>Donn\u00e9es techniques :<\/strong><\/p>\n<ul>\n<li><strong>Taille de la bague int\u00e9rieure<\/strong>: 38mm<\/li>\n<li><strong>Dimension de la bague ext\u00e9rieure<\/strong>: 55 mm<\/li>\n<\/ul>\n<p><strong>Exemple de tracteurs<\/strong><\/p>\n<p><strong>Kubota<\/strong><\/p>\n<ul>\n<li>B5000, B5001, B6000, B6001, B6100, B7000, B7001, B7100<\/li>\n<li>B4200<\/li>\n<li>B1600, B1702<\/li>\n<li>Soleil L1-18, L1-195, L1-20, L1-225, L1-235, L1-245, L1-260P, L1-275, L1-285, L1-295, L1-355<\/li>\n<li>L2650DT, L2650DTGST, L2650DT, L2950DT, L2950DTGST, L2950DTWET, L2950F<\/li>\n<li>X20, X20<\/li>\n<li>Saturne X20, Saturne X24<\/li>\n<\/ul>\n<p><strong>Hinomoto :<\/strong><\/p>\n<ul>\n<li>C172, C174<\/li>\n<li>N200<\/li>\n<li>E180<\/li>\n<\/ul>\n<p><strong>Allis Chalmers <\/strong><\/p>\n<ul>\n<li>5015<\/li>\n<\/ul>\n<p><strong>Deutz-Allis<\/strong><\/p>\n<ul>\n<li>5215<\/li>\n<\/ul>\n<p><strong>Simplicit\u00e9<\/strong><\/p>\n<ul>\n<li>9518<\/li>\n<\/ul>\n<p><strong>Iseki<\/strong><\/p>\n<ul>\n<li>TX1210, TX1300, TX1410, TX145, TX1500, TX1510, TX155, TX2140, TX2160<\/li>\n<li>TX1210F, TX1300F, TX1410F, TX145F, TX1500F, TX1510F, TX155F, TX2140F, TX2160F<\/li>\n<li>TA250, TA255, TA262, TA267, TA275, TA287, TA312, TA317, TA525, TA530<\/li>\n<li>TA207, TA210, TA215, TA227, TA230, TA235, TA247, TA250, TA255, TA262, TA267, TA270, TA287, TA317<\/li>\n<li>TA250F, TA255F, TA262F, TA267F, TA275F, TA287F, TA312F, TA317F, TA525F, TA530F<\/li>\n<li>TA207F, TA210F, TA215F, TA227F, TA230F, TA235F, TA247F, TA250F, TA255F, TA262F, TA267F, TA270F, TA287F, TA317F<\/li>\n<li>TU1400, TU1500, TU1600, TU1401, TU1501, TU1601<\/li>\n<li>TU1700, TU1900, TU2100, TE3210<\/li>\n<li>TU1700F, TU1701F, TU1900F, TU1901F, TU2100F, TU2101F<\/li>\n<li>TU120, TU130, TU140, TU150, TU160, TU170, TU125, TU135, TU145, TU155, TU165, TU175, TU127, TU137, TU147, TU157, TU167, TU177<\/li>\n<li>TU180, TU185, TU197, TU200, TU200F, TU205, TU217, TU220, TU225, TU237, TU240, TU245, TU257<\/li>\n<li>TU180F, TU197F, TU200F, TU205F, TU217F, TU220F, TU225F, TU237F, TU240F, TU245F, TU257F<\/li>\n<li>3025, 3030<\/li>\n<li>TU320<\/li>\n<\/ul>\n<p><strong>Mitsubishi<\/strong><\/p>\n<ul>\n<li>D1450, D1550<\/li>\n<li>MT1601<\/li>\n<\/ul>\n<p><strong>Bolens :<\/strong><\/p>\n<ul>\n<li>G152, G154, G172, G174<\/li>\n<li>H1704<\/li>\n<li>G212, G214<\/li>\n<\/ul>\n<p><strong>Yanmar<\/strong><\/p>\n<ul>\n<li>YM169, YM180, YM186, YM187, YM220, YM226, YM250, YM276<\/li>\n<li>YM1100, YM1300, YM1301, YM1401, YM1502, YM1510, YM1601, YM1602, YM1610, YM1702, YM1720, YM1802, YM1810, YM1820, YM2001, YM2002, YM2020, YM2202, YM2220, YM2301, YM2402, YM2420<\/li>\n<li>YMG1800, YMG2000<\/li>\n<li>F14, F15, F16<\/li>\n<li>KE2, KE3, KE4<\/li>\n<li>KE-2D, KE3D, KE-2A<\/li>\n<li>KE-3A, KE4A<\/li>\n<li>F20, F22, F24, F205, F215, F235, F245, F255<\/li>\n<li>F20D, F22D, F24D, F205D, F215D, F235D, F245D, F255D<\/li>\n<li>FX20, FX22, FX24, FX205, FX215, FX235, FX245, FX255, FX265<\/li>\n<\/ul>\n<p><strong>Patron de champ blanc<\/strong><\/p>\n<ul>\n<li>FB16,<\/li>\n<li>21<\/li>\n<\/ul>\n<p><strong>Zen-N\u00f4<\/strong><\/p>\n<ul>\n<li>ZB5000, ZB5001, ZB6000, ZB6001, ZB7000, ZB7001, ZB7100, ZB7200<\/li>\n<li>ZB1600, ZB1702<\/li>\n<li>ZL1-195, ZL1-215, ZL1-235, ZL1-255, ZL1-275, ZL1-295, ZL1-315, ZL1-325<\/li>\n<\/ul>\n<p>&nbsp;<\/p>\n","protected":false},"excerpt":{"rendered":"<p>A appliquer sur les radiateurs en cuivre (souvent reconnaissables \u00e0 leur couleur noire), notamment : Kubota, Hinomoto, Iseki, Mitsubishi, Sato, Shibaura, Suzue, Yanmar, etc. Donn\u00e9es techniques : Taille de la bague int\u00e9rieure: 38mm Dimension de la bague ext\u00e9rieure: 55 mm Exemple de tracteurs Kubota B5000, B5001, B6000, B6001, B6100, B7000, B7001, B7100 B4200 B1600, B1702&hellip;<\/p>\n","protected":false},"featured_media":67298,"comment_status":"open","ping_status":"open","template":"","meta":[],"product_cat":[433],"product_tag":[3894],"class_list":{"0":"post-18912","1":"product","2":"type-product","3":"status-publish","4":"has-post-thumbnail","6":"product_cat-radiateurs-fr","7":"product_tag-snelparts-fr","8":"pa_merk-airman-fr","9":"pa_merk-aixam-fr","10":"pa_merk-allis-chalmers-fr","11":"pa_merk-ami-fr","12":"pa_merk-atlas-fr","13":"pa_merk-ausa-fr","14":"pa_merk-avant-fr","15":"pa_merk-bobcat-fr","16":"pa_merk-bolens-fr","17":"pa_merk-branson-fr","18":"pa_merk-captain-tractor-fr","19":"pa_merk-carraro-fr","20":"pa_merk-casalini-fr","21":"pa_merk-case-fr","22":"pa_merk-case-ih-fr","23":"pa_merk-caterpillar-fr","24":"pa_merk-craftsman-marine-fr","25":"pa_merk-cub-cadet-fr","26":"pa_merk-cup-cadet-fr","27":"pa_merk-daewoo-fr","28":"pa_merk-denyo-fr","29":"pa_merk-deutz-fr","30":"pa_merk-deutz-allis-fr","31":"pa_merk-doosan-fr","32":"pa_merk-eurocomach-fr","33":"pa_merk-eurotrac-fr","34":"pa_merk-farmtrac-fr","35":"pa_merk-ford-fr","36":"pa_merk-giant-fr","37":"pa_merk-gutbrod-fr","38":"pa_merk-hako-fr","39":"pa_merk-hanix-fr","40":"pa_merk-hfl-fr","41":"pa_merk-hinomoto-fr","42":"pa_merk-hitachi-fr","43":"pa_merk-holder-fr","44":"pa_merk-hyundai-fr","45":"pa_merk-ingersoll-rand-fr","46":"pa_merk-iseki-fr","47":"pa_merk-j-f-marine-power-fr","48":"pa_merk-jcb-fr","49":"pa_merk-john-deere-fr","50":"pa_merk-kawasaki-fr","51":"pa_merk-kioti-fr","52":"pa_merk-kobelco-fr","53":"pa_merk-komatsu-fr","54":"pa_merk-kubota-fr","55":"pa_merk-kumiai-fr","56":"pa_merk-lamborghini-fr","57":"pa_merk-landini-fr","58":"pa_merk-landtrac-fr","59":"pa_merk-lokari-fr","60":"pa_merk-magnum-fr","61":"pa_merk-mahindra-fr","62":"pa_merk-manitou-fr","63":"pa_merk-massey-ferguson-fr","64":"pa_merk-mastervolt-fr","65":"pa_merk-mitsubishi-fr","66":"pa_merk-nagano-fr","67":"pa_merk-nanni-fr","68":"pa_merk-new-holland-fr","69":"pa_merk-noda-fr","70":"pa_merk-ok-fr","71":"pa_merk-peljob-fr","72":"pa_merk-perkins-fr","73":"pa_merk-ransomes-fr","74":"pa_merk-samofa-fr","75":"pa_merk-satoh-fr","76":"pa_merk-schaeff-fr","77":"pa_merk-schaffer-fr","78":"pa_merk-sdmo-fr","79":"pa_merk-shibaura-fr","80":"pa_merk-simplicity-fr","81":"pa_merk-sole-diesel-fr","82":"pa_merk-solis-fr","83":"pa_merk-sumitomo-fr","84":"pa_merk-suzue-fr","85":"pa_merk-takeuchi-fr","86":"pa_merk-takeushi-fr","87":"pa_merk-tcm-fr","88":"pa_merk-technogen-fr","89":"pa_merk-teksan-fr","90":"pa_merk-terex-fr","91":"pa_merk-thermoking-fr","92":"pa_merk-toro-fr","93":"pa_merk-triton-fr","94":"pa_merk-trixon-fr","95":"pa_merk-tym-fr","96":"pa_merk-vetus-fr","97":"pa_merk-volvo-fr","98":"pa_merk-weidemann-fr","99":"pa_merk-westerbeke-fr","100":"pa_merk-whisper-power-fr","101":"pa_merk-white-fr","102":"pa_merk-white-field-boss-fr","103":"pa_merk-white-oliver-fr","104":"pa_merk-yanmar-fr","105":"pa_merk-zen-noh-fr","106":"pa_merk-zeppelin-fr","108":"first","109":"instock","110":"featured","111":"taxable","112":"shipping-taxable","113":"purchasable","114":"product-type-simple","115":"col-xs-6 col-sm-4","116":"col-md-3 col-lg-3","117":"un-4-cols"},"_links":{"self":[{"href":"https:\/\/shop4trac.com\/fr\/wp-json\/wp\/v2\/product\/18912","targetHints":{"allow":["GET"]}}],"collection":[{"href":"https:\/\/shop4trac.com\/fr\/wp-json\/wp\/v2\/product"}],"about":[{"href":"https:\/\/shop4trac.com\/fr\/wp-json\/wp\/v2\/types\/product"}],"replies":[{"embeddable":true,"href":"https:\/\/shop4trac.com\/fr\/wp-json\/wp\/v2\/comments?post=18912"}],"wp:featuredmedia":[{"embeddable":true,"href":"https:\/\/shop4trac.com\/fr\/wp-json\/wp\/v2\/media\/67298"}],"wp:attachment":[{"href":"https:\/\/shop4trac.com\/fr\/wp-json\/wp\/v2\/media?parent=18912"}],"wp:term":[{"taxonomy":"product_cat","embeddable":true,"href":"https:\/\/shop4trac.com\/fr\/wp-json\/wp\/v2\/product_cat?post=18912"},{"taxonomy":"product_tag","embeddable":true,"href":"https:\/\/shop4trac.com\/fr\/wp-json\/wp\/v2\/product_tag?post=18912"}],"curies":[{"name":"wp","href":"https:\/\/api.w.org\/{rel}","templated":true}]}}