{"id":18424,"date":"2020-02-29T16:47:31","date_gmt":"2020-02-29T14:47:31","guid":{"rendered":"https:\/\/shop4trac.com\/product\/segments-de-piston-kubota-b-d850-moteur\/"},"modified":"2026-02-20T18:56:33","modified_gmt":"2026-02-20T17:56:33","slug":"segments-de-piston-kubota-b-d850-moteur","status":"publish","type":"product","link":"https:\/\/shop4trac.com\/fr\/pieces-de-moteur\/segments-de-piston\/segments-de-piston-kubota-b-d850-moteur\/","title":{"rendered":"Segments de piston Kubota D850 | D850BH | Moteur D850-5B"},"content":{"rendered":"<p>Les segments de piston sont de haute qualit\u00e9 <strong>europ\u00e9enne<\/strong> et les mod\u00e8les compatibles ont \u00e9t\u00e9 recherch\u00e9s avec le plus grand soin :<\/p>\n<p><strong>Kubota  <\/strong><\/p>\n<ul>\n<li>B1400, B1402, B1500, B1502, B1550, B6200, B40, B1-14, B1-15<\/li>\n<li>B6200D, B6200E, B6200HST-D, B6200HST-E, B1550D, B1550E, B1550HST-D, B1550HST-E<\/li>\n<li>B1400DT, B1500DT, B1402EDT, B1402DT, B1502E, B1502DT<\/li>\n<li>KH35 (excavatrice)<\/li>\n<\/ul>\n<p><strong>Zen-noh<\/strong><\/p>\n<ul>\n<li>ZB1400, ZB1402, ZB1500, ZB1502<\/li>\n<\/ul>\n<p><strong>Moteur Kubota<\/strong><\/p>\n<ul>\n<li>D850, D850BH, D850-5B<\/li>\n<\/ul>\n<p><strong>Taille<\/strong><\/p>\n<ul>\n<li>72mm<\/li>\n<\/ul>\n<p>Jeu complet de segments de piston par cylindre.<\/p>\n<p><span style=\"text-decoration: underline\">Le prix s&rsquo;applique par cylindre !<\/span><\/p>\n<p><strong>OEM pour r\u00e9f\u00e9rence<\/strong><\/p>\n<ul>\n<li>15901-21050<\/li>\n<\/ul>\n","protected":false},"excerpt":{"rendered":"<p>Les segments de piston sont de haute qualit\u00e9 europ\u00e9enne et les mod\u00e8les compatibles ont \u00e9t\u00e9 recherch\u00e9s avec le plus grand soin : Kubota B1400, B1402, B1500, B1502, B1550, B6200, B40, B1-14, B1-15 B6200D, B6200E, B6200HST-D, B6200HST-E, B1550D, B1550E, B1550HST-D, B1550HST-E B1400DT, B1500DT, B1402EDT, B1402DT, B1502E, B1502DT KH35 (excavatrice) Zen-noh ZB1400, ZB1402, ZB1500, ZB1502 Moteur Kubota&hellip;<\/p>\n","protected":false},"featured_media":30017,"comment_status":"open","ping_status":"open","template":"","meta":[],"product_cat":[464],"product_tag":[2657,3894],"class_list":{"0":"post-18424","1":"product","2":"type-product","3":"status-publish","4":"has-post-thumbnail","6":"product_cat-segments-de-piston","7":"product_tag-d850-fr","8":"product_tag-snelparts-fr","9":"pa_merk-kubota-fr","10":"pa_merk-zen-noh-fr","11":"pa_motor-d850-fr","13":"first","14":"instock","15":"sale","16":"taxable","17":"shipping-taxable","18":"purchasable","19":"product-type-simple","20":"col-xs-6 col-sm-4","21":"col-md-3 col-lg-3","22":"un-4-cols"},"_links":{"self":[{"href":"https:\/\/shop4trac.com\/fr\/wp-json\/wp\/v2\/product\/18424","targetHints":{"allow":["GET"]}}],"collection":[{"href":"https:\/\/shop4trac.com\/fr\/wp-json\/wp\/v2\/product"}],"about":[{"href":"https:\/\/shop4trac.com\/fr\/wp-json\/wp\/v2\/types\/product"}],"replies":[{"embeddable":true,"href":"https:\/\/shop4trac.com\/fr\/wp-json\/wp\/v2\/comments?post=18424"}],"wp:featuredmedia":[{"embeddable":true,"href":"https:\/\/shop4trac.com\/fr\/wp-json\/wp\/v2\/media\/30017"}],"wp:attachment":[{"href":"https:\/\/shop4trac.com\/fr\/wp-json\/wp\/v2\/media?parent=18424"}],"wp:term":[{"taxonomy":"product_cat","embeddable":true,"href":"https:\/\/shop4trac.com\/fr\/wp-json\/wp\/v2\/product_cat?post=18424"},{"taxonomy":"product_tag","embeddable":true,"href":"https:\/\/shop4trac.com\/fr\/wp-json\/wp\/v2\/product_tag?post=18424"}],"curies":[{"name":"wp","href":"https:\/\/api.w.org\/{rel}","templated":true}]}}