{"id":182586,"date":"2025-12-12T21:21:43","date_gmt":"2025-12-12T19:21:43","guid":{"rendered":"https:\/\/shop4trac.com\/non class\u00e9\/bouchon-de-carter-dhuile-bouchon-de-vidange-dhuile-moteur-avec-joint-kubota-z402-z602-d662-d1703-v1305-v3307\/"},"modified":"2026-04-14T22:45:29","modified_gmt":"2026-04-14T21:45:29","slug":"bouchon-de-carter-dhuile-bouchon-de-vidange-dhuile-moteur-avec-joint-kubota-z402-z602-d662-d1703-v1305-v3307","status":"publish","type":"product","link":"https:\/\/shop4trac.com\/fr\/filtres\/filtres-a-huile-moteur\/bouchon-de-carter-dhuile-bouchon-de-vidange-dhuile-moteur-avec-joint-kubota-z402-z602-d662-d1703-v1305-v3307\/","title":{"rendered":"Bouchon de carter d&rsquo;huile, bouchon de vidange d&rsquo;huile moteur avec joint | Kubota Z402 \u2013 Z602 | D662 \u2013 D1703 | V1305 \u2013 V3307"},"content":{"rendered":"<p><b>Joint d&rsquo;\u00e9tanch\u00e9it\u00e9 en cuivre de haute qualit\u00e9 pour le bouchon de vidange d&rsquo;huile | bouchon de vidange d&rsquo;huile moteur<\/b> Sp\u00e9cifiquement adapt\u00e9 aux <b>tracteurs Iseki<\/b> et \u00e0 diverses machines <b>Bolens<\/b>.<\/p>\n<p>Cette rondelle d&rsquo;\u00e9tanch\u00e9it\u00e9 garantit une fermeture parfaite du carter d&rsquo;huile. Lors de l&rsquo;entretien des moteurs diesel industriels et des microvoitures, il est essentiel de remplacer cette rondelle de mani\u00e8re pr\u00e9ventive pour \u00e9viter les fuites d&rsquo;huile et les pertes de pression. La rondelle s&rsquo;adapte \u00e0 la surface de contact du carter pour assurer une \u00e9tanch\u00e9it\u00e9 herm\u00e9tique.  <\/p>\n<p data-path-to-node=\"13\"><b>Sp\u00e9cifications du produit<\/b><\/p>\n<ul>\n<li data-path-to-node=\"14,0,0\"><b>Mat\u00e9riau :<\/b> Cuivre (Massif)<\/li>\n<li data-path-to-node=\"14,1,0\"><b>Type :<\/b> Joint d&rsquo;\u00e9tanch\u00e9it\u00e9 plat (Gasket)<\/li>\n<li data-path-to-node=\"14,2,0\"><b>Diam\u00e8tre int\u00e9rieur :<\/b> 13x19x1.5mm<\/li>\n<li data-path-to-node=\"14,3,0\"><b>Application :<\/b> Bouchon de vidange du carter (Huile moteur)<\/li>\n<\/ul>\n<p><strong>Moteur Kubota<\/strong><\/p>\n<ul>\n<li>\n<p data-path-to-node=\"21,0,0\"><b>S\u00e9rie Z :<\/b> Z402, Z482, Z602<\/p>\n<\/li>\n<li>\n<p data-path-to-node=\"21,1,0\"><b>S\u00e9rie D :<\/b> D662, D722, D782, D902, D905, D1005, D1105, D1305, D1503, D1703<\/p>\n<\/li>\n<li>\n<p data-path-to-node=\"21,2,0\"><b>S\u00e9rie V :<\/b> V1305, V1505, V1903, V2003, V2203, V2403, V3300, V3307<\/p>\n<\/li>\n<\/ul>\n<p><strong>OEM pour r\u00e9f\u00e9rence<\/strong><\/p>\n<ul>\n<li>15109-33660, 15109-3366-0<\/li>\n<\/ul>\n<p><strong>Mod\u00e8les compatibles<\/strong><\/p>\n<p data-path-to-node=\"1\"><b>Aichi<\/b><\/p>\n<ul>\n<li data-path-to-node=\"1\">FR300<\/li>\n<\/ul>\n<p data-path-to-node=\"2\"><b>Aixam<\/b><\/p>\n<ul>\n<li data-path-to-node=\"2\">400, 400.4, 400 Evolution, 500.4, 500.4 Minivan, 500.4 Pick-Up, 721, 741, City (2008-2016), Coupe (2010-2016), Crossline (2005-2016), Crossover (2010-2016), GTO, MEGA 1, MEGA 2, Pro D-Truck, Roadline, Scouty (2005-2010)<\/li>\n<\/ul>\n<p data-path-to-node=\"3\"><b>Ausa<\/b><\/p>\n<ul>\n<li data-path-to-node=\"3\">C 200 H, C 250 H, C 300 H, D 100, D 120, D 150, D 150 RM, D 150 RMA, D 150 RMG, D 175 RMS, D 250 AHG, D 300 AM, D 350 AHG, D 400 AHG, D 85<\/li>\n<\/ul>\n<p data-path-to-node=\"4\"><b>Avant<\/b><\/p>\n<ul>\n<li data-path-to-node=\"4\">314, 314S, 320, 320+, 320S, 320S+, 423, 514, 520, 520+, 523, 523+, 528, 630, 635, 640, R20, R28, R35<\/li>\n<\/ul>\n<p data-path-to-node=\"5\"><b>B\u00eata Marine<\/b><\/p>\n<ul>\n<li data-path-to-node=\"5\">B\u00eata 25<\/li>\n<\/ul>\n<p data-path-to-node=\"6\"><b>Bobcat<\/b><\/p>\n<ul>\n<li data-path-to-node=\"6\">316, 319, 320, 322, 323, 328, 425, 428, 430, 435, 443, 453C, 533, 543, 543B, 553, 553B, 753, 753C, 753F, 753G, 753H, 753L, 763, 763C, 763F, 763G, 773, 773C, 773F, 773G, 7753, 2200D, 2200S, 2300, E08, E10, E14, E16, E17, E17Z, E19, MT55, S70, S100, S160, S175, S185, S205, T190, T250, T300, X220, X320<\/li>\n<\/ul>\n<p data-path-to-node=\"7\"><b>Bomag<\/b><\/p>\n<ul>\n<li data-path-to-node=\"7\">BMP 8500, BW-100AC-5, BW-100AD-5, BW-120AC-5, BW-120AD-5<\/li>\n<\/ul>\n<p data-path-to-node=\"8\"><b>Sorci\u00e8re du foss\u00e9<\/b><\/p>\n<ul>\n<li data-path-to-node=\"8\">XT1600<\/li>\n<\/ul>\n<p data-path-to-node=\"9\"><b>Dynapac<\/b><\/p>\n<ul>\n<li data-path-to-node=\"9\">CC1100C, CC1200C<\/li>\n<\/ul>\n<p data-path-to-node=\"10\"><b>Eurocomach<\/b><\/p>\n<ul>\n<li data-path-to-node=\"10\">E245K, ES 28ZT, ES 35ZT, ES 350ZT, ES 40ZT, ES 400ZT, ES 500ZT<\/li>\n<\/ul>\n<p data-path-to-node=\"11\"><b>Eurotrac<\/b><\/p>\n<ul>\n<li data-path-to-node=\"11\">W11 K26, W12 K36<\/li>\n<\/ul>\n<p data-path-to-node=\"12\"><b>Genie<\/b><\/p>\n<ul>\n<li data-path-to-node=\"12\">AL-4000D1, GS-2668 RT, GS-3268 RT, RL-4000D1, Z-34\/22 IC<\/li>\n<\/ul>\n<p data-path-to-node=\"13\"><b>Giant<\/b><\/p>\n<ul>\n<li data-path-to-node=\"13\">3648, D202S, D204SW, D241S, D242S, D254SW, D261, D261S, D262S, D262SW, D263S, D263SW, D263SW X-tra<\/li>\n<li data-path-to-node=\"13\">D265, D331ST, D331SWT, D331T, D332ST, D332SWT, D335T, G1500, G1500 X-tra, G2200, G2200 X-tra, V361, V362, V45 Tele, V4501T, V4502T, V451T, V451T ECO, V452T, V452T HD, V5001, V5001T, V5002, V5003, V5003T, V6001T, V6004T<\/li>\n<\/ul>\n<p data-path-to-node=\"14\"><b>Hamm<\/b><\/p>\n<ul>\n<li data-path-to-node=\"14\">HD 8, HD 10, HD 10C, HD 12, HD 13, HD 13i, HD 14, HD 14i, HD 30, HD 35<\/li>\n<\/ul>\n<p data-path-to-node=\"15\"><b>Hanix<\/b><\/p>\n<ul>\n<li data-path-to-node=\"15\">H16D, H17D<\/li>\n<\/ul>\n<p data-path-to-node=\"16\"><b>Haulotte<\/b><\/p>\n<ul>\n<li data-path-to-node=\"16\">HA20RTJ, HA20RTJO, HA61RTJ<\/li>\n<\/ul>\n<p data-path-to-node=\"17\"><b>Hinomoto<\/b><\/p>\n<ul>\n<li data-path-to-node=\"17\">CX19, NX18<\/li>\n<li>\n<p class=\"p1\">NX19, NX21, NX23, NX25, NX26, NX27, NX29, NX32<\/p>\n<\/li>\n<li>\n<p class=\"p1\">Nx201, NX241, NX220, NX221, NX240, NX241, NX260, NX268, NX280, NX300, NX320, NX338<\/p>\n<\/li>\n<\/ul>\n<p data-path-to-node=\"18\"><b>Hitachi<\/b><\/p>\n<ul>\n<li data-path-to-node=\"18\">EX15-2, ZW30, ZW40, ZW50<\/li>\n<\/ul>\n<p data-path-to-node=\"19\"><b>Hyundai<\/b><\/p>\n<ul>\n<li data-path-to-node=\"19\">15D-7E, 15D-9S, 18D-7E, 18D-9S, 20D-9S, 20DA-7E, HDF 15-5, HDF 18-5, HSL500T, HSL650-7, HSL650-7A, HSL800T, R17Z-9A<\/li>\n<\/ul>\n<p data-path-to-node=\"20\"><b>IHI<\/b><\/p>\n<ul>\n<li data-path-to-node=\"20\">45V4, 55V4, 60V4, IC35<\/li>\n<\/ul>\n<p data-path-to-node=\"21\"><b>Ingersoll-Rand<\/b><\/p>\n<ul>\n<li data-path-to-node=\"21\">7\/20<\/li>\n<\/ul>\n<p data-path-to-node=\"22\"><b>JCB<\/b><\/p>\n<ul>\n<li data-path-to-node=\"22\">1T-HT, 2T-FT, 2T-HS, 2T-ST, 3T-FT, 3T-ST, 3.5T-ST, 403, TMT 20.17, VMT160, VMT260<\/li>\n<\/ul>\n<p data-path-to-node=\"23\"><b>JLG<\/b><\/p>\n<ul>\n<li data-path-to-node=\"23\">260MRT<\/li>\n<\/ul>\n<p data-path-to-node=\"24\"><b>Jungheinrich<\/b><\/p>\n<ul>\n<li data-path-to-node=\"24\">DFG 316, DFG 320, DFG 425, DFG 430, DFG 435<\/li>\n<\/ul>\n<p data-path-to-node=\"25\"><b>Komatsu<\/b> PC100-5<\/p>\n<p data-path-to-node=\"26\"><b>Kubota<\/b><\/p>\n<ul>\n<li data-path-to-node=\"26\">A-13, A-14, A-15, A-17, A-19, A-30, A155, A175, A195 B1-14, B1-15, B1-16, B1-17, B20, B21, B26, B40, B52, B72, B1121, B1200, B1220, B1400, B1402, B1410, B1500, B1502, B1550, B1600, B1610, B1620D, B1700, B1702, B1710, B1750, B1820<\/li>\n<li data-path-to-node=\"26\">B1830, B2100, B2110, B2301, B2320, B2400, B2410, B2530, B2620, B2630, B2710, B2910, B3000, B3030, B3150, B3350<\/li>\n<li data-path-to-node=\"26\">B5200, B6100, B6200, B7001, B7100, B7200, B7300, B7400, B7410, B7500, B7510, B7610, B7800, B8200<\/li>\n<li data-path-to-node=\"26\">BX1800, BX1830, BX1850, BX1860, BX1870, BX1880, BX22, BX23, BX24, BX25, BX2200, BX2230, BX2350, BX2360, BX2660, BX2670, BX2680<\/li>\n<li data-path-to-node=\"26\">F2100, F2260, F2400, F2560, F2680, F2690, F2880, F3060, FT21, FT23, FT25, FT28, FT30, FT220, FT240, FT300 G1700, G1800, G1900, G2160, G5200H<\/li>\n<li data-path-to-node=\"26\">GB110, GB115, GB13, GB14, GB15, GB16, GB130, GB135, GB140, GB150, GB155, GB160, GB1300<\/li>\n<li data-path-to-node=\"26\">GL26, GL27, GL29, GL32, GL33, GL260, GL261, GL268, GL277, GL280, GL281, GL300, GL301, GL320, GL321, GL337, GL338, GL6000, GL7000, GR1600<\/li>\n<li data-path-to-node=\"26\">GT-26, GT-30, GZD21 J106, J107, J112, J114, J315, J318, JB11, JB11X K008, K008-3, KC110, KH-021, KH-024, KH35, KH41, KH61<\/li>\n<li data-path-to-node=\"26\">KL24, KL26, KL27, KL28, KL30, KL31, KL33, KL34, KL36, KL43, KL225, KL245, KL265, KL270, KL280, KL285, KL300, KL315, KL330, KL340, KL345, KL360, KL430, KL2450<\/li>\n<li data-path-to-node=\"26\">KL2750, KL2850, KL3150, KL3450 KT27, KT30, KT215, KT235, KT255, KT280, KT285, KT300, KT305 KX015-4, KX016-4, KX018-4, KX019-4, KX027-4, KX030-4, KX033, KX040, KX080-3, KX36, KX41, KX57-4, KX61, KX71, KX91, KX101, KX121, KX161<\/li>\n<li data-path-to-node=\"26\">L1-22, L1-24, L1-225, L1-235, L1-245, L1-255, L1-275<\/li>\n<li data-path-to-node=\"26\">L45, L1361, L2501, L2900, L3010, L3130, L3200, L3240, L3300, L3301, L3400, L3408, L3430, L3540, L3560, L3800, L3830, L3901, L3940, L4200, L4240, L4300, L4310, L4330, L4350, L4400, L4600, L4610<\/li>\n<li data-path-to-node=\"26\">L4630, L4740, L5030, L5040, L5240, L5740 M6141, M7060, M126GX R310, R420, R520, RTV900, RTV1100, RTV1140, RTV-X900 SL3825<\/li>\n<li data-path-to-node=\"26\">ST30, ST35, STA-35, STV32, STV36, STV40, STW-34, STW-37, STW-40 T1600H, TG1860<\/li>\n<li data-path-to-node=\"26\">U15, U20, U25, U27, U30, U35, U36, U45, U50 XB-1 ZD18, ZD21, ZD28, ZD221, ZD323, ZD326, ZD1211, ZD1860<\/li>\n<\/ul>\n<p data-path-to-node=\"27\"><b>Kubota (Moteurs)<\/b><\/p>\n<ul>\n<li data-path-to-node=\"27\">D662, D722, D750, D782, D850, D902, D905, D950, D1005, D1105, D1305, D1462, D1503, D1703, D1803 V1305, V1505, V1903, V2003, V2203, V2403, V3300, V3307 Z402, Z482, Z602 <i>(Y compris les variantes telles que E, E2B, E3B, E4B, BH, T)<\/i><\/li>\n<\/ul>\n<p data-path-to-node=\"28\"><b>Manitou<\/b><\/p>\n<ul>\n<li data-path-to-node=\"28\">MH 20-4, MH 25-4, MSI 20, MSI 25, MSI 30, MSI 35, TMT 55 HT, TMT 55 XT, TMT 20.17<\/li>\n<\/ul>\n<p data-path-to-node=\"29\"><b>Marin<\/b><\/p>\n<ul>\n<li data-path-to-node=\"29\">560 (B), 710 (B), IS 7.1<\/li>\n<\/ul>\n<p data-path-to-node=\"30\"><b>Menzi Muck<\/b><\/p>\n<ul>\n<li data-path-to-node=\"30\">IHI 45v4, IHI 55v4, IHI 60v4, Max 30rk<\/li>\n<\/ul>\n<p data-path-to-node=\"31\"><b>Sakai<\/b><\/p>\n<ul>\n<li data-path-to-node=\"31\">SW300-1, SW320-1, SW330-1<\/li>\n<\/ul>\n<p data-path-to-node=\"32\"><b>Sch\u00e4ffer<\/b><\/p>\n<ul>\n<li data-path-to-node=\"32\">217, 217S, 221, 222, 336S, 448S, 450TS, 460T, 550TS, 660T, 668T, 861T, 963T, 964T, 2020, 2020S, 2021, 2022, 2024, 2033, 2033S, 2034, 2336, 2345, 2434, 2436, 2445, 3036, 3038, 3045, 3050S<\/li>\n<li data-path-to-node=\"32\">3150S, 3350, 3360, 3450, 3460, 3550, 3560, 4048, 4048S, 4050, 4160S, 4350, 4360, 4560T, 5050, 5058, 5060<\/li>\n<\/ul>\n<p data-path-to-node=\"33\"><b>Snorkel \/ Upright<\/b><\/p>\n<ul>\n<li data-path-to-node=\"33\">AB-46, AB46E, BOOM 46, SL26RT, SL30RT, X27RT, X33RT, X40RT<\/li>\n<\/ul>\n<p data-path-to-node=\"34\"><b>Steiner<\/b><\/p>\n<ul>\n<li data-path-to-node=\"34\">230, 525<\/li>\n<\/ul>\n<p data-path-to-node=\"35\"><b>Takeuchi<\/b><\/p>\n<ul>\n<li data-path-to-node=\"35\">TB210R<\/li>\n<\/ul>\n<p data-path-to-node=\"36\"><b>TCM<\/b><\/p>\n<ul>\n<li data-path-to-node=\"36\">707EN, 709EN<\/li>\n<\/ul>\n<p data-path-to-node=\"37\"><b>Tendo<\/b><\/p>\n<ul>\n<li data-path-to-node=\"37\">4548<\/li>\n<\/ul>\n<p data-path-to-node=\"38\"><b>Toro<\/b><\/p>\n<ul>\n<li data-path-to-node=\"38\">TX525<\/li>\n<\/ul>\n<p data-path-to-node=\"39\"><b>TYM<\/b><\/p>\n<ul>\n<li data-path-to-node=\"39\">T290, T300, T330<\/li>\n<\/ul>\n<p data-path-to-node=\"40\"><b>Vimek<\/b><\/p>\n<ul>\n<li data-path-to-node=\"40\">404, 608, 608.2<\/li>\n<\/ul>\n<p data-path-to-node=\"41\"><b>Volvo<\/b><\/p>\n<ul>\n<li data-path-to-node=\"41\">DD24, DD28, DD30, DD34<\/li>\n<\/ul>\n<p data-path-to-node=\"42\"><b>Wacker Neuson<\/b><\/p>\n<ul>\n<li data-path-to-node=\"42\">DT15<\/li>\n<\/ul>\n<p data-path-to-node=\"43\"><b>Zen-N\u00f4<\/b><\/p>\n<ul>\n<li data-path-to-node=\"43\">ZB1200, ZB1400, ZB1402, ZB1500, ZB1502, ZB1600, ZB1702, ZB5200, ZB7001, ZB7100<\/li>\n<\/ul>\n","protected":false},"excerpt":{"rendered":"<p>Joint d&rsquo;\u00e9tanch\u00e9it\u00e9 en cuivre de haute qualit\u00e9 pour le bouchon de vidange d&rsquo;huile | bouchon de vidange d&rsquo;huile moteur Sp\u00e9cifiquement adapt\u00e9 aux tracteurs Iseki et \u00e0 diverses machines Bolens. Cette rondelle d&rsquo;\u00e9tanch\u00e9it\u00e9 garantit une fermeture parfaite du carter d&rsquo;huile. Lors de l&rsquo;entretien des moteurs diesel industriels et des microvoitures, il est essentiel de remplacer cette&hellip;<\/p>\n","protected":false},"featured_media":181914,"comment_status":"","ping_status":"closed","template":"","meta":[],"product_cat":[431,428,8102],"product_tag":[],"class_list":{"0":"post-182586","1":"product","2":"type-product","3":"status-publish","4":"has-post-thumbnail","6":"product_cat-filtres-a-huile-moteur","7":"product_cat-jeux-de-filtres","8":"product_cat-joints-detancheite","9":"pa_merk-aixam-fr","10":"pa_merk-ausa-fr","11":"pa_merk-avant-fr","12":"pa_merk-beta-fr","13":"pa_merk-bobcat-fr","14":"pa_merk-eurocomach-fr","15":"pa_merk-eurotrac-fr","16":"pa_merk-genie-fr","17":"pa_merk-giant-fr","18":"pa_merk-hinomoto-fr","19":"pa_merk-hitachi-fr","20":"pa_merk-hyundai-fr","21":"pa_merk-jcb-fr","22":"pa_merk-jungheinrich-fr","23":"pa_merk-komatsu-fr","24":"pa_merk-kubota-fr","25":"pa_merk-schaffer-fr","26":"pa_merk-takeuchi-fr","27":"pa_merk-toro-fr","28":"pa_merk-tym-fr","29":"pa_merk-wacker-neuson-fr","30":"pa_merk-zen-noh-fr","32":"first","33":"instock","34":"sale","35":"taxable","36":"shipping-taxable","37":"purchasable","38":"product-type-simple","39":"col-xs-6 col-sm-4","40":"col-md-3 col-lg-3","41":"un-4-cols"},"_links":{"self":[{"href":"https:\/\/shop4trac.com\/fr\/wp-json\/wp\/v2\/product\/182586","targetHints":{"allow":["GET"]}}],"collection":[{"href":"https:\/\/shop4trac.com\/fr\/wp-json\/wp\/v2\/product"}],"about":[{"href":"https:\/\/shop4trac.com\/fr\/wp-json\/wp\/v2\/types\/product"}],"replies":[{"embeddable":true,"href":"https:\/\/shop4trac.com\/fr\/wp-json\/wp\/v2\/comments?post=182586"}],"wp:featuredmedia":[{"embeddable":true,"href":"https:\/\/shop4trac.com\/fr\/wp-json\/wp\/v2\/media\/181914"}],"wp:attachment":[{"href":"https:\/\/shop4trac.com\/fr\/wp-json\/wp\/v2\/media?parent=182586"}],"wp:term":[{"taxonomy":"product_cat","embeddable":true,"href":"https:\/\/shop4trac.com\/fr\/wp-json\/wp\/v2\/product_cat?post=182586"},{"taxonomy":"product_tag","embeddable":true,"href":"https:\/\/shop4trac.com\/fr\/wp-json\/wp\/v2\/product_tag?post=182586"}],"curies":[{"name":"wp","href":"https:\/\/api.w.org\/{rel}","templated":true}]}}