{"id":18240,"date":"2020-02-29T16:46:08","date_gmt":"2020-02-29T15:46:08","guid":{"rendered":"https:\/\/shop4trac.com\/product\/radiateur-yanmar-ym-serie\/"},"modified":"2026-03-27T15:00:03","modified_gmt":"2026-03-27T14:00:03","slug":"radiateur-yanmar-ym-serie","status":"publish","type":"product","link":"https:\/\/shop4trac.com\/fr\/refroidissement-et-radiateurs\/radiateurs-fr\/radiateur-yanmar-ym-serie\/","title":{"rendered":"Radiateur Yanmar YM135 \u2013 YM165 | YM1100 \u2013 YM1500 | 2TR13 \u2013 2TR15"},"content":{"rendered":"<p data-path-to-node=\"3\">La solution parfaite et la plus s\u00fbre pour remplacer un radiateur qui fuit ou qui est colmat\u00e9, afin que ta machine garde la t\u00eate froide m\u00eame lors des chaudes journ\u00e9es d\u2019\u00e9t\u00e9 !<\/p>\n<p data-path-to-node=\"4\">\u2714\ufe0f Qualit\u00e9 premium Snel Parts pour une dissipation thermique maximale<\/p>\n<p data-path-to-node=\"4\">\u2714\ufe0f Ajustement et raccords parfaits pour un montage rapide et sans faille<\/p>\n<p data-path-to-node=\"4\">\u2714\ufe0f Faisceau robuste, con\u00e7u pour un usage (agricole) intensif et durable<\/p>\n<p data-path-to-node=\"5\"><b data-path-to-node=\"5\" data-index-in-node=\"0\">Donn\u00e9es techniques :<\/b><\/p>\n<ul>\n<li data-path-to-node=\"6,0,0\"><b data-path-to-node=\"6,0,0\" data-index-in-node=\"0\">Type de pi\u00e8ce :<\/b> Radiateur<\/li>\n<li data-path-to-node=\"6,2,0\"><b data-path-to-node=\"6,2,0\" data-index-in-node=\"0\">Fonctionnement :<\/b> D\u00e9bit et capacit\u00e9 de refroidissement optimaux<\/li>\n<\/ul>\n<p data-path-to-node=\"7\"><b data-path-to-node=\"7\" data-index-in-node=\"0\">Moteur Yanmar<\/b><\/p>\n<ul>\n<li data-path-to-node=\"7\">2TR13, 2TR13A, 2TR15, 2TR15A<\/li>\n<\/ul>\n<p data-path-to-node=\"8\"><b data-path-to-node=\"8\" data-index-in-node=\"0\">Yanmar (Tracteurs)<\/b><\/p>\n<ul>\n<li data-path-to-node=\"8\">YM135, YM155, YM165, YM1100, YM1300, YM1500<\/li>\n<\/ul>\n<p data-path-to-node=\"9\"><b data-path-to-node=\"9\" data-index-in-node=\"0\">R\u00e9f\u00e9rence OEM :<\/b><\/p>\n<ul>\n<li data-path-to-node=\"9\">124060-44500, 124064-44500<\/li>\n<\/ul>\n<p>&nbsp;<\/p>\n<p>&nbsp;<\/p>\n","protected":false},"excerpt":{"rendered":"<p>&nbsp;<\/p>\n<p>&nbsp;<\/p>\n","protected":false},"featured_media":36691,"comment_status":"open","ping_status":"closed","template":"","meta":[],"product_cat":[433],"product_tag":[3894],"class_list":{"0":"post-18240","1":"product","2":"type-product","3":"status-publish","4":"has-post-thumbnail","6":"product_cat-radiateurs-fr","7":"product_tag-snelparts-fr","8":"pa_merk-yanmar-fr","9":"pa_model-ym1100-fr","10":"pa_model-ym1300-fr","11":"pa_model-ym135-fr","12":"pa_model-ym1500-fr","13":"pa_model-ym155-fr","14":"pa_model-ym16-fr","16":"first","17":"instock","18":"sale","19":"taxable","20":"shipping-taxable","21":"purchasable","22":"product-type-simple","23":"col-xs-6 col-sm-4","24":"col-md-3 col-lg-3","25":"un-4-cols"},"_links":{"self":[{"href":"https:\/\/shop4trac.com\/fr\/wp-json\/wp\/v2\/product\/18240","targetHints":{"allow":["GET"]}}],"collection":[{"href":"https:\/\/shop4trac.com\/fr\/wp-json\/wp\/v2\/product"}],"about":[{"href":"https:\/\/shop4trac.com\/fr\/wp-json\/wp\/v2\/types\/product"}],"replies":[{"embeddable":true,"href":"https:\/\/shop4trac.com\/fr\/wp-json\/wp\/v2\/comments?post=18240"}],"wp:featuredmedia":[{"embeddable":true,"href":"https:\/\/shop4trac.com\/fr\/wp-json\/wp\/v2\/media\/36691"}],"wp:attachment":[{"href":"https:\/\/shop4trac.com\/fr\/wp-json\/wp\/v2\/media?parent=18240"}],"wp:term":[{"taxonomy":"product_cat","embeddable":true,"href":"https:\/\/shop4trac.com\/fr\/wp-json\/wp\/v2\/product_cat?post=18240"},{"taxonomy":"product_tag","embeddable":true,"href":"https:\/\/shop4trac.com\/fr\/wp-json\/wp\/v2\/product_tag?post=18240"}],"curies":[{"name":"wp","href":"https:\/\/api.w.org\/{rel}","templated":true}]}}