{"id":182212,"date":"2025-12-10T21:34:49","date_gmt":"2025-12-10T19:34:49","guid":{"rendered":"https:\/\/shop4trac.com\/non class\u00e9\/pompe-a-carburant-pompe-dalimentation-kubota-v2607-v3307-v3800-bobcat\/"},"modified":"2025-12-10T22:01:17","modified_gmt":"2025-12-10T20:01:17","slug":"pompe-a-carburant-pompe-dalimentation-kubota-v2607-v3307-v3800-bobcat","status":"publish","type":"product","link":"https:\/\/shop4trac.com\/fr\/pieces-de-moteur\/pompe-de-levage-de-carburant\/pompe-a-carburant-pompe-dalimentation-kubota-v2607-v3307-v3800-bobcat\/","title":{"rendered":"Pompe \u00e0 carburant | Pompe d&rsquo;alimentation Kubota V2607 | V3307 | V3800 | Bobcat"},"content":{"rendered":"<p><b>Pompe d&rsquo;alimentation m\u00e9canique pour moteurs Kubota modernes.<\/b> Cette pompe \u00e0 carburant est sp\u00e9cialement con\u00e7ue pour la nouvelle g\u00e9n\u00e9ration de moteurs Kubota avec injection directe et syst\u00e8mes common rail.<\/p>\n<h5 data-path-to-node=\"5\"><b>Sp\u00e9cifications<\/b><\/h5>\n<ul>\n<li data-path-to-node=\"6,0,0\"><b>Type :<\/b> Pompe d&rsquo;alimentation m\u00e9canique (Membrane)<\/li>\n<li data-path-to-node=\"6,1,0\"><b>Entra\u00eenement :<\/b> Arbre \u00e0 cames<\/li>\n<li data-path-to-node=\"6,2,0\"><b>Raccordement :<\/b> Entr\u00e9e \/ Sortie (Noter le sens des fl\u00e8ches sur la pompe)<\/li>\n<li data-path-to-node=\"6,3,0\"><b>Application :<\/b> Moteurs Kubota s\u00e9rie -07 et -03-M (Tier 4)<\/li>\n<li data-path-to-node=\"6,4,0\"><b>Inclus :<\/b> Joint de montage<\/li>\n<\/ul>\n<p><strong>Kubota<\/strong><\/p>\n<ul data-path-to-node=\"16\">\n<li>KX057-4, KX080-3, KX080-4, KX080-4a, U48-4, U55-4, SVL75, SVL75-2, SVL90, SVL90-2, SSV65, SSV75<\/li>\n<li>\n<p data-path-to-node=\"16,0,0\">M4062, M4072, M5091, M5111, M6040, M6060, M7040, M7060, M8540, M8560, M9540, M9960<\/p>\n<\/li>\n<\/ul>\n<p><strong>Moteur Kubota<\/strong><\/p>\n<ul>\n<li>V2607-DI-T, V3307-DI-T, V3800-DI-T, V3007<\/li>\n<\/ul>\n<p><strong>Bobcat<\/strong><\/p>\n<ul>\n<li>S630, S650, S750, S770, S850, T630, T650, T750, T770, T870, A770<\/li>\n<\/ul>\n<p><strong>Takeuchi<\/strong><\/p>\n<ul>\n<li>TB260<\/li>\n<\/ul>\n<p><strong>OEM pour r\u00e9f\u00e9rence<\/strong><\/p>\n<ul>\n<li data-path-to-node=\"9,0,0\">1J710-52032, 1J710-52030, 1J710-52031, 1J71052032<\/li>\n<li>6691456<\/li>\n<\/ul>\n","protected":false},"excerpt":{"rendered":"<p>Pompe d&rsquo;alimentation m\u00e9canique pour moteurs Kubota modernes. Cette pompe \u00e0 carburant est sp\u00e9cialement con\u00e7ue pour la nouvelle g\u00e9n\u00e9ration de moteurs Kubota avec injection directe et syst\u00e8mes common rail. Sp\u00e9cifications Type : Pompe d&rsquo;alimentation m\u00e9canique (Membrane) Entra\u00eenement : Arbre \u00e0 cames Raccordement : Entr\u00e9e \/ Sortie (Noter le sens des fl\u00e8ches sur la pompe) Application :&hellip;<\/p>\n","protected":false},"featured_media":182573,"comment_status":"","ping_status":"closed","template":"","meta":[],"product_cat":[8114],"product_tag":[],"class_list":{"0":"post-182212","1":"product","2":"type-product","3":"status-publish","4":"has-post-thumbnail","6":"product_cat-pompe-de-levage-de-carburant","7":"pa_merk-bobcat-fr","8":"pa_merk-kubota-fr","9":"pa_merk-takeuchi-fr","11":"first","12":"instock","13":"sale","14":"taxable","15":"shipping-taxable","16":"purchasable","17":"product-type-simple","18":"col-xs-6 col-sm-4","19":"col-md-3 col-lg-3","20":"un-4-cols"},"_links":{"self":[{"href":"https:\/\/shop4trac.com\/fr\/wp-json\/wp\/v2\/product\/182212","targetHints":{"allow":["GET"]}}],"collection":[{"href":"https:\/\/shop4trac.com\/fr\/wp-json\/wp\/v2\/product"}],"about":[{"href":"https:\/\/shop4trac.com\/fr\/wp-json\/wp\/v2\/types\/product"}],"replies":[{"embeddable":true,"href":"https:\/\/shop4trac.com\/fr\/wp-json\/wp\/v2\/comments?post=182212"}],"wp:featuredmedia":[{"embeddable":true,"href":"https:\/\/shop4trac.com\/fr\/wp-json\/wp\/v2\/media\/182573"}],"wp:attachment":[{"href":"https:\/\/shop4trac.com\/fr\/wp-json\/wp\/v2\/media?parent=182212"}],"wp:term":[{"taxonomy":"product_cat","embeddable":true,"href":"https:\/\/shop4trac.com\/fr\/wp-json\/wp\/v2\/product_cat?post=182212"},{"taxonomy":"product_tag","embeddable":true,"href":"https:\/\/shop4trac.com\/fr\/wp-json\/wp\/v2\/product_tag?post=182212"}],"curies":[{"name":"wp","href":"https:\/\/api.w.org\/{rel}","templated":true}]}}