{"id":18100,"date":"2020-02-29T16:46:25","date_gmt":"2020-02-29T15:46:25","guid":{"rendered":"https:\/\/shop4trac.com\/product\/kit-de-revision-moteur-iseki-tx-1300\/"},"modified":"2026-04-06T09:26:42","modified_gmt":"2026-04-06T08:26:42","slug":"kit-de-revision-iseki-tx-1300-moteur","status":"publish","type":"product","link":"https:\/\/shop4trac.com\/fr\/pieces-de-moteur\/kit-de-revision-moteur\/kit-de-revision-iseki-tx-1300-moteur\/","title":{"rendered":"Kit de r\u00e9vision moteur Mitsubishi KE70 Iseki | Bolens | Satoh | Suzue"},"content":{"rendered":"<p>Le kit de r\u00e9paration est adapt\u00e9 \u00e0 la r\u00e9vision d&rsquo;un moteur :<\/p>\n<ul>\n<li>Ensemble complet de joints pour : joint de culasse (jeu), palier de vilebrequin, joints de tige de soupape, joints d&rsquo;\u00e9chappement, joints d&rsquo;admission, joints et autres joints comme illustr\u00e9.<\/li>\n<li>2 pistons complets + segments de piston<\/li>\n<li>Kit de roulements g\u00e9n\u00e9ral comprenant : roulements de bielle, roulements principaux.<\/li>\n<li>Al\u00e9sage : 73 mm<\/li>\n<\/ul>\n<p>Gamme de mod\u00e8les correspondant \u00e0 la Mitsubishi KE70 :<\/p>\n<p><strong>Iseki<\/strong><\/p>\n<ul>\n<li>TX1300, TX1300F<\/li>\n<\/ul>\n<p><strong>Bolens<\/strong><\/p>\n<ul>\n<li>G152<\/li>\n<\/ul>\n<p><strong>Mitsubishi <\/strong><\/p>\n<ul>\n<li>D1300, MT1301, MT372<\/li>\n<\/ul>\n<p><strong>Satoh<\/strong><\/p>\n<ul>\n<li>ST1300, ST1300D<\/li>\n<li>Castor S370<\/li>\n<\/ul>\n<p><strong>Suzue<\/strong><\/p>\n<ul>\n<li>M1301, M1301D<\/li>\n<\/ul>\n","protected":false},"excerpt":{"rendered":"<p>Le kit de r\u00e9paration est adapt\u00e9 \u00e0 la r\u00e9vision d&rsquo;un moteur : Ensemble complet de joints pour : joint de culasse (jeu), palier de vilebrequin, joints de tige de soupape, joints d&rsquo;\u00e9chappement, joints d&rsquo;admission, joints et autres joints comme illustr\u00e9. 2 pistons complets + segments de piston Kit de roulements g\u00e9n\u00e9ral comprenant : roulements de&hellip;<\/p>\n","protected":false},"featured_media":89910,"comment_status":"open","ping_status":"closed","template":"","meta":[],"product_cat":[458],"product_tag":[3894],"class_list":{"0":"post-18100","1":"product","2":"type-product","3":"status-publish","4":"has-post-thumbnail","6":"product_cat-kit-de-revision-moteur","7":"product_tag-snelparts-fr","8":"pa_merk-bolens-fr","9":"pa_merk-iseki-fr","10":"pa_merk-mitsubishi-fr","11":"pa_merk-satoh-fr","12":"pa_merk-suzue-fr","13":"pa_motor-ke70-fr","15":"first","16":"onbackorder","17":"taxable","18":"shipping-taxable","19":"purchasable","20":"product-type-variable","21":"has-default-attributes","22":"col-xs-6 col-sm-4","23":"col-md-3 col-lg-3","24":"un-4-cols"},"_links":{"self":[{"href":"https:\/\/shop4trac.com\/fr\/wp-json\/wp\/v2\/product\/18100","targetHints":{"allow":["GET"]}}],"collection":[{"href":"https:\/\/shop4trac.com\/fr\/wp-json\/wp\/v2\/product"}],"about":[{"href":"https:\/\/shop4trac.com\/fr\/wp-json\/wp\/v2\/types\/product"}],"replies":[{"embeddable":true,"href":"https:\/\/shop4trac.com\/fr\/wp-json\/wp\/v2\/comments?post=18100"}],"wp:featuredmedia":[{"embeddable":true,"href":"https:\/\/shop4trac.com\/fr\/wp-json\/wp\/v2\/media\/89910"}],"wp:attachment":[{"href":"https:\/\/shop4trac.com\/fr\/wp-json\/wp\/v2\/media?parent=18100"}],"wp:term":[{"taxonomy":"product_cat","embeddable":true,"href":"https:\/\/shop4trac.com\/fr\/wp-json\/wp\/v2\/product_cat?post=18100"},{"taxonomy":"product_tag","embeddable":true,"href":"https:\/\/shop4trac.com\/fr\/wp-json\/wp\/v2\/product_tag?post=18100"}],"curies":[{"name":"wp","href":"https:\/\/api.w.org\/{rel}","templated":true}]}}