{"id":17706,"date":"2020-02-29T16:46:17","date_gmt":"2020-02-29T15:46:17","guid":{"rendered":"https:\/\/shop4trac.com\/product\/jeu-de-filtres-iseki-ta-landleader\/"},"modified":"2026-03-28T17:53:21","modified_gmt":"2026-03-28T16:53:21","slug":"filtre-iseki-ta-landleader","status":"publish","type":"product","link":"https:\/\/shop4trac.com\/fr\/filtres\/jeux-de-filtres\/filtre-iseki-ta-landleader\/","title":{"rendered":"Kit de filtre Iseki TA Landleader | TA207 \u2013 TA287F | TA317F \u2013 TA530 | TA538 \u2013 5040"},"content":{"rendered":"<h4><b>\u2705 Kit de filtre | Kit d&rsquo;entretien pour <\/b><b>tracteurs Iseki TA et Landleader<\/b><\/h4>\n<p class=\"p3\"><b>Le kit d&rsquo;entretien complet pour 500 heures de fonctionnement \u2013 commencez imm\u00e9diatement en toute confiance !<\/b><b><\/b><\/p>\n<p class=\"p4\">Ce kit est soigneusement compos\u00e9 pour les tracteurs Iseki <span class=\"s2\"><b>TA<\/b><\/span> et <span class=\"s2\"><b>Landleader<\/b><\/span>. Il contient tous les filtres essentiels pour que votre tracteur fonctionne de mani\u00e8re fluide et fiable. <\/p>\n<p><strong>Tr\u00e8s important&nbsp;! Ce kit <span style=\"text-decoration: underline;\">comprend un joint en cuivre pour le bouchon de vidange.<\/span> On oublie souvent le joint du bouchon de vidange, ce qui entra\u00eene des fuites d\u2019huile. Il doit toujours \u00eatre remplac\u00e9&nbsp;!  <\/strong><\/p>\n<h3><b>Contenu du kit :<\/b><\/h3>\n<p class=\"p3\"><span class=\"s3\">\u2714\ufe0f <\/span><b>Filtre \u00e0 air<\/b><b><\/b><\/p>\n<ul>\n<li class=\"p1\">Diam\u00e8tre ext\u00e9rieur : <span class=\"s1\"><b>102 mm<\/b><b><\/b><\/span><\/li>\n<li class=\"p1\">Diam\u00e8tre int\u00e9rieur : <span class=\"s1\"><b>66 mm<\/b><b><\/b><\/span><\/li>\n<li class=\"p1\">Raccord m\u00e9tallique (plaque sup\u00e9rieure) : <span class=\"s1\"><b>146 mm<\/b><b><\/b><\/span><\/li>\n<li class=\"p1\">Longueur : <span class=\"s1\"><b>260 mm<\/b><\/span><\/li>\n<\/ul>\n<p class=\"p3\"><span class=\"s3\">\u2714\ufe0f <\/span><b>Filtre \u00e0 carburant<\/b><b><\/b><\/p>\n<ul>\n<li class=\"p1\">Diam\u00e8tre ext\u00e9rieur : <span class=\"s1\"><b>50 mm<\/b><b><\/b><\/span><\/li>\n<li class=\"p1\">Diam\u00e8tre int\u00e9rieur : <span class=\"s1\"><b>20 mm<\/b><b><\/b><\/span><\/li>\n<li class=\"p1\">Longueur : <span class=\"s1\"><b>89 mm<\/b><\/span><\/li>\n<\/ul>\n<p class=\"p3\"><span class=\"s3\">\u2714\ufe0f <\/span><b>Filtre \u00e0 huile<\/b><b><\/b><\/p>\n<ul>\n<li class=\"p4\">(Mod\u00e8le sp\u00e9cifique adapt\u00e9 \u00e0 la s\u00e9rie TA\/Landleader \u2013 s&rsquo;ajuste parfaitement !)<\/li>\n<\/ul>\n<p><span class=\"s2\">\u2714\ufe0f <\/span><b>Bouchon de carter<\/b><\/p>\n<ul>\n<li>Joint en cuivre pour \u00e9viter les fuites d&rsquo;huile<\/li>\n<\/ul>\n<p>Convient aux types suivants :<\/p>\n<p><strong>Iseki Landleader (y compris F)<\/strong><\/p>\n<ul>\n<li>TA250, TA255, TA262, TA267, TA275, TA287, TA312, TA317, TA525, TA530<\/li>\n<li>TA207, TA210, TA215, TA227, TA230, TA235, TA247, TA250, TA255, TA262, TA267, TA270, TA287, TA317<\/li>\n<li>TA250F, TA255F, TA262F, TA267F, TA275F, TA287F, TA312F, TA317F, TA525F, TA530F<\/li>\n<li>TA207F, TA210F, TA215F, TA227F, TA230F, TA235F, TA247F, TA250F, TA255F, TA262F, TA267F, TA270F, TA287F, TA317F<\/li>\n<li>TA538 \u2013 TA 5040 (Allemand).<\/li>\n<\/ul>\n<p><strong>Massey ferguson<\/strong><\/p>\n<ul>\n<li>1250<\/li>\n<\/ul>\n<p><strong>OEM pour r\u00e9f\u00e9rence<\/strong><\/p>\n<ul>\n<li>6213-240-001-00, 621324000100 \u2013 <strong>Filtre \u00e0 huile<\/strong><\/li>\n<li>1513-102-329-00, 151310232900 \u2013 <strong>Filtre \u00e0 carburant<\/strong><\/li>\n<li>1560-103-202-40, 156010320240 \u2013 <strong>Filtre \u00e0 air<\/strong><\/li>\n<\/ul>\n","protected":false},"excerpt":{"rendered":"<p>\u2705 Kit de filtre | Kit d&rsquo;entretien pour tracteurs Iseki TA et Landleader Le kit d&rsquo;entretien complet pour 500 heures de fonctionnement \u2013 commencez imm\u00e9diatement en toute confiance ! Ce kit est soigneusement compos\u00e9 pour les tracteurs Iseki TA et Landleader. Il contient tous les filtres essentiels pour que votre tracteur fonctionne de mani\u00e8re fluide&hellip;<\/p>\n","protected":false},"featured_media":182390,"comment_status":"open","ping_status":"closed","template":"","meta":[],"product_cat":[428],"product_tag":[3894],"class_list":{"0":"post-17706","1":"product","2":"type-product","3":"status-publish","4":"has-post-thumbnail","6":"product_cat-jeux-de-filtres","7":"product_tag-snelparts-fr","8":"pa_merk-iseki-fr","9":"pa_merk-massey-ferguson-fr","11":"first","12":"instock","13":"sale","14":"taxable","15":"shipping-taxable","16":"purchasable","17":"product-type-simple","18":"col-xs-6 col-sm-4","19":"col-md-3 col-lg-3","20":"un-4-cols"},"_links":{"self":[{"href":"https:\/\/shop4trac.com\/fr\/wp-json\/wp\/v2\/product\/17706","targetHints":{"allow":["GET"]}}],"collection":[{"href":"https:\/\/shop4trac.com\/fr\/wp-json\/wp\/v2\/product"}],"about":[{"href":"https:\/\/shop4trac.com\/fr\/wp-json\/wp\/v2\/types\/product"}],"replies":[{"embeddable":true,"href":"https:\/\/shop4trac.com\/fr\/wp-json\/wp\/v2\/comments?post=17706"}],"wp:featuredmedia":[{"embeddable":true,"href":"https:\/\/shop4trac.com\/fr\/wp-json\/wp\/v2\/media\/182390"}],"wp:attachment":[{"href":"https:\/\/shop4trac.com\/fr\/wp-json\/wp\/v2\/media?parent=17706"}],"wp:term":[{"taxonomy":"product_cat","embeddable":true,"href":"https:\/\/shop4trac.com\/fr\/wp-json\/wp\/v2\/product_cat?post=17706"},{"taxonomy":"product_tag","embeddable":true,"href":"https:\/\/shop4trac.com\/fr\/wp-json\/wp\/v2\/product_tag?post=17706"}],"curies":[{"name":"wp","href":"https:\/\/api.w.org\/{rel}","templated":true}]}}