{"id":17705,"date":"2020-02-29T16:46:17","date_gmt":"2020-02-29T15:46:17","guid":{"rendered":"https:\/\/shop4trac.com\/product\/jeu-de-filtres-iseki-tm-txg\/"},"modified":"2026-04-14T07:45:12","modified_gmt":"2026-04-14T06:45:12","slug":"jeu-de-filtres-iseki-tm-txg","status":"publish","type":"product","link":"https:\/\/shop4trac.com\/fr\/filtres\/jeux-de-filtres\/jeu-de-filtres-iseki-tm-txg\/","title":{"rendered":"Kit de filtre Iseki TM15 \u2013 TM3240 | TXG23 \u2013 TXG237 | SIAL153 \u2013 SIAL 173 | SXG17 \u2013 SXG22 | SGR17 \u2013 SGR22"},"content":{"rendered":"<p class=\"p1\"><span class=\"s1\">\u2705 <\/span><b>Kit de filtre | Kit d&rsquo;entretien pour tracteurs Iseki TM \/ TXG \/ TH \/ TF<\/b><b><\/b><\/p>\n<p class=\"p3\">Puissance compacte, protection fiable \u2013 tout ce dont vous avez besoin pour un entretien sans souci de votre tracteur Iseki.<\/p>\n<p class=\"p3\">Ce kit d&rsquo;entretien est soigneusement compos\u00e9 pour les s\u00e9ries modernes TM, TXG, TH et TF. Id\u00e9al pour l&rsquo;entretien p\u00e9riodique ou la r\u00e9vision compl\u00e8te. <\/p>\n<p class=\"p3\">\u2e3b<\/p>\n<p class=\"p1\"><span class=\"s1\">? <\/span><b>Contenu du kit :<\/b><b><\/b><\/p>\n<p class=\"p1\"><span class=\"s1\">\u2714\ufe0f <\/span><b>Filtre \u00e0 huile<\/b><b><\/b><\/p>\n<p class=\"p3\">(convient aux TM \/ TXG \/ TH \/ TF \u2013 selon le mod\u00e8le)<\/p>\n<p class=\"p1\"><span class=\"s1\">\u2714\ufe0f <\/span><b>Filtre \u00e0 carburant<\/b><b><\/b><\/p>\n<ul>\n<li class=\"p3\">Diam\u00e8tre ext\u00e9rieur : 35 mm<\/li>\n<li class=\"p3\">Diam\u00e8tre int\u00e9rieur : 12 mm<\/li>\n<li class=\"p3\">Longueur : 70 mm<\/li>\n<\/ul>\n<p class=\"p1\"><span class=\"s1\">\u2714\ufe0f <\/span><b>Filtre \u00e0 air<\/b><b><\/b><\/p>\n<ul>\n<li class=\"p3\">Diam\u00e8tre ext\u00e9rieur : 95 mm<\/li>\n<li class=\"p3\">Diam\u00e8tre int\u00e9rieur : 45 mm<\/li>\n<li class=\"p3\">Longueur : 180 mm<\/li>\n<\/ul>\n<p><strong>Iseki<\/strong><\/p>\n<ul>\n<li>TM15, TM17<\/li>\n<li>TM215, TM217, TM223<\/li>\n<li>TM3160, TM3200, TM3215, TM3240<\/li>\n<li>TXG23, TXG237<\/li>\n<li>SXG19, SXG22<\/li>\n<li>SGR17, SGR19, SGR22<\/li>\n<li>Chasseur de Sial TH18<\/li>\n<li>SIAL 153, SIAL 173, TF153, TF173<\/li>\n<\/ul>\n<p><strong>OEM pour r\u00e9f\u00e9rence<\/strong><\/p>\n<ul>\n<li>1415-102-011-00 \/ 1415-102-0110-0 \/ 141510201100<\/li>\n<li>1672-105-211-00 \/ 1672-105-2110-0 \/ 167210521100<\/li>\n<\/ul>\n","protected":false},"excerpt":{"rendered":"<p>\u2705 Kit de filtre | Kit d&rsquo;entretien pour tracteurs Iseki TM \/ TXG \/ TH \/ TF Puissance compacte, protection fiable \u2013 tout ce dont vous avez besoin pour un entretien sans souci de votre tracteur Iseki. Ce kit d&rsquo;entretien est soigneusement compos\u00e9 pour les s\u00e9ries modernes TM, TXG, TH et TF. Id\u00e9al pour l&rsquo;entretien&hellip;<\/p>\n","protected":false},"featured_media":31995,"comment_status":"open","ping_status":"open","template":"","meta":[],"product_cat":[428],"product_tag":[3894],"class_list":{"0":"post-17705","1":"product","2":"type-product","3":"status-publish","4":"has-post-thumbnail","6":"product_cat-jeux-de-filtres","7":"product_tag-snelparts-fr","8":"pa_merk-iseki-fr","10":"first","11":"instock","12":"sale","13":"taxable","14":"shipping-taxable","15":"purchasable","16":"product-type-simple","17":"col-xs-6 col-sm-4","18":"col-md-3 col-lg-3","19":"un-4-cols"},"_links":{"self":[{"href":"https:\/\/shop4trac.com\/fr\/wp-json\/wp\/v2\/product\/17705","targetHints":{"allow":["GET"]}}],"collection":[{"href":"https:\/\/shop4trac.com\/fr\/wp-json\/wp\/v2\/product"}],"about":[{"href":"https:\/\/shop4trac.com\/fr\/wp-json\/wp\/v2\/types\/product"}],"replies":[{"embeddable":true,"href":"https:\/\/shop4trac.com\/fr\/wp-json\/wp\/v2\/comments?post=17705"}],"wp:featuredmedia":[{"embeddable":true,"href":"https:\/\/shop4trac.com\/fr\/wp-json\/wp\/v2\/media\/31995"}],"wp:attachment":[{"href":"https:\/\/shop4trac.com\/fr\/wp-json\/wp\/v2\/media?parent=17705"}],"wp:term":[{"taxonomy":"product_cat","embeddable":true,"href":"https:\/\/shop4trac.com\/fr\/wp-json\/wp\/v2\/product_cat?post=17705"},{"taxonomy":"product_tag","embeddable":true,"href":"https:\/\/shop4trac.com\/fr\/wp-json\/wp\/v2\/product_tag?post=17705"}],"curies":[{"name":"wp","href":"https:\/\/api.w.org\/{rel}","templated":true}]}}