{"id":17704,"date":"2020-02-29T16:46:17","date_gmt":"2020-02-29T15:46:17","guid":{"rendered":"https:\/\/shop4trac.com\/product\/jeu-de-filtres-iseki-tu-tx\/"},"modified":"2026-04-07T06:31:03","modified_gmt":"2026-04-07T05:31:03","slug":"filtre-set-iseki-tu-tx","status":"publish","type":"product","link":"https:\/\/shop4trac.com\/fr\/filtres\/jeux-de-filtres\/filtre-set-iseki-tu-tx\/","title":{"rendered":"Kit de filtre Iseki TX1210 \u2013 TX2160 | Bolens G152 \u2013 G174 | H1704"},"content":{"rendered":"<h4><b>\u2705 Kit de filtre | Kit d&rsquo;entretien pour <\/b><b>tracteurs Iseki TU et TX<\/b><\/h4>\n<p class=\"p3\"><b>Performances compactes \u2013 filtres fiables pour votre Iseki.<\/b><b><\/b><\/p>\n<p class=\"p4\">Ce kit d&rsquo;entretien est soigneusement compos\u00e9 pour les tracteurs des s\u00e9ries Iseki TU et TX. Id\u00e9al pour l&rsquo;entretien r\u00e9gulier ou la r\u00e9vision compl\u00e8te, avec des filtres parfaitement adapt\u00e9s \u00e0 votre tracteur japonais. <\/p>\n<p><strong>Tr\u00e8s important ! Ce kit inclut le joint en cuivre du bouchon de carter. Souvent, le joint du bouchon de vidange d&rsquo;huile est oubli\u00e9, ce qui provoque des fuites d&rsquo;huile. Il doit toujours \u00eatre remplac\u00e9 !   <\/strong><\/p>\n<h3><b>Contenu du kit :<\/b><\/h3>\n<p class=\"p3\"><span class=\"s2\">\u2714\ufe0f <\/span><b>Filtre \u00e0 huile<\/b><b><\/b><\/p>\n<p class=\"p4\"><i>(sp\u00e9cifications selon le mod\u00e8le \u2013 convient aux s\u00e9ries TU et TX)<\/i><i><\/i><\/p>\n<p class=\"p3\"><span class=\"s2\">\u2714\ufe0f <\/span><b>Filtre \u00e0 carburant<\/b><b><\/b><\/p>\n<ul>\n<li class=\"p1\">Diam\u00e8tre ext\u00e9rieur : <span class=\"s1\"><b>29 mm<\/b><b><\/b><\/span><\/li>\n<li class=\"p1\">Diam\u00e8tre int\u00e9rieur : <span class=\"s1\"><b>13 mm<\/b><b><\/b><\/span><\/li>\n<li class=\"p1\">Longueur : <span class=\"s1\"><b>58 mm<\/b><\/span><\/li>\n<\/ul>\n<p class=\"p3\"><span class=\"s2\">\u2714\ufe0f <\/span><b>Filtre \u00e0 air<\/b><b><\/b><\/p>\n<ul>\n<li class=\"p1\">Longueur : <span class=\"s1\"><b>185 mm<\/b><b><\/b><\/span><\/li>\n<li class=\"p1\">(environ <span class=\"s1\"><b>7,25 pouces<\/b><\/span> de longueur)<\/li>\n<\/ul>\n<p><span class=\"s2\">\u2714\ufe0f <\/span><b>Bouchon de carter<\/b><\/p>\n<ul>\n<li>Joint en cuivre pour \u00e9viter les fuites d&rsquo;huile<\/li>\n<\/ul>\n<p><strong>Iseki<\/strong><\/p>\n<ul>\n<li>TU1400, TU1400F TU1500, TU1500F TU1600, TU1600F TU1401, TU1501, TU1601<\/li>\n<li>TX145, TX155, TX144F, TX155F<\/li>\n<li>TX1210, TX1410, TX1410F TX1510, TX1510F (Tenir compte de la longueur du filtre \u00e0 air)<\/li>\n<li>TX2140, TX2160<\/li>\n<\/ul>\n<p><strong>Mitsubishi <\/strong><\/p>\n<ul>\n<li>MT160, MT180<\/li>\n<\/ul>\n<p><strong>Bolens<\/strong><\/p>\n<ul>\n<li>H1704, G152, G154, G172, G174<\/li>\n<\/ul>\n<p><strong>Patron de champ blanc<\/strong><\/p>\n<ul>\n<li>FB16<\/li>\n<\/ul>\n<p><strong>OEM pour r\u00e9f\u00e9rence<\/strong><\/p>\n<ul>\n<li>5650-040-4879-0, 565004048790 \u2013 <strong>Filtre \u00e0 carburant<\/strong><\/li>\n<li>142710128400, 1427-101-2840-0 \u2013 <strong>Filtre \u00e0 air<\/strong><\/li>\n<li>5669-665-4000-0, 566966540000 \u2013 <strong>Filtre \u00e0 huile moteur<\/strong><\/li>\n<\/ul>\n","protected":false},"excerpt":{"rendered":"<p>\u2705 Kit de filtre | Kit d&rsquo;entretien pour tracteurs Iseki TU et TX Performances compactes \u2013 filtres fiables pour votre Iseki. Ce kit d&rsquo;entretien est soigneusement compos\u00e9 pour les tracteurs des s\u00e9ries Iseki TU et TX. Id\u00e9al pour l&rsquo;entretien r\u00e9gulier ou la r\u00e9vision compl\u00e8te, avec des filtres parfaitement adapt\u00e9s \u00e0 votre tracteur japonais. Tr\u00e8s important&hellip;<\/p>\n","protected":false},"featured_media":181937,"comment_status":"open","ping_status":"closed","template":"","meta":[],"product_cat":[428],"product_tag":[3894],"class_list":{"0":"post-17704","1":"product","2":"type-product","3":"status-publish","4":"has-post-thumbnail","6":"product_cat-jeux-de-filtres","7":"product_tag-snelparts-fr","8":"pa_merk-bolens-fr","9":"pa_merk-iseki-fr","11":"first","12":"instock","13":"sale","14":"featured","15":"taxable","16":"shipping-taxable","17":"purchasable","18":"product-type-simple","19":"col-xs-6 col-sm-4","20":"col-md-3 col-lg-3","21":"un-4-cols"},"_links":{"self":[{"href":"https:\/\/shop4trac.com\/fr\/wp-json\/wp\/v2\/product\/17704","targetHints":{"allow":["GET"]}}],"collection":[{"href":"https:\/\/shop4trac.com\/fr\/wp-json\/wp\/v2\/product"}],"about":[{"href":"https:\/\/shop4trac.com\/fr\/wp-json\/wp\/v2\/types\/product"}],"replies":[{"embeddable":true,"href":"https:\/\/shop4trac.com\/fr\/wp-json\/wp\/v2\/comments?post=17704"}],"wp:featuredmedia":[{"embeddable":true,"href":"https:\/\/shop4trac.com\/fr\/wp-json\/wp\/v2\/media\/181937"}],"wp:attachment":[{"href":"https:\/\/shop4trac.com\/fr\/wp-json\/wp\/v2\/media?parent=17704"}],"wp:term":[{"taxonomy":"product_cat","embeddable":true,"href":"https:\/\/shop4trac.com\/fr\/wp-json\/wp\/v2\/product_cat?post=17704"},{"taxonomy":"product_tag","embeddable":true,"href":"https:\/\/shop4trac.com\/fr\/wp-json\/wp\/v2\/product_tag?post=17704"}],"curies":[{"name":"wp","href":"https:\/\/api.w.org\/{rel}","templated":true}]}}