{"id":17673,"date":"2020-02-29T16:48:05","date_gmt":"2020-02-29T15:48:05","guid":{"rendered":"https:\/\/shop4trac.com\/product\/jeu-de-filtres-mitsubishi-mt1301-mt1401-mt1601-noda-satoh\/"},"modified":"2026-03-24T20:26:32","modified_gmt":"2026-03-24T19:26:32","slug":"jeu-de-filtres-mitsubishi-mt1301-mt1401-mt1601-noda-satoh","status":"publish","type":"product","link":"https:\/\/shop4trac.com\/fr\/filtres\/jeux-de-filtres\/jeu-de-filtres-mitsubishi-mt1301-mt1401-mt1601-noda-satoh\/","title":{"rendered":"Kit de filtre Mitsubishi MT1301 | MT1401 | MT1601 | Noda | Satoh"},"content":{"rendered":"<p>Kit d&rsquo;entretien pour Mitsubishi<\/p>\n<p><span style=\"text-decoration: underline;\"><strong>Tr\u00e8s important ! Ce kit inclut le joint en cuivre du bouchon de carter. Souvent, le joint du bouchon de vidange d&rsquo;huile est oubli\u00e9, ce qui provoque des fuites d&rsquo;huile. Il doit toujours \u00eatre remplac\u00e9 !   <\/strong><\/span><\/p>\n<p>Comprenant :<\/p>\n<ul>\n<li>Filtre \u00e0 huile<\/li>\n<li>Filtre \u00e0 carburant<\/li>\n<li>Filtre \u00e0 air<\/li>\n<li>Joint de bouchon de carter<\/li>\n<\/ul>\n<p>Convient aux types suivants :<\/p>\n<p><strong>Mitsubishi <\/strong><\/p>\n<ul>\n<li>MT1301, MT1401, MT1601<\/li>\n<\/ul>\n<p><strong>Noda  <\/strong><\/p>\n<ul>\n<li>NR1301, NR1501<\/li>\n<\/ul>\n<p><strong>Satoh <\/strong><\/p>\n<ul>\n<li>ST1300, ST1420, ST1440 ST1510, ST1520, ST1540<\/li>\n<\/ul>\n<p>&nbsp;<\/p>\n","protected":false},"excerpt":{"rendered":"<p>Kit d&rsquo;entretien pour Mitsubishi Tr\u00e8s important ! Ce kit inclut le joint en cuivre du bouchon de carter. Souvent, le joint du bouchon de vidange d&rsquo;huile est oubli\u00e9, ce qui provoque des fuites d&rsquo;huile. Il doit toujours \u00eatre remplac\u00e9 ! Comprenant : Filtre \u00e0 huile Filtre \u00e0 carburant Filtre \u00e0 air Joint de bouchon de&hellip;<\/p>\n","protected":false},"featured_media":181960,"comment_status":"open","ping_status":"closed","template":"","meta":[],"product_cat":[428],"product_tag":[3894],"class_list":{"0":"post-17673","1":"product","2":"type-product","3":"status-publish","4":"has-post-thumbnail","6":"product_cat-jeux-de-filtres","7":"product_tag-snelparts-fr","8":"pa_merk-kumiai-fr","9":"pa_merk-mitsubishi-fr","10":"pa_merk-noda-fr","11":"pa_merk-satoh-fr","13":"first","14":"instock","15":"sale","16":"taxable","17":"shipping-taxable","18":"purchasable","19":"product-type-simple","20":"col-xs-6 col-sm-4","21":"col-md-3 col-lg-3","22":"un-4-cols"},"_links":{"self":[{"href":"https:\/\/shop4trac.com\/fr\/wp-json\/wp\/v2\/product\/17673","targetHints":{"allow":["GET"]}}],"collection":[{"href":"https:\/\/shop4trac.com\/fr\/wp-json\/wp\/v2\/product"}],"about":[{"href":"https:\/\/shop4trac.com\/fr\/wp-json\/wp\/v2\/types\/product"}],"replies":[{"embeddable":true,"href":"https:\/\/shop4trac.com\/fr\/wp-json\/wp\/v2\/comments?post=17673"}],"wp:featuredmedia":[{"embeddable":true,"href":"https:\/\/shop4trac.com\/fr\/wp-json\/wp\/v2\/media\/181960"}],"wp:attachment":[{"href":"https:\/\/shop4trac.com\/fr\/wp-json\/wp\/v2\/media?parent=17673"}],"wp:term":[{"taxonomy":"product_cat","embeddable":true,"href":"https:\/\/shop4trac.com\/fr\/wp-json\/wp\/v2\/product_cat?post=17673"},{"taxonomy":"product_tag","embeddable":true,"href":"https:\/\/shop4trac.com\/fr\/wp-json\/wp\/v2\/product_tag?post=17673"}],"curies":[{"name":"wp","href":"https:\/\/api.w.org\/{rel}","templated":true}]}}