{"id":17536,"date":"2020-02-29T16:47:21","date_gmt":"2020-02-29T15:47:21","guid":{"rendered":"https:\/\/shop4trac.com\/product\/culasse-kubota-a-15-a-155-d905\/"},"modified":"2026-03-11T09:54:53","modified_gmt":"2026-03-11T08:54:53","slug":"cilinderkop-kubota-a-15-a-155-d905-motor","status":"publish","type":"product","link":"https:\/\/shop4trac.com\/fr\/pieces-de-moteur\/culasses\/cilinderkop-kubota-a-15-a-155-d905-motor\/","title":{"rendered":"Culasse compl\u00e8te Kubota D905 | 3D72 | D905E | D905B"},"content":{"rendered":"<h4><b>Variante 1. Culasse compl\u00e8te avec soupapes et ressorts \u2013 pr\u00eate \u00e0 monter <\/b><\/h4>\n<p class=\"p3\">Cette nouvelle culasse est fabriqu\u00e9e \u00e0 partir de mat\u00e9riaux de haute qualit\u00e9 et est livr\u00e9e compl\u00e8te, avec les soupapes et les ressorts mont\u00e9s. Gr\u00e2ce \u00e0 l&rsquo;assemblage complet, vous n&rsquo;avez pas besoin de transf\u00e9rer ou d&rsquo;ajuster des pi\u00e8ces. <\/p>\n<p class=\"p3\">\u2705 Enti\u00e8rement assembl\u00e9e<\/p>\n<p class=\"p3\">\u2705 Soupapes et ressorts inclus<\/p>\n<p class=\"p3\">\u2705 Aucun r\u00e9glage suppl\u00e9mentaire n\u00e9cessaire<\/p>\n<p class=\"p3\">\u2705 Pr\u00eate \u00e0 monter imm\u00e9diatement<\/p>\n<p class=\"p3\">Une solution pr\u00eate \u00e0 l&#8217;emploi qui permet de gagner du temps en atelier et minimise le risque d&rsquo;erreurs de montage.<\/p>\n<p class=\"p3\">Cette culasse a \u00e9t\u00e9 soigneusement associ\u00e9e aux mod\u00e8les compatibles ci-dessous.<\/p>\n<hr>\n<h4><b>Variante 2. Culasse nue \u2013 avec si\u00e8ges de soupapes pr\u00e9-mont\u00e9s <\/b><\/h4>\n<p class=\"p3\">Cette culasse est fabriqu\u00e9e \u00e0 partir de mat\u00e9riaux de haute qualit\u00e9 et est livr\u00e9e comme une culasse nue avec des si\u00e8ges de soupapes d\u00e9j\u00e0 mont\u00e9s. La culasse est ainsi pr\u00eate pour un assemblage ult\u00e9rieur avec vos composants existants ou nouveaux. <\/p>\n<p class=\"p3\">\u2705 Nouvelle culasse de haute qualit\u00e9<\/p>\n<p class=\"p3\">\u2705 Si\u00e8ges de soupapes d\u00e9j\u00e0 mont\u00e9s<\/p>\n<p class=\"p3\">\u2705 Pr\u00eate pour un assemblage ult\u00e9rieur<\/p>\n<p class=\"p3\">\u2705 Adapt\u00e9e pour la r\u00e9vision ou une application sur mesure<\/p>\n<p class=\"p3\">Id\u00e9ale pour ceux qui veulent garder le contr\u00f4le sur l&rsquo;assemblage final ou r\u00e9utiliser des pi\u00e8ces sp\u00e9cifiques.<\/p>\n<p class=\"p3\">La culasse convient aux mod\u00e8les suivants :<\/p>\n<p><strong>Moteur Kubota<\/strong><\/p>\n<ul>\n<li>D905, 3D72, D905E, D905B<\/li>\n<li>D905-E2B\/E2BG<\/li>\n<\/ul>\n<p><strong>Kubota  <\/strong><\/p>\n<ul>\n<li>A15, A155<\/li>\n<li>B20, B72, B1700, B1710, B1830<\/li>\n<li>BX22, BX23, BX2200<\/li>\n<li>GB15, GB16, GB150, GB155, GB160<\/li>\n<li>F2100<\/li>\n<li>B1700D, B1700HSD, B1710D, BX2200<\/li>\n<\/ul>\n<p><strong>Genie<\/strong><\/p>\n<ul>\n<li>Z-34\/22 IC (100 -&gt; 1186), Z-34\/22 IC (1187 -&gt; 3241), Z-34\/22 IC (3242 -&gt; 3334), Z-34\/22 IC (3335 -&gt; 4799), Z-34\/22 IC (Z3406-4800 -&gt;)<\/li>\n<li>GS-2668 RT (Niveau 2, 43886 \u2013 44770) (-2007), GS-2668 RT (101 \u2013 41999) (-2007), GS-2668 RT (42000 \u2013 43885) (-2007), GS-3268 RT ( Niveau 2, 43886 \u2013 44770) (-2007), GS-3268 RT (Niveau 2, 44771 -) (2008 et versions ult\u00e9rieures), GS-3268 RT (101 \u2013 41999) (-2007), GS-3268 RT (42000 \u2013 43885) (-2007)<\/li>\n<li>AL-4000D1 (FKF-13923 -&gt;), RL-4000D1 (FOF-15979 -&gt;)<\/li>\n<\/ul>\n<p><strong>Giant<\/strong><\/p>\n<ul>\n<li>D241S<\/li>\n<\/ul>\n<p><strong>JCB<\/strong><\/p>\n<ul>\n<li>1T-HT<\/li>\n<\/ul>\n<p><strong>J.L.G<\/strong><\/p>\n<ul>\n<li>260MRT<\/li>\n<\/ul>\n<p><strong>Sch\u00e4ffer<\/strong><\/p>\n<ul>\n<li>2022<\/li>\n<\/ul>\n<p><strong>Snorkel\/Upright<\/strong><\/p>\n<ul>\n<li>AB-46 I\/C (Kubota D905 S\/N 1000 -&gt;), AB46E I\/C (Kubota D905E), BOOM 46 (Kubota D905)<\/li>\n<li>SL26RT (Kubota D905), SL30RT (Kubota D905), X27RT (Kubota D905, S\/N 10131 -&gt;), X33RT (Kubota D905, S\/N 10131 -&gt;), X40RT (Kubota D905), X40RT (Kubota D905)<\/li>\n<\/ul>\n<p><strong>Hinomoto<\/strong><\/p>\n<ul>\n<li>CX19, NX18<\/li>\n<\/ul>\n<p><strong>Steiner<\/strong><\/p>\n<ul>\n<li>525<\/li>\n<\/ul>\n<p><strong>OEM pour r\u00e9f\u00e9rence<\/strong><\/p>\n<ul>\n<li>16020-03040<\/li>\n<\/ul>\n","protected":false},"excerpt":{"rendered":"<p>Variante 1. Culasse compl\u00e8te avec soupapes et ressorts \u2013 pr\u00eate \u00e0 monter Cette nouvelle culasse est fabriqu\u00e9e \u00e0 partir de mat\u00e9riaux de haute qualit\u00e9 et est livr\u00e9e compl\u00e8te, avec les soupapes et les ressorts mont\u00e9s. Gr\u00e2ce \u00e0 l&rsquo;assemblage complet, vous n&rsquo;avez pas besoin de transf\u00e9rer ou d&rsquo;ajuster des pi\u00e8ces. \u2705 Enti\u00e8rement assembl\u00e9e \u2705 Soupapes et&hellip;<\/p>\n","protected":false},"featured_media":153223,"comment_status":"open","ping_status":"open","template":"","meta":[],"product_cat":[450],"product_tag":[2666,3894],"class_list":{"0":"post-17536","1":"product","2":"type-product","3":"status-publish","4":"has-post-thumbnail","6":"product_cat-culasses","7":"product_tag-d905-fr","8":"product_tag-snelparts-fr","9":"pa_merk-giant-fr","10":"pa_merk-hinomoto-fr","11":"pa_merk-jcb-fr","12":"pa_merk-kubota-fr","13":"pa_merk-schaffer-fr","14":"pa_motor-d905-fr","16":"first","17":"instock","18":"sale","19":"taxable","20":"shipping-taxable","21":"purchasable","22":"product-type-variable","23":"col-xs-6 col-sm-4","24":"col-md-3 col-lg-3","25":"un-4-cols"},"_links":{"self":[{"href":"https:\/\/shop4trac.com\/fr\/wp-json\/wp\/v2\/product\/17536","targetHints":{"allow":["GET"]}}],"collection":[{"href":"https:\/\/shop4trac.com\/fr\/wp-json\/wp\/v2\/product"}],"about":[{"href":"https:\/\/shop4trac.com\/fr\/wp-json\/wp\/v2\/types\/product"}],"replies":[{"embeddable":true,"href":"https:\/\/shop4trac.com\/fr\/wp-json\/wp\/v2\/comments?post=17536"}],"wp:featuredmedia":[{"embeddable":true,"href":"https:\/\/shop4trac.com\/fr\/wp-json\/wp\/v2\/media\/153223"}],"wp:attachment":[{"href":"https:\/\/shop4trac.com\/fr\/wp-json\/wp\/v2\/media?parent=17536"}],"wp:term":[{"taxonomy":"product_cat","embeddable":true,"href":"https:\/\/shop4trac.com\/fr\/wp-json\/wp\/v2\/product_cat?post=17536"},{"taxonomy":"product_tag","embeddable":true,"href":"https:\/\/shop4trac.com\/fr\/wp-json\/wp\/v2\/product_tag?post=17536"}],"curies":[{"name":"wp","href":"https:\/\/api.w.org\/{rel}","templated":true}]}}