{"id":17245,"date":"2020-02-29T17:45:25","date_gmt":"2020-02-29T15:45:25","guid":{"rendered":"https:\/\/shop4trac.com\/product\/pompe-a-eau-hinomoto-c174\/"},"modified":"2025-09-26T18:50:22","modified_gmt":"2025-09-26T16:50:22","slug":"pompe-a-eau-hinomoto-c174","status":"publish","type":"product","link":"https:\/\/shop4trac.com\/fr\/refroidissement-et-radiateurs\/pompes-a-eau\/pompe-a-eau-hinomoto-c174\/","title":{"rendered":"Pompe \u00e0 eau Hinomoto C174 | C172 | C144 | C142 | Toyosha"},"content":{"rendered":"<p>Pompe \u00e0 eau de qualit\u00e9 <strong><span style=\"text-decoration: underline\">Premium<\/span><\/strong> adapt\u00e9e pour :<\/p>\n<p><strong>Hinomoto<\/strong><\/p>\n<ul>\n<li>C142, C144, C172, C174,<\/li>\n<li>E202, E204, E222, E224, E1802, E1804<\/li>\n<\/ul>\n<p><strong>Gutbrod<\/strong><\/p>\n<ul>\n<li>4200, 4250<\/li>\n<\/ul>\n<p><strong>Massey Ferguson<\/strong><\/p>\n<ul>\n<li>1010<\/li>\n<\/ul>\n<p><strong>Allis Chalmers <\/strong><\/p>\n<ul>\n<li>5015<\/li>\n<\/ul>\n<p><strong>Deutz-Allis<\/strong><\/p>\n<ul>\n<li>5215<\/li>\n<\/ul>\n<p><strong>Simplicit\u00e9<\/strong><\/p>\n<ul>\n<li>9518<\/li>\n<\/ul>\n<p><strong>Moteur<\/strong><\/p>\n<p>Toyosha&nbsp;:&nbsp;CS86, CS100<\/p>\n<p><strong>OEM pour r\u00e9f\u00e9rence<\/strong><\/p>\n<ul>\n<li>72103891, 6105615001<\/li>\n<li>6051-6150-00-1 6051615001. 3281281M1<\/li>\n<li>3284086M91. A-3284086M91<\/li>\n<\/ul>\n<p>\u2705 Y compris le joint correspondant<\/p>\n","protected":false},"excerpt":{"rendered":"<p>Pompe \u00e0 eau de qualit\u00e9 Premium adapt\u00e9e pour : Hinomoto C142, C144, C172, C174, E202, E204, E222, E224, E1802, E1804 Gutbrod 4200, 4250 Massey Ferguson 1010 Allis Chalmers 5015 Deutz-Allis 5215 Simplicit\u00e9 9518 Moteur Toyosha&nbsp;:&nbsp;CS86, CS100 OEM pour r\u00e9f\u00e9rence 72103891, 6105615001 6051-6150-00-1 6051615001. 3281281M1 3284086M91. A-3284086M91 \u2705 Y compris le joint correspondant<\/p>\n","protected":false},"featured_media":27621,"comment_status":"open","ping_status":"open","template":"","meta":[],"product_cat":[437],"product_tag":[3894],"class_list":{"0":"post-17245","1":"product","2":"type-product","3":"status-publish","4":"has-post-thumbnail","6":"product_cat-pompes-a-eau","7":"product_tag-snelparts-fr","8":"pa_merk-allis-chalmers-fr","9":"pa_merk-deutz-allis-fr","10":"pa_merk-gutbrod-fr","11":"pa_merk-hinomoto-fr","12":"pa_merk-massey-ferguson-fr","13":"pa_merk-simplicity-fr","14":"pa_model-4200-fr","15":"pa_model-4250-fr","16":"pa_model-c142-fr","17":"pa_model-c144-fr","18":"pa_model-c172-fr","19":"pa_model-c174-fr","20":"pa_model-e1802-fr","21":"pa_model-e1804-fr","22":"pa_model-e202-fr","23":"pa_model-e204-fr","24":"pa_model-e222-fr","25":"pa_model-e224-fr","26":"pa_motor-cs100-fr","27":"pa_motor-cs88-fr","29":"first","30":"instock","31":"sale","32":"taxable","33":"shipping-taxable","34":"purchasable","35":"product-type-simple","36":"col-xs-6 col-sm-4","37":"col-md-3 col-lg-3","38":"un-4-cols"},"_links":{"self":[{"href":"https:\/\/shop4trac.com\/fr\/wp-json\/wp\/v2\/product\/17245","targetHints":{"allow":["GET"]}}],"collection":[{"href":"https:\/\/shop4trac.com\/fr\/wp-json\/wp\/v2\/product"}],"about":[{"href":"https:\/\/shop4trac.com\/fr\/wp-json\/wp\/v2\/types\/product"}],"replies":[{"embeddable":true,"href":"https:\/\/shop4trac.com\/fr\/wp-json\/wp\/v2\/comments?post=17245"}],"wp:featuredmedia":[{"embeddable":true,"href":"https:\/\/shop4trac.com\/fr\/wp-json\/wp\/v2\/media\/27621"}],"wp:attachment":[{"href":"https:\/\/shop4trac.com\/fr\/wp-json\/wp\/v2\/media?parent=17245"}],"wp:term":[{"taxonomy":"product_cat","embeddable":true,"href":"https:\/\/shop4trac.com\/fr\/wp-json\/wp\/v2\/product_cat?post=17245"},{"taxonomy":"product_tag","embeddable":true,"href":"https:\/\/shop4trac.com\/fr\/wp-json\/wp\/v2\/product_tag?post=17245"}],"curies":[{"name":"wp","href":"https:\/\/api.w.org\/{rel}","templated":true}]}}