{"id":17220,"date":"2020-02-29T17:45:34","date_gmt":"2020-02-29T15:45:34","guid":{"rendered":"https:\/\/shop4trac.com\/product\/pompe-a-eau-hinomoto-e2602-e2604-e2802-e2804\/"},"modified":"2025-08-16T17:17:05","modified_gmt":"2025-08-16T15:17:05","slug":"pompe-a-eau-hinomoto-e2602-e2604-e2802-e2804","status":"publish","type":"product","link":"https:\/\/shop4trac.com\/fr\/refroidissement-et-radiateurs\/pompes-a-eau\/pompe-a-eau-hinomoto-e2602-e2604-e2802-e2804\/","title":{"rendered":"Pompe \u00e0 eau Hinomoto E2602 | E2604 | E2802 | E2804 Massey Ferguson"},"content":{"rendered":"<p class=\"p1\">\u2705 Pompe \u00e0 eau | Pour moteurs Toyosha S139, S150  S200<\/p>\n<p class=\"p1\">Refroidissement fiable \u2013 fonctionnement optimal de votre tracteur japonais.<\/p>\n<p class=\"p1\">Cette pompe \u00e0 eau convient \u00e0 divers tracteurs Hinomoto, Massey Ferguson et Allis Chalmers \u00e9quip\u00e9s de moteurs Toyosha. La pompe est livr\u00e9e avec le joint correspondant, vous permettant de l&rsquo;installer imm\u00e9diatement. <\/p>\n<p class=\"p1\">? Caract\u00e9ristiques :<\/p>\n<p class=\"p1\">\u2714\ufe0f Convient aux moteurs Toyosha S139, S150 et S200<\/p>\n<p class=\"p1\">\u2714\ufe0f<strong><span style=\"text-decoration: underline;\"> Joint inclus pour le montage<\/span> \u2705<\/strong><\/p>\n<p class=\"p1\">\u2714\ufe0f Assure un refroidissement efficace du moteur<\/p>\n<p class=\"p1\">? Sp\u00e9cifications techniques :<\/p>\n<ul>\n<li>\n<p class=\"p1\">Moteur : Toyosha S139, S150, S200<\/p>\n<\/li>\n<\/ul>\n<hr>\n<p class=\"p4\"><b>HinomoTo<\/b><b><\/b><\/p>\n<ul>\n<li>\n<p class=\"p1\">E2602, E2604, E2802, E2804<\/p>\n<\/li>\n<li>\n<p class=\"p1\">E204, E262, E322, E324, E394<\/p>\n<\/li>\n<\/ul>\n<p class=\"p4\"><b>Massey Ferguson<\/b><b><\/b><\/p>\n<ul>\n<li>\n<p class=\"p1\">1040, 1045<\/p>\n<\/li>\n<\/ul>\n<p class=\"p4\"><b>Allis Chalmers (moteur Toyosha)<\/b><b><\/b><\/p>\n<ul>\n<li>\n<p class=\"p1\">6140<\/p>\n<\/li>\n<\/ul>\n<hr>\n<p class=\"p4\"><b>OEM pour r\u00e9f\u00e9rence :<\/b><b><\/b><\/p>\n<ul>\n<li>\n<p class=\"p1\">3436674M91<\/p>\n<\/li>\n<li>\n<p class=\"p1\">3436671V91<\/p>\n<\/li>\n<li>\n<p class=\"p1\">3436674V91<\/p>\n<\/li>\n<li>\n<p class=\"p1\">72099891-R<\/p>\n<\/li>\n<li>\n<p class=\"p1\">2099891<\/p>\n<\/li>\n<li>\n<p class=\"p1\">72099891<\/p>\n<\/li>\n<\/ul>\n","protected":false},"excerpt":{"rendered":"<p><strong>\u2705 Y compris le joint correspondant<\/strong><\/p>\n","protected":false},"featured_media":67756,"comment_status":"open","ping_status":"closed","template":"","meta":[],"product_cat":[437],"product_tag":[3894],"class_list":{"0":"post-17220","1":"product","2":"type-product","3":"status-publish","4":"has-post-thumbnail","6":"product_cat-pompes-a-eau","7":"product_tag-snelparts-fr","8":"pa_merk-allis-chalmers-fr","9":"pa_merk-hinomoto-fr","10":"pa_merk-massey-ferguson-fr","11":"pa_model-1040-fr","12":"pa_model-1045-fr","13":"pa_model-6140-fr","14":"pa_model-e204-fr","15":"pa_model-e2602-fr","16":"pa_model-e2604-fr","17":"pa_model-e262-fr","18":"pa_model-e2802-fr","19":"pa_model-e2804-fr","20":"pa_model-e322-fr","21":"pa_model-e324-fr","22":"pa_model-e394-fr","23":"pa_motor-s139-fr","24":"pa_motor-s150-fr","25":"pa_motor-s200-fr","27":"first","28":"instock","29":"sale","30":"taxable","31":"shipping-taxable","32":"purchasable","33":"product-type-simple","34":"col-xs-6 col-sm-4","35":"col-md-3 col-lg-3","36":"un-4-cols"},"_links":{"self":[{"href":"https:\/\/shop4trac.com\/fr\/wp-json\/wp\/v2\/product\/17220","targetHints":{"allow":["GET"]}}],"collection":[{"href":"https:\/\/shop4trac.com\/fr\/wp-json\/wp\/v2\/product"}],"about":[{"href":"https:\/\/shop4trac.com\/fr\/wp-json\/wp\/v2\/types\/product"}],"replies":[{"embeddable":true,"href":"https:\/\/shop4trac.com\/fr\/wp-json\/wp\/v2\/comments?post=17220"}],"wp:featuredmedia":[{"embeddable":true,"href":"https:\/\/shop4trac.com\/fr\/wp-json\/wp\/v2\/media\/67756"}],"wp:attachment":[{"href":"https:\/\/shop4trac.com\/fr\/wp-json\/wp\/v2\/media?parent=17220"}],"wp:term":[{"taxonomy":"product_cat","embeddable":true,"href":"https:\/\/shop4trac.com\/fr\/wp-json\/wp\/v2\/product_cat?post=17220"},{"taxonomy":"product_tag","embeddable":true,"href":"https:\/\/shop4trac.com\/fr\/wp-json\/wp\/v2\/product_tag?post=17220"}],"curies":[{"name":"wp","href":"https:\/\/api.w.org\/{rel}","templated":true}]}}