{"id":17216,"date":"2020-02-29T17:45:34","date_gmt":"2020-02-29T16:45:34","guid":{"rendered":"https:\/\/shop4trac.com\/product\/pompe-a-eau-iseki-ta-landleader-tu-landhope-18cv-te-tl\/"},"modified":"2026-03-25T18:40:53","modified_gmt":"2026-03-25T17:40:53","slug":"pompe-a-eau-iseki-ta-landleader-tu-landhope-from-18pk-te-tl","status":"publish","type":"product","link":"https:\/\/shop4trac.com\/fr\/refroidissement-et-radiateurs\/pompes-a-eau\/pompe-a-eau-iseki-ta-landleader-tu-landhope-from-18pk-te-tl\/","title":{"rendered":"Pompe \u00e0 eau Iseki TA 207- TA267F | TU Landhope TU180-TU257 | TE | TL"},"content":{"rendered":"<p>Cette pompe \u00e0 eau est de <strong>haute qualit\u00e9<\/strong> et avec grand soin les mod\u00e8les compatibles ont \u00e9t\u00e9 recherch\u00e9s !<\/p>\n<p><strong>Bolens<\/strong><\/p>\n<ul>\n<li>G212, G214, G272, G274<\/li>\n<\/ul>\n<p><strong>Iseki<\/strong><\/p>\n<ul>\n<li>TA207, TA210, TA215, TA227, TA230, TA235, TA247, TA250, TA255, TA262, TA267, TA270, TA287, TA317<\/li>\n<li>TA530, 5040, 5035<\/li>\n<li>TU180, TU185, TU197, TU200, TU205, TU217<strong>(attention \u00e0 la version !<\/strong>), TU220, TU225, TU237, TU240, TU245, TU257<\/li>\n<li>TE3210<\/li>\n<li>Iseki TL1900, TL2100, TL2101, TL2300, TL2301, TL2500, TL2501, TL2700, TL2701<\/li>\n<li>TE4270, TE4350<\/li>\n<\/ul>\n<p><strong>Patron de champ blanc<\/strong><\/p>\n<ul>\n<li>21, 31<\/li>\n<\/ul>\n<p><strong>Massey Ferguson<\/strong><\/p>\n<ul>\n<li>1125, 1140, 1145, 1240 (avec moteur Isuzu !), 1250 (avec moteur Isuzu), 1260 (avec moteur Isuzu)<\/li>\n<\/ul>\n<p><strong>OEM pour r\u00e9f\u00e9rence<\/strong><\/p>\n<ul>\n<li>6123-610-002-0, 61236100020<\/li>\n<li>6213-611-001-00, 6123-610-001-00<\/li>\n<li>3704180M91, 3704180M92<\/li>\n<\/ul>\n<p>\u2705 Y compris le joint correspondant<\/p>\n","protected":false},"excerpt":{"rendered":"<p>Cette pompe \u00e0 eau est de haute qualit\u00e9 et avec grand soin les mod\u00e8les compatibles ont \u00e9t\u00e9 recherch\u00e9s ! Bolens G212, G214, G272, G274 Iseki TA207, TA210, TA215, TA227, TA230, TA235, TA247, TA250, TA255, TA262, TA267, TA270, TA287, TA317 TA530, 5040, 5035 TU180, TU185, TU197, TU200, TU205, TU217(attention \u00e0 la version !), TU220, TU225, TU237,&hellip;<\/p>\n","protected":false},"featured_media":27435,"comment_status":"open","ping_status":"open","template":"","meta":[],"product_cat":[437],"product_tag":[3894],"class_list":{"0":"post-17216","1":"product","2":"type-product","3":"status-publish","4":"has-post-thumbnail","6":"product_cat-pompes-a-eau","7":"product_tag-snelparts-fr","8":"pa_merk-bolens-fr","9":"pa_merk-iseki-fr","10":"pa_merk-massey-ferguson-fr","11":"pa_merk-white-field-boss-fr","12":"pa_model-1125-fr-2","13":"pa_model-1140-fr","14":"pa_model-1145-fr","15":"pa_model-1240-fr","16":"pa_model-1250-fr","17":"pa_model-1260-fr","18":"pa_model-2102-fr","19":"pa_model-2104-fr","20":"pa_model-2702-fr","21":"pa_model-2704-fr","22":"pa_model-3025-fr","23":"pa_model-3030-fr","24":"pa_model-5020-fr","25":"pa_model-5035-fr","26":"pa_model-5040-fr","27":"pa_model-fb31-fr","28":"pa_model-g212-fr","29":"pa_model-g214-fr","30":"pa_model-g272-fr","31":"pa_model-g274-fr-2","32":"pa_model-ta207-fr","33":"pa_model-ta210-fr","34":"pa_model-ta215-fr","35":"pa_model-ta227-fr","36":"pa_model-ta230-fr","37":"pa_model-ta235-fr","38":"pa_model-ta247-fr","39":"pa_model-ta250-fr","40":"pa_model-ta255-fr","41":"pa_model-ta262-fr","42":"pa_model-ta263-fr","43":"pa_model-ta267-fr","44":"pa_model-ta270-fr","45":"pa_model-ta275-fr","46":"pa_model-ta287-fr","47":"pa_model-ta312-fr","48":"pa_model-ta317-fr","49":"pa_model-ta525-fr","50":"pa_model-ta530-fr","51":"pa_model-ta538-fr","52":"pa_model-te3210-fr","53":"pa_model-te4270-fr","54":"pa_model-te4350-fr","55":"pa_model-tl1900-fr","56":"pa_model-tl1901-fr","57":"pa_model-tl2100-fr","58":"pa_model-tl2101-fr","59":"pa_model-tl2300-fr","60":"pa_model-tl2301-fr","61":"pa_model-tl2500-fr","62":"pa_model-tl2501-fr","63":"pa_model-tl2700-fr","64":"pa_model-tl2701-fr","65":"pa_model-tl4000-fr","66":"pa_model-tu1700-fr","67":"pa_model-tu1701-fr","68":"pa_model-tu180-fr","69":"pa_model-tu185-fr","70":"pa_model-tu187-fr","71":"pa_model-tu1900-fr","72":"pa_model-tu1901-fr","73":"pa_model-tu197-fr","74":"pa_model-tu200-fr","75":"pa_model-tu205-fr","76":"pa_model-tu2100-fr","77":"pa_model-tu2101-fr","78":"pa_model-tu217-fr","79":"pa_model-tu220-fr","80":"pa_model-tu225-fr","81":"pa_model-tu237-fr","82":"pa_model-tu240-fr","83":"pa_model-tu245-fr","84":"pa_model-tu257-fr","85":"pa_motor-3ad1-fr","86":"pa_motor-3ae1-fr","87":"pa_motor-3af1-fr","88":"pa_motor-3ag1-fr","89":"pa_motor-e3ad1-fr","90":"pa_motor-e3ae1-fr","91":"pa_motor-e3af1-fr","92":"pa_motor-e3ag1-fr","94":"first","95":"instock","96":"sale","97":"taxable","98":"shipping-taxable","99":"purchasable","100":"product-type-simple","101":"col-xs-6 col-sm-4","102":"col-md-3 col-lg-3","103":"un-4-cols"},"_links":{"self":[{"href":"https:\/\/shop4trac.com\/fr\/wp-json\/wp\/v2\/product\/17216","targetHints":{"allow":["GET"]}}],"collection":[{"href":"https:\/\/shop4trac.com\/fr\/wp-json\/wp\/v2\/product"}],"about":[{"href":"https:\/\/shop4trac.com\/fr\/wp-json\/wp\/v2\/types\/product"}],"replies":[{"embeddable":true,"href":"https:\/\/shop4trac.com\/fr\/wp-json\/wp\/v2\/comments?post=17216"}],"wp:featuredmedia":[{"embeddable":true,"href":"https:\/\/shop4trac.com\/fr\/wp-json\/wp\/v2\/media\/27435"}],"wp:attachment":[{"href":"https:\/\/shop4trac.com\/fr\/wp-json\/wp\/v2\/media?parent=17216"}],"wp:term":[{"taxonomy":"product_cat","embeddable":true,"href":"https:\/\/shop4trac.com\/fr\/wp-json\/wp\/v2\/product_cat?post=17216"},{"taxonomy":"product_tag","embeddable":true,"href":"https:\/\/shop4trac.com\/fr\/wp-json\/wp\/v2\/product_tag?post=17216"}],"curies":[{"name":"wp","href":"https:\/\/api.w.org\/{rel}","templated":true}]}}