{"id":17215,"date":"2020-02-29T17:45:34","date_gmt":"2020-02-29T16:45:34","guid":{"rendered":"https:\/\/shop4trac.com\/product\/pompe-a-eau-iseki-ts\/"},"modified":"2026-03-24T22:13:19","modified_gmt":"2026-03-24T21:13:19","slug":"pompe-a-eau-iseki-ts","status":"publish","type":"product","link":"https:\/\/shop4trac.com\/fr\/refroidissement-et-radiateurs\/pompes-a-eau\/pompe-a-eau-iseki-ts\/","title":{"rendered":"Pompe \u00e0 eau Iseki TS 1610 \u2013 TS4510 | Bolens G174 \u2013 G244"},"content":{"rendered":"<p class=\"p1\">\u2705 Pompe \u00e0 eau | Pour Iseki, Daewoo, TMC  Bolens<\/p>\n<p class=\"p1\">Qualit\u00e9 sup\u00e9rieure \u2013 assure un refroidissement optimal et une longue dur\u00e9e de vie.<\/p>\n<p class=\"p1\">Cette pompe \u00e0 eau est soigneusement con\u00e7ue et adapt\u00e9e \u00e0 divers tracteurs et moteurs japonais. Gr\u00e2ce au joint fourni, la pompe peut \u00eatre mont\u00e9e directement. Id\u00e9ale pour pr\u00e9venir la surchauffe et garantir un fonctionnement fiable de votre moteur.  <\/p>\n<p class=\"p1\">? Caract\u00e9ristiques :<\/p>\n<p class=\"p1\">\u2714\ufe0f Pompe \u00e0 eau de haute qualit\u00e9<\/p>\n<p class=\"p1\">\u2714\ufe0f Joint inclus pour un montage direct \u2705<\/p>\n<p class=\"p1\">\u2714\ufe0f Compatible avec plusieurs marques et mod\u00e8les<\/p>\n<p class=\"p1\">\u2714\ufe0f Refroidissement fiable et longue dur\u00e9e de vie<\/p>\n<p class=\"p1\">? Sp\u00e9cifications techniques :<\/p>\n<ul>\n<li>\n<p class=\"p1\">Moteurs : Toyosha 2AA1, 2AB1<\/p>\n<\/li>\n<\/ul>\n<hr>\n<p class=\"p4\"><b>Iseki<\/b><b><\/b><\/p>\n<ul>\n<li>\n<p class=\"p1\">TS1610, TS1910, TS2200, TS2202, TS2205, TS2210, TS2220, TS2400, TS2500<\/p>\n<\/li>\n<li>\n<p class=\"p1\">TS1610F, TS1910F, TS2220F, TS2000F, TS2510F<\/p>\n<\/li>\n<li>\n<p class=\"p1\">TS2810, TS3110, TS3510, TS3910, TS4510<\/p>\n<\/li>\n<\/ul>\n<p class=\"p4\"><b>Daewoo<\/b><b><\/b><\/p>\n<ul>\n<li>\n<p class=\"p1\">DH50<\/p>\n<\/li>\n<\/ul>\n<p class=\"p4\"><b>TMC<\/b><b><\/b><\/p>\n<ul>\n<li>\n<p class=\"p1\">C240<\/p>\n<\/li>\n<\/ul>\n<p class=\"p4\"><b>Bolens<\/b><b><\/b><\/p>\n<ul>\n<li>\n<p class=\"p1\">G174, G194, G242, G244<\/p>\n<\/li>\n<\/ul>\n<hr>\n<p class=\"p4\"><b>Moteur<\/b><b><\/b><\/p>\n<ul>\n<li>\n<p class=\"p1\">2AA1, 2AB1<\/p>\n<\/li>\n<\/ul>\n<hr>\n<p class=\"p4\"><b>OEM pour r\u00e9f\u00e9rence :<\/b><b><\/b><\/p>\n<ul>\n<li>\n<p class=\"p1\">5681-361-0417-0<\/p>\n<\/li>\n<li>\n<p class=\"p1\">5691-361-0<\/p>\n<\/li>\n<li>\n<p class=\"p1\">5681-136-0541-0<\/p>\n<\/li>\n<li>\n<p class=\"p1\">5681-361-0054-0<\/p>\n<\/li>\n<li>\n<p class=\"p1\">5691-0417-0<\/p>\n<\/li>\n<li>\n<p class=\"p1\">Z8943768300<\/p>\n<\/li>\n<li>\n<p class=\"p1\">11-4576<\/p>\n<\/li>\n<li>\n<p class=\"p1\">5-13610-038-1<\/p>\n<\/li>\n<li>\n<p class=\"p1\">5-13610-179-0<\/p>\n<\/li>\n<li>\n<p class=\"p1\">8-94376-832-0<\/p>\n<\/li>\n<\/ul>\n","protected":false},"excerpt":{"rendered":"<p>\u2705 Pompe \u00e0 eau | Pour Iseki, Daewoo, TMC Bolens Qualit\u00e9 sup\u00e9rieure \u2013 assure un refroidissement optimal et une longue dur\u00e9e de vie. Cette pompe \u00e0 eau est soigneusement con\u00e7ue et adapt\u00e9e \u00e0 divers tracteurs et moteurs japonais. Gr\u00e2ce au joint fourni, la pompe peut \u00eatre mont\u00e9e directement. Id\u00e9ale pour pr\u00e9venir la surchauffe et garantir&hellip;<\/p>\n","protected":false},"featured_media":27603,"comment_status":"open","ping_status":"closed","template":"","meta":[],"product_cat":[437],"product_tag":[3894],"class_list":{"0":"post-17215","1":"product","2":"type-product","3":"status-publish","4":"has-post-thumbnail","6":"product_cat-pompes-a-eau","7":"product_tag-snelparts-fr","8":"pa_merk-bobcat-fr","9":"pa_merk-bolens-fr","10":"pa_merk-daewoo-fr","11":"pa_merk-iseki-fr","12":"pa_merk-sumitomo-fr","13":"pa_merk-tcm-fr","14":"pa_merk-white-fr","15":"pa_model-2-30-fr","16":"pa_model-2-35-fr","17":"pa_model-533-fr","18":"pa_model-543-fr","19":"pa_model-c240-fr","20":"pa_model-dh50-fr","21":"pa_model-g192-fr","22":"pa_model-g194-fr","23":"pa_model-g242-fr","24":"pa_model-g244-fr","25":"pa_model-g292-fr","26":"pa_model-g294-fr","27":"pa_model-k50-fr","28":"pa_model-ls1200j-fr","29":"pa_model-ts1610-fr","30":"pa_model-ts1700-fr","31":"pa_model-ts1910-fr","32":"pa_model-ts2000-fr","33":"pa_model-ts2200-fr","34":"pa_model-ts2202-fr","35":"pa_model-ts2205-fr","36":"pa_model-ts2210-fr","37":"pa_model-ts2220-fr","38":"pa_model-ts2400-fr","39":"pa_model-ts2420-fr","40":"pa_model-ts2500-fr","41":"pa_model-ts2510-fr","42":"pa_model-ts2800-fr","43":"pa_model-ts2810-fr","44":"pa_model-ts2920-fr","45":"pa_model-ts3110-fr","46":"pa_model-ts3510-fr","47":"pa_model-ts3910-fr","48":"pa_model-ts4510-fr","49":"pa_motor-2aa1-fr","50":"pa_motor-2ab1-fr","51":"pa_motor-3aa1-fr","52":"pa_motor-3ab1-fr","53":"pa_motor-3abib-02-fr","54":"pa_motor-3abib-05-fr","55":"pa_motor-3ad1-fr","56":"pa_motor-3adia-01-fr","57":"pa_motor-c201-fr","58":"pa_motor-c221-fr","59":"pa_motor-c240-fr","60":"pa_motor-g201-fr","61":"pa_motor-g240-fr","63":"first","64":"instock","65":"sale","66":"taxable","67":"shipping-taxable","68":"purchasable","69":"product-type-simple","70":"col-xs-6 col-sm-4","71":"col-md-3 col-lg-3","72":"un-4-cols"},"_links":{"self":[{"href":"https:\/\/shop4trac.com\/fr\/wp-json\/wp\/v2\/product\/17215","targetHints":{"allow":["GET"]}}],"collection":[{"href":"https:\/\/shop4trac.com\/fr\/wp-json\/wp\/v2\/product"}],"about":[{"href":"https:\/\/shop4trac.com\/fr\/wp-json\/wp\/v2\/types\/product"}],"replies":[{"embeddable":true,"href":"https:\/\/shop4trac.com\/fr\/wp-json\/wp\/v2\/comments?post=17215"}],"wp:featuredmedia":[{"embeddable":true,"href":"https:\/\/shop4trac.com\/fr\/wp-json\/wp\/v2\/media\/27603"}],"wp:attachment":[{"href":"https:\/\/shop4trac.com\/fr\/wp-json\/wp\/v2\/media?parent=17215"}],"wp:term":[{"taxonomy":"product_cat","embeddable":true,"href":"https:\/\/shop4trac.com\/fr\/wp-json\/wp\/v2\/product_cat?post=17215"},{"taxonomy":"product_tag","embeddable":true,"href":"https:\/\/shop4trac.com\/fr\/wp-json\/wp\/v2\/product_tag?post=17215"}],"curies":[{"name":"wp","href":"https:\/\/api.w.org\/{rel}","templated":true}]}}