{"id":17203,"date":"2020-02-29T17:45:41","date_gmt":"2020-02-29T16:45:41","guid":{"rendered":"https:\/\/shop4trac.com\/product\/pompe-a-eau-kubota-x20-4-cylinder-v1505\/"},"modified":"2026-03-31T06:39:25","modified_gmt":"2026-03-31T05:39:25","slug":"waterpomp-kubota-x20-4-cylinder-v1505","status":"publish","type":"product","link":"https:\/\/shop4trac.com\/fr\/refroidissement-et-radiateurs\/pompes-a-eau\/waterpomp-kubota-x20-4-cylinder-v1505\/","title":{"rendered":"Pompe \u00e0 eau Kubota D1005 \u2013 V1505 | KX71-3 | Variante 2"},"content":{"rendered":"<p class=\"p1\">\u2705 Pompe \u00e0 eau Kubota | Joint inclus<\/p>\n<p class=\"p1\">Pompe \u00e0 eau adapt\u00e9e aux moteurs Kubota 3  4 cylindres, livr\u00e9e avec joint. Assure un refroidissement fiable et convient \u00e0 diverses applications Kubota. <\/p>\n<p class=\"p1\">? Caract\u00e9ristiques :<\/p>\n<p class=\"p1\">\u2714\ufe0f Livr\u00e9e compl\u00e8te avec joint<\/p>\n<p class=\"p1\">\u2714\ufe0f Convient aux moteurs Kubota 4 cylindres (V1505)<\/p>\n<p class=\"p1\">\u2714\ufe0f Num\u00e9ros OEM fournis pour r\u00e9f\u00e9rence et ajustement correct<\/p>\n<p class=\"p1\">? Sp\u00e9cifications techniques :<\/p>\n<p class=\"p1\">\u2013 H\u00e9lice \u00d8 68 mm<\/p>\n<p class=\"p1\">\u2013 Joint inclus (adapt\u00e9 d&rsquo;usine aux mod\u00e8les ci-dessous)<\/p>\n<hr>\n<p class=\"p4\"><b>Kubota<\/b><b><\/b><\/p>\n<ul>\n<li>\n<p class=\"p1\">KX71-3 Cabine, KX71-3 Canopy, KX71-3S Cabine, KX71-3S Canopy<\/p>\n<\/li>\n<\/ul>\n<p class=\"p4\"><b>Moteur<\/b><b><\/b><\/p>\n<ul>\n<li>\n<p class=\"p1\">D1005, D1105, D1105-T, DF1005, V1505, WG1005<\/p>\n<\/li>\n<\/ul>\n<p class=\"p4\"><b>OEM pour r\u00e9f\u00e9rence<\/b><b><\/b><\/p>\n<ul>\n<li>\n<p class=\"p1\">1K576-73032, 1K576-73035<\/p>\n<\/li>\n<li>\n<p class=\"p1\">K576-73030<\/p>\n<\/li>\n<li>\n<p class=\"p1\">1K576-7303<\/p>\n<\/li>\n<li>\n<p class=\"p1\">1K5767303<\/p>\n<\/li>\n<li>\n<p class=\"p1\">1K57673030<\/p>\n<\/li>\n<\/ul>\n","protected":false},"excerpt":{"rendered":"<p>\u2705 Pompe \u00e0 eau Kubota | Joint inclus Pompe \u00e0 eau adapt\u00e9e aux moteurs Kubota 3 4 cylindres, livr\u00e9e avec joint. Assure un refroidissement fiable et convient \u00e0 diverses applications Kubota. ? Caract\u00e9ristiques : \u2714\ufe0f Livr\u00e9e compl\u00e8te avec joint \u2714\ufe0f Convient aux moteurs Kubota 4 cylindres (V1505) \u2714\ufe0f Num\u00e9ros OEM fournis pour r\u00e9f\u00e9rence et ajustement&hellip;<\/p>\n","protected":false},"featured_media":75047,"comment_status":"open","ping_status":"closed","template":"","meta":[],"product_cat":[437],"product_tag":[3894,2839],"class_list":{"0":"post-17203","1":"product","2":"type-product","3":"status-publish","4":"has-post-thumbnail","6":"product_cat-pompes-a-eau","7":"product_tag-snelparts-fr","8":"product_tag-v1505-fr","9":"pa_merk-kubota-fr","10":"pa_motor-v1505-fr","12":"first","13":"instock","14":"sale","15":"taxable","16":"shipping-taxable","17":"purchasable","18":"product-type-simple","19":"col-xs-6 col-sm-4","20":"col-md-3 col-lg-3","21":"un-4-cols"},"_links":{"self":[{"href":"https:\/\/shop4trac.com\/fr\/wp-json\/wp\/v2\/product\/17203","targetHints":{"allow":["GET"]}}],"collection":[{"href":"https:\/\/shop4trac.com\/fr\/wp-json\/wp\/v2\/product"}],"about":[{"href":"https:\/\/shop4trac.com\/fr\/wp-json\/wp\/v2\/types\/product"}],"replies":[{"embeddable":true,"href":"https:\/\/shop4trac.com\/fr\/wp-json\/wp\/v2\/comments?post=17203"}],"wp:featuredmedia":[{"embeddable":true,"href":"https:\/\/shop4trac.com\/fr\/wp-json\/wp\/v2\/media\/75047"}],"wp:attachment":[{"href":"https:\/\/shop4trac.com\/fr\/wp-json\/wp\/v2\/media?parent=17203"}],"wp:term":[{"taxonomy":"product_cat","embeddable":true,"href":"https:\/\/shop4trac.com\/fr\/wp-json\/wp\/v2\/product_cat?post=17203"},{"taxonomy":"product_tag","embeddable":true,"href":"https:\/\/shop4trac.com\/fr\/wp-json\/wp\/v2\/product_tag?post=17203"}],"curies":[{"name":"wp","href":"https:\/\/api.w.org\/{rel}","templated":true}]}}