{"id":17179,"date":"2020-02-29T17:46:52","date_gmt":"2020-02-29T15:46:52","guid":{"rendered":"https:\/\/shop4trac.com\/product\/pompe-a-eau-kubota-z402-aixam-400\/"},"modified":"2026-03-12T22:55:01","modified_gmt":"2026-03-12T21:55:01","slug":"waterpomp-kubota-z402-aixam-400","status":"publish","type":"product","link":"https:\/\/shop4trac.com\/fr\/refroidissement-et-radiateurs\/pompes-a-eau\/waterpomp-kubota-z402-aixam-400\/","title":{"rendered":"Pompe \u00e0 eau Kubota Z402 | Aixam 400"},"content":{"rendered":"<p>Pompe \u00e0 eau adapt\u00e9e \u00e0 Kubota Z402<\/p>\n<p><strong>Kubota<\/strong><\/p>\n<ul>\n<li>Z402<\/li>\n<\/ul>\n<p><strong>Aixam<\/strong><\/p>\n<ul>\n<li>400 (1997-2004), 400.4 (1997-2004), 400 Evolution (1997-2004), 500.4 (1997-2004), 500.4 Minivan (1997-2004), 500.4 Pick-Up (1997-2004)<\/li>\n<li>721 (2005-2008), 741 (2005-2008), Scouty 2005-2008, Crossline 2005-2008, City 2008-2010, Roadline 2008-2010<\/li>\n<li>Crossline 2008-2010, Scouty 2008-2010, City 2010-2013, Crossline 2010-2013, Crossover 2010-2013<\/li>\n<li>GTO 2010-2013, Coupe 2010-2013, City 2013-2016, Coupe 2013-2016, Crossline 2013-2016<\/li>\n<li>Crossover 2013-2016, MEGA 1, MEGA 2, Pro D-Truck<\/li>\n<\/ul>\n<p><strong>OEM pour r\u00e9f\u00e9rence<\/strong><\/p>\n<ul>\n<li>K158527303<\/li>\n<\/ul>\n<p>\u2705 Y compris le joint correspondant<\/p>\n","protected":false},"excerpt":{"rendered":"<p>z402<\/p>\n","protected":false},"featured_media":27711,"comment_status":"open","ping_status":"closed","template":"","meta":[],"product_cat":[437],"product_tag":[3894,2613],"class_list":{"0":"post-17179","1":"product","2":"type-product","3":"status-publish","4":"has-post-thumbnail","6":"product_cat-pompes-a-eau","7":"product_tag-snelparts-fr","8":"product_tag-z402-fr","9":"pa_merk-aixam-fr","10":"pa_merk-kubota-fr","11":"pa_model-aixam-400-fr","12":"pa_motor-z402-fr","14":"first","15":"instock","16":"sale","17":"taxable","18":"shipping-taxable","19":"purchasable","20":"product-type-simple","21":"col-xs-6 col-sm-4","22":"col-md-3 col-lg-3","23":"un-4-cols"},"_links":{"self":[{"href":"https:\/\/shop4trac.com\/fr\/wp-json\/wp\/v2\/product\/17179","targetHints":{"allow":["GET"]}}],"collection":[{"href":"https:\/\/shop4trac.com\/fr\/wp-json\/wp\/v2\/product"}],"about":[{"href":"https:\/\/shop4trac.com\/fr\/wp-json\/wp\/v2\/types\/product"}],"replies":[{"embeddable":true,"href":"https:\/\/shop4trac.com\/fr\/wp-json\/wp\/v2\/comments?post=17179"}],"wp:featuredmedia":[{"embeddable":true,"href":"https:\/\/shop4trac.com\/fr\/wp-json\/wp\/v2\/media\/27711"}],"wp:attachment":[{"href":"https:\/\/shop4trac.com\/fr\/wp-json\/wp\/v2\/media?parent=17179"}],"wp:term":[{"taxonomy":"product_cat","embeddable":true,"href":"https:\/\/shop4trac.com\/fr\/wp-json\/wp\/v2\/product_cat?post=17179"},{"taxonomy":"product_tag","embeddable":true,"href":"https:\/\/shop4trac.com\/fr\/wp-json\/wp\/v2\/product_tag?post=17179"}],"curies":[{"name":"wp","href":"https:\/\/api.w.org\/{rel}","templated":true}]}}