{"id":17176,"date":"2020-02-29T17:46:52","date_gmt":"2020-02-29T16:46:52","guid":{"rendered":"https:\/\/shop4trac.com\/product\/pompe-a-eau-kubota-d905-1105-v1305-1505-05-moteur\/"},"modified":"2026-03-24T19:59:43","modified_gmt":"2026-03-24T18:59:43","slug":"pompe-a-eau-kubota-d905-1105-v1305-1505-05-moteur","status":"publish","type":"product","link":"https:\/\/shop4trac.com\/fr\/refroidissement-et-radiateurs\/pompes-a-eau\/pompe-a-eau-kubota-d905-1105-v1305-1505-05-moteur\/","title":{"rendered":"Pompe \u00e0 eau Kubota D905-1105 | V1305-1505 | -05 moteurs"},"content":{"rendered":"<p>Pompe \u00e0 eau adapt\u00e9e pour Kubota -05 Super five :<\/p>\n<p><strong>Num\u00e9ros OEM<\/strong><\/p>\n<ul>\n<li>16241-73030, 16241-73032, 16241-73033, 16241-73034, 16241-73037 \u2013 variante 58\/59 mm<\/li>\n<li>\n<p class=\"p1\">16259-73032, 16259-73036 \u2013 variante 68\/69MM<\/p>\n<\/li>\n<\/ul>\n<p><strong>Moteur Kubota<\/strong><\/p>\n<ul>\n<li>D905, D1005, D1105<\/li>\n<li>V1305, V1405, V1505<\/li>\n<\/ul>\n<p><strong>Kubota<\/strong><\/p>\n<ul>\n<li>A15, A17, A175, A19<\/li>\n<li>A195, A155<\/li>\n<li>B1700, B21, B72, B92, B2100, B2400, B2410, B2710, B2910, B7500, BX2200<\/li>\n<li>F2260, F2560, F3060<\/li>\n<li>JB16<\/li>\n<li>GB15, GB16, GB18, GB20, GB150, GB155, GB160, GB170, GB175, GB180, GB200<\/li>\n<li>GT3, GT5, GT8<\/li>\n<li>KB16, KB18, KB20, KB165, KB185, KB205<\/li>\n<li>KB16, KB165X, KB18, KB185, KB19X, KB21X, KB23X, KB225<\/li>\n<\/ul>\n<p><span style=\"text-decoration: underline\"><strong>Soyez prudent avec ces moteurs !<\/strong><\/span><br \/>\n<span style=\"text-decoration: underline\"><strong>Il existe deux tailles diff\u00e9rentes d&rsquo;h\u00e9lice interne.<\/strong><\/span><\/p>\n<p><span style=\"text-decoration: underline\"><strong>Merci de choisir lors de la commande :<\/strong><\/span><\/p>\n<ul>\n<li>58mm<\/li>\n<li>68mm<\/li>\n<\/ul>\n<p>\u2705 Y compris le joint correspondant<\/p>\n<p>Autres machines<\/p>\n<p class=\"p1\"><b>Kubota<\/b><b><\/b><\/p>\n<ul>\n<li class=\"p3\">A15, A155, A-19, A-195, GB15, GB16, GB20, GB150, GB155, GB160, B20, B72, B1700, B1700D, B1700HSD, B1710, B1710D, B1830, B2400, B2400HST-D, B2400HST-E, B2410, B2410HSD<\/li>\n<li class=\"p3\">B2410HSDB, B2410HSE, B26, B2630, B2620, B7610, B7610HSD, BX22, BX23, BX2200, F2100, F2400, F2560, F2880, F2680, FZ2400, KX41-2S, KX41-2, KX61-2, KX61-2S, KX71-2, KX71-2A, KX71-2G, KX71-3, KX71-3S<\/li>\n<li class=\"p3\">RTV1100, RTV1100CW9, RTV1140CPX, RTV1100RW9, U20-3a, U25S, U-27-4H, ZD28<\/li>\n<li class=\"p3\">B2910HSD, B3000HSDCC, B3030HSD, B3150HSD, B3150HSDCC, B3150SUHSD, B3350HSD, B3350HSDC, B3350HSDCC, B3350SUHSD, B7800HSD, R310, R310B, SL3825, F3060, X-20 Saturn<\/li>\n<li class=\"p3\">RT140, RT140D, RT150, RT150-2, RT150D, RT160-2, RT210, RT210-2, RT210D, RT220-2.<\/li>\n<\/ul>\n<p class=\"p1\"><b>Hitachi<\/b><b><\/b><\/p>\n<ul>\n<li class=\"p3\">EX15-2.<\/li>\n<\/ul>\n<p class=\"p1\"><b>Bobcat<\/b><b><\/b><\/p>\n<ul>\n<li class=\"p3\">425, 428, 553, E26, S100, S100-BCZ.<\/li>\n<\/ul>\n<p class=\"p1\"><b>Giant<\/b><b><\/b><\/p>\n<ul>\n<li class=\"p3\">G1500, G1500 X-tra, G2200, G2200 X-tra, D241S, D242S, D261, D261S, D262S, D262SW, D263S, D263SW, D263SW X-tra, D265, D331ST, D331SWT, D331T (S040), D331T (S068), D332ST, D332SWT, D332SWT X-tra<\/li>\n<li class=\"p3\">D335T (S040), D335T (S068), V361 (S040), V361 (S068), V362, V45 Tele, V45 Tele-AS, V4501T, V4502T, V4502T Tele, V4502T X-tra, V451T ECO, V451T, V451T X-tra, V452T HD, V452T, V452T X-tra HD, V452T X-tra, 3648.<\/li>\n<\/ul>\n<p class=\"p1\"><b>Steiner<\/b><b><\/b><\/p>\n<ul>\n<li class=\"p3\">230, 525.<\/li>\n<\/ul>\n<p class=\"p1\"><b>Ausa<\/b><b><\/b><\/p>\n<ul>\n<li class=\"p3\">D100, D120, D150, D85.<\/li>\n<\/ul>\n<p class=\"p1\"><b>Avant<\/b><b><\/b><\/p>\n<ul>\n<li class=\"p3\">R28, 528, 630, R35, 635, 640.<\/li>\n<\/ul>\n<p class=\"p1\"><b>Eurotrac<\/b><b><\/b><\/p>\n<ul>\n<li class=\"p3\">W11 K26, W11, K33, W12 K36.<\/li>\n<\/ul>\n<p class=\"p1\"><b>Manitou<\/b><b><\/b><\/p>\n<ul>\n<li class=\"p3\">TMT 20.17.<\/li>\n<\/ul>\n<p class=\"p1\"><b>Genie<\/b><b><\/b><\/p>\n<ul>\n<li class=\"p3\">Z-34\/22 IC, GS-2668 RT, GS-3268 RT, AL-4000D1, RL-4000D1.<\/li>\n<\/ul>\n<p class=\"p1\"><b>JCB<\/b><b><\/b><\/p>\n<ul>\n<li class=\"p3\">1T-HT, 403.<\/li>\n<\/ul>\n<p class=\"p1\"><b>Sch\u00e4ffer<\/b><b><\/b><\/p>\n<ul>\n<li class=\"p3\">2336, 2336 SLT, 2345, 2345 SLT, 2436, 2436 SLT, 2445 SLT, 2445 T, 2445, 3036, 3036e, 3036 SLT, 3038, 3038e, 3038 SLT, 3045, 3045e, 3045 SLT, 4048, 4048e, 4050 Z, 4050 ZL, 4050 ZL T, 4050, 4050 T, 5050, 5050 T, 5060, 5060 T, 660 T, 668 T, 861 T, 963 T, 964 T.<\/li>\n<\/ul>\n<p class=\"p1\"><b>Tendo<\/b><b><\/b><\/p>\n<ul>\n<li class=\"p4\">4548.<\/li>\n<\/ul>\n<p class=\"p1\"><b>Hinomoto<\/b><b><\/b><\/p>\n<ul>\n<li class=\"p3\">CX19, NX18.<\/li>\n<\/ul>\n<p class=\"p1\"><b>Snorkel\/Upright<\/b><b><\/b><\/p>\n<ul>\n<li class=\"p3\">AB-46 I\/C, AB46E I\/C, BOOM 46, SL26RT, SL30RT, X27RT, X33RT, X40RT.<\/li>\n<\/ul>\n<p class=\"p1\"><b>Hyundai<\/b><b><\/b><\/p>\n<ul>\n<li class=\"p3\">HSL500T.<\/li>\n<\/ul>\n","protected":false},"excerpt":{"rendered":"<p>Pompe \u00e0 eau adapt\u00e9e pour Kubota -05 Super five : Num\u00e9ros OEM 16241-73030, 16241-73032, 16241-73033, 16241-73034, 16241-73037 \u2013 variante 58\/59 mm 16259-73032, 16259-73036 \u2013 variante 68\/69MM Moteur Kubota D905, D1005, D1105 V1305, V1405, V1505 Kubota A15, A17, A175, A19 A195, A155 B1700, B21, B72, B92, B2100, B2400, B2410, B2710, B2910, B7500, BX2200 F2260, F2560, F3060&hellip;<\/p>\n","protected":false},"featured_media":27507,"comment_status":"open","ping_status":"open","template":"","meta":[],"product_cat":[437],"product_tag":[2678,2691,2666,3894,2817,2823],"class_list":{"0":"post-17176","1":"product","2":"type-product","3":"status-publish","4":"has-post-thumbnail","6":"product_cat-pompes-a-eau","7":"product_tag-d1005-fr","8":"product_tag-d1105-fr","9":"product_tag-d905-fr","10":"product_tag-snelparts-fr","11":"product_tag-v1205-fr","12":"product_tag-v1305-fr","13":"pa_merk-ausa-fr","14":"pa_merk-avant-fr","15":"pa_merk-bobcat-fr","16":"pa_merk-eurotrac-fr","17":"pa_merk-genie-fr","18":"pa_merk-giant-fr","19":"pa_merk-hinomoto-fr","20":"pa_merk-hitachi-fr","21":"pa_merk-hyundai-fr","22":"pa_merk-jcb-fr","23":"pa_merk-kubota-fr","24":"pa_merk-manitou-fr","25":"pa_merk-schaffer-fr","26":"pa_model-a15-fr-2","27":"pa_model-a155-fr","28":"pa_model-a17-fr-2","29":"pa_model-a175-fr","30":"pa_model-a19-fr-2","31":"pa_model-a195-fr","32":"pa_model-b1700-fr","33":"pa_model-b21-fr","34":"pa_model-b2100-fr","35":"pa_model-b2400-fr","36":"pa_model-b2410-fr","37":"pa_model-b2710b2910-fr-2","38":"pa_model-b72-fr","39":"pa_model-b7500-fr","40":"pa_model-b92-fr","41":"pa_model-bx2200-fr","42":"pa_model-f2260-fr-2","43":"pa_model-f2560-fr","44":"pa_model-f3060-fr","45":"pa_model-gb15-fr","46":"pa_model-gb155-fr-2","47":"pa_model-gb16-fr","48":"pa_model-gb160-fr","49":"pa_model-gb170-fr","50":"pa_model-gb175-fr","51":"pa_model-gb18-fr-2","52":"pa_model-gb180-fr-2","53":"pa_model-gb200-fr-2","54":"pa_model-gb20gb150-fr","55":"pa_model-gt3-fr","56":"pa_model-gt5-fr","57":"pa_model-gt8-fr","58":"pa_model-jb16-fr-2","59":"pa_model-kb165-fr","60":"pa_model-kb185-fr","61":"pa_model-kb205-fr","62":"pa_model-ko16-fr","63":"pa_model-ko18","64":"pa_model-ko20","65":"pa_motor-d1005-fr","66":"pa_motor-d1105-fr","67":"pa_motor-d905-fr","68":"pa_motor-v1205-fr","69":"pa_motor-v1305-fr","70":"pa_motor-v1405-fr","71":"pa_motor-v1505-fr","73":"first","74":"instock","75":"sale","76":"taxable","77":"shipping-taxable","78":"purchasable","79":"product-type-variable","80":"col-xs-6 col-sm-4","81":"col-md-3 col-lg-3","82":"un-4-cols"},"_links":{"self":[{"href":"https:\/\/shop4trac.com\/fr\/wp-json\/wp\/v2\/product\/17176","targetHints":{"allow":["GET"]}}],"collection":[{"href":"https:\/\/shop4trac.com\/fr\/wp-json\/wp\/v2\/product"}],"about":[{"href":"https:\/\/shop4trac.com\/fr\/wp-json\/wp\/v2\/types\/product"}],"replies":[{"embeddable":true,"href":"https:\/\/shop4trac.com\/fr\/wp-json\/wp\/v2\/comments?post=17176"}],"wp:featuredmedia":[{"embeddable":true,"href":"https:\/\/shop4trac.com\/fr\/wp-json\/wp\/v2\/media\/27507"}],"wp:attachment":[{"href":"https:\/\/shop4trac.com\/fr\/wp-json\/wp\/v2\/media?parent=17176"}],"wp:term":[{"taxonomy":"product_cat","embeddable":true,"href":"https:\/\/shop4trac.com\/fr\/wp-json\/wp\/v2\/product_cat?post=17176"},{"taxonomy":"product_tag","embeddable":true,"href":"https:\/\/shop4trac.com\/fr\/wp-json\/wp\/v2\/product_tag?post=17176"}],"curies":[{"name":"wp","href":"https:\/\/api.w.org\/{rel}","templated":true}]}}