{"id":17173,"date":"2020-02-29T17:46:52","date_gmt":"2020-02-29T16:46:52","guid":{"rendered":"https:\/\/shop4trac.com\/product\/pompe-a-eau-kubota-v2203-m-di-v2403\/"},"modified":"2026-01-23T15:16:55","modified_gmt":"2026-01-23T14:16:55","slug":"pompe-a-eau-kubota-v2203-m-di-v2403","status":"publish","type":"product","link":"https:\/\/shop4trac.com\/fr\/refroidissement-et-radiateurs\/pompes-a-eau\/pompe-a-eau-kubota-v2203-m-di-v2403\/","title":{"rendered":"Pompe \u00e0 eau Kubota V2203 M-DI | V2403"},"content":{"rendered":"<p>Convient pour Kubota:<\/p>\n<ul>\n<li>V2203 M-DI<\/li>\n<li>V2403<\/li>\n<\/ul>\n<p>Le V2203 M-DI se trouve dans les machines suivantes:<\/p>\n<div>\n<div><span style=\"text-decoration: underline\">Bobcat:<\/span><\/div>\n<div><\/div>\n<ul>\n<li>331, 334, 337, 341<\/li>\n<li>S130, S150, S160, S175<\/li>\n<li>753, 763, 773<\/li>\n<\/ul>\n<p><span style=\"text-decoration: underline\">Kubota:<\/span><\/p>\n<ul>\n<li>R520, KX161-2,\u00a0 KX121, U45-S, R510, R520<\/li>\n<li>V2003-M, V2203-M, V2203-M-D, V2403-M, V2403-M-DI<\/li>\n<li>Case 560, 1838<\/li>\n<\/ul>\n<\/div>\n<p>Le V2203 a une version sans M-DI ; cette pompe \u00e0 eau est diff\u00e9rente ! Voir notre site web pour l&rsquo;autre pompe \u00e0 eau.<\/p>\n<p>\u2705 Incluant le joint<\/p>\n","protected":false},"excerpt":{"rendered":"<p>Convient pour Kubota: V2203 M-DI V2403 Le V2203 M-DI se trouve dans les machines suivantes: Bobcat: 331, 334, 337, 341 S130, S150, S160, S175 753, 763, 773 Kubota: R520, KX161-2,\u00a0 KX121, U45-S, R510, R520 V2003-M, V2203-M, V2203-M-D, V2403-M, V2403-M-DI Case 560, 1838 Le V2203 a une version sans M-DI ; cette pompe \u00e0 eau est&hellip;<\/p>\n","protected":false},"featured_media":90773,"comment_status":"open","ping_status":"closed","template":"","meta":[],"product_cat":[437],"product_tag":[3894,2863,2866],"class_list":{"0":"post-17173","1":"product","2":"type-product","3":"status-publish","4":"has-post-thumbnail","6":"product_cat-pompes-a-eau","7":"product_tag-snelparts-fr","8":"product_tag-v2203-fr","9":"product_tag-v2403-fr","10":"pa_merk-bobcat-fr","11":"pa_merk-kubota-fr","12":"pa_model-1838-fr","13":"pa_model-331-fr","14":"pa_model-334-fr","15":"pa_model-337-fr","16":"pa_model-341-fr","17":"pa_model-753-fr","18":"pa_model-763-fr","19":"pa_model-773-fr","20":"pa_model-cas-560","21":"pa_model-kx121-fr","22":"pa_model-kx161-2-fr","23":"pa_model-r510-fr","24":"pa_model-r520-fr","25":"pa_model-s130-fr","26":"pa_model-s150-fr","27":"pa_model-s160-fr","28":"pa_model-s175-fr","29":"pa_model-u45-s-fr","30":"pa_motor-v2203-fr","31":"pa_motor-v2203mdi-fr","32":"pa_motor-v2403-fr","34":"first","35":"instock","36":"sale","37":"taxable","38":"shipping-taxable","39":"purchasable","40":"product-type-simple","41":"col-xs-6 col-sm-4","42":"col-md-3 col-lg-3","43":"un-4-cols"},"_links":{"self":[{"href":"https:\/\/shop4trac.com\/fr\/wp-json\/wp\/v2\/product\/17173","targetHints":{"allow":["GET"]}}],"collection":[{"href":"https:\/\/shop4trac.com\/fr\/wp-json\/wp\/v2\/product"}],"about":[{"href":"https:\/\/shop4trac.com\/fr\/wp-json\/wp\/v2\/types\/product"}],"replies":[{"embeddable":true,"href":"https:\/\/shop4trac.com\/fr\/wp-json\/wp\/v2\/comments?post=17173"}],"wp:featuredmedia":[{"embeddable":true,"href":"https:\/\/shop4trac.com\/fr\/wp-json\/wp\/v2\/media\/90773"}],"wp:attachment":[{"href":"https:\/\/shop4trac.com\/fr\/wp-json\/wp\/v2\/media?parent=17173"}],"wp:term":[{"taxonomy":"product_cat","embeddable":true,"href":"https:\/\/shop4trac.com\/fr\/wp-json\/wp\/v2\/product_cat?post=17173"},{"taxonomy":"product_tag","embeddable":true,"href":"https:\/\/shop4trac.com\/fr\/wp-json\/wp\/v2\/product_tag?post=17173"}],"curies":[{"name":"wp","href":"https:\/\/api.w.org\/{rel}","templated":true}]}}