{"id":16930,"date":"2020-02-29T16:45:52","date_gmt":"2020-02-29T15:45:52","guid":{"rendered":"https:\/\/shop4trac.com\/product\/disque-dembrayage-hinomoto-n189\/"},"modified":"2025-08-01T18:52:45","modified_gmt":"2025-08-01T16:52:45","slug":"disque-dembrayage-hinomoto-n189","status":"publish","type":"product","link":"https:\/\/shop4trac.com\/fr\/embrayage-transmission\/disque-dembrayage\/disque-dembrayage-hinomoto-n189\/","title":{"rendered":"Disque d&#8217;embrayage Hinomoto N189"},"content":{"rendered":"<p class=\"p1\"><b>Disque d&#8217;embrayage \u2013 Qualit\u00e9 premium<\/b><b><\/b><\/p>\n<p class=\"p2\">Disque d&#8217;embrayage de haute qualit\u00e9, con\u00e7u pour un fonctionnement fiable et fluide de la cha\u00eene cin\u00e9matique. Fabriqu\u00e9 \u00e0 partir de mat\u00e9riaux r\u00e9sistants \u00e0 l&rsquo;usure et parfaitement adapt\u00e9 \u00e0 divers tracteurs populaires. <\/p>\n<p class=\"p2\">Id\u00e9al pour remplacer un disque us\u00e9 ou endommag\u00e9, et soigneusement s\u00e9lectionn\u00e9 pour un ajustement parfait.<\/p>\n<p class=\"p2\">\u2705 Durable et r\u00e9sistant \u00e0 l&rsquo;usure<\/p>\n<p class=\"p2\">\u2705 Denture pr\u00e9cise pour une transmission optimale de la puissance<\/p>\n<p class=\"p2\">\u2705 Pr\u00eat pour un montage imm\u00e9diat<\/p>\n<p class=\"p1\"><b>Sp\u00e9cifications techniques :<\/b><b><\/b><\/p>\n<ul>\n<li class=\"p1\">Diam\u00e8tre : 184 mm (environ 7\u00bc pouces)<\/li>\n<li class=\"p1\">Denture : 18 cannelures<\/li>\n<li class=\"p1\">Type : Mat\u00e9riau de friction tiss\u00e9<\/li>\n<\/ul>\n<p class=\"p1\"><b>Convient aux marques et mod\u00e8les suivants :<\/b><\/p>\n<p><strong>Hinomoto<\/strong><\/p>\n<ul>\n<li>N189<\/li>\n<\/ul>\n","protected":false},"excerpt":{"rendered":"<p>Disque d&#8217;embrayage \u2013 Qualit\u00e9 premium Disque d&#8217;embrayage de haute qualit\u00e9, con\u00e7u pour un fonctionnement fiable et fluide de la cha\u00eene cin\u00e9matique. Fabriqu\u00e9 \u00e0 partir de mat\u00e9riaux r\u00e9sistants \u00e0 l&rsquo;usure et parfaitement adapt\u00e9 \u00e0 divers tracteurs populaires. Id\u00e9al pour remplacer un disque us\u00e9 ou endommag\u00e9, et soigneusement s\u00e9lectionn\u00e9 pour un ajustement parfait. \u2705 Durable et r\u00e9sistant&hellip;<\/p>\n","protected":false},"featured_media":43065,"comment_status":"open","ping_status":"open","template":"","meta":[],"product_cat":[440],"product_tag":[3894],"class_list":{"0":"post-16930","1":"product","2":"type-product","3":"status-publish","4":"has-post-thumbnail","6":"product_cat-disque-dembrayage","7":"product_tag-snelparts-fr","8":"pa_merk-hinomoto-fr","10":"first","11":"instock","12":"sale","13":"taxable","14":"shipping-taxable","15":"purchasable","16":"product-type-simple","17":"col-xs-6 col-sm-4","18":"col-md-3 col-lg-3","19":"un-4-cols"},"_links":{"self":[{"href":"https:\/\/shop4trac.com\/fr\/wp-json\/wp\/v2\/product\/16930","targetHints":{"allow":["GET"]}}],"collection":[{"href":"https:\/\/shop4trac.com\/fr\/wp-json\/wp\/v2\/product"}],"about":[{"href":"https:\/\/shop4trac.com\/fr\/wp-json\/wp\/v2\/types\/product"}],"replies":[{"embeddable":true,"href":"https:\/\/shop4trac.com\/fr\/wp-json\/wp\/v2\/comments?post=16930"}],"wp:featuredmedia":[{"embeddable":true,"href":"https:\/\/shop4trac.com\/fr\/wp-json\/wp\/v2\/media\/43065"}],"wp:attachment":[{"href":"https:\/\/shop4trac.com\/fr\/wp-json\/wp\/v2\/media?parent=16930"}],"wp:term":[{"taxonomy":"product_cat","embeddable":true,"href":"https:\/\/shop4trac.com\/fr\/wp-json\/wp\/v2\/product_cat?post=16930"},{"taxonomy":"product_tag","embeddable":true,"href":"https:\/\/shop4trac.com\/fr\/wp-json\/wp\/v2\/product_tag?post=16930"}],"curies":[{"name":"wp","href":"https:\/\/api.w.org\/{rel}","templated":true}]}}