{"id":16922,"date":"2020-02-29T16:45:52","date_gmt":"2020-02-29T15:45:52","guid":{"rendered":"https:\/\/shop4trac.com\/product\/disque-dembrayage-kubota-aste-b-zen-noh-zb\/"},"modified":"2026-04-14T08:23:25","modified_gmt":"2026-04-14T07:23:25","slug":"disque-dembrayage-kubota-aste-b-zen-noh-zb","status":"publish","type":"product","link":"https:\/\/shop4trac.com\/fr\/embrayage-transmission\/disque-dembrayage\/disque-dembrayage-kubota-aste-b-zen-noh-zb\/","title":{"rendered":"Disque d&#8217;embrayage Kubota Aste A-13 | A-14 | B52 | B1200 \u2013 B1750 | B4200 \u2013 B7001 | Zen-Noh ZB"},"content":{"rendered":"<p class=\"p1\"><b>Disque d&#8217;embrayage \u2013 Qualit\u00e9 sup\u00e9rieure<\/b><b><\/b><\/p>\n<p class=\"p2\">Ce disque d&#8217;embrayage est de qualit\u00e9 sup\u00e9rieure et con\u00e7u pour un fonctionnement fiable et efficace de la transmission. Il est fabriqu\u00e9 \u00e0 partir de mat\u00e9riaux durables et r\u00e9sistants \u00e0 l&rsquo;usure pour une longue dur\u00e9e de vie. <\/p>\n<p class=\"p2\">Les mod\u00e8les compatibles ont \u00e9t\u00e9 s\u00e9lectionn\u00e9s avec le plus grand soin, afin de vous assurer un ajustement parfait.<\/p>\n<p class=\"p2\">\u2705 Garniture de friction r\u00e9sistante \u00e0 l&rsquo;usure<\/p>\n<p class=\"p2\">\u2705 Cannelure \u00e0 14 dents pour une transmission de puissance efficace<\/p>\n<p class=\"p2\">\u2705 Id\u00e9al comme remplacement en cas d&rsquo;usure ou de d\u00e9faillance<\/p>\n<p class=\"p1\"><b>Sp\u00e9cifications techniques :<\/b><b><\/b><\/p>\n<ul>\n<li class=\"p1\">Diam\u00e8tre : 184 mm (7,25 pouces)<\/li>\n<li class=\"p1\">Nombre de cannelures : 14<\/li>\n<li class=\"p1\">Diam\u00e8tre du moyeu : 20 mm (0,79 pouce)<\/li>\n<li class=\"p1\">\u00c9paisseur : standard (convient aux applications d&#8217;embrayage simple)<\/li>\n<li class=\"p1\">Combinaison de dimensions : 7,25 x 0,79 x 14<\/li>\n<\/ul>\n<p class=\"p1\"><b>Convient aux marques et mod\u00e8les suivants :<\/b><\/p>\n<p><strong>Hinomoto<\/strong><\/p>\n<ul>\n<li>CX13, CX14<\/li>\n<\/ul>\n<p><strong>Kubota<\/strong><\/p>\n<ul>\n<li>Aste A13, A14<\/li>\n<li>B52<\/li>\n<li>B1200, B1400, B1402, B1502, B1550, B1750<\/li>\n<li>B4200<\/li>\n<li>B5000, B5001, B6000, B6001, B6100, B7000, B7001, B7100, B7200<\/li>\n<li>Bulltra B1-10, B1-14, B1-15<\/li>\n<li>XB-1<\/li>\n<\/ul>\n<p><strong>Zen-N\u00f4<\/strong><\/p>\n<ul>\n<li>ZB5000, ZB5001, ZB6000, ZB6001, ZB7000, ZB7001<\/li>\n<li>ZB1200, ZB1400, ZB1402, ZB1500, ZB1502<\/li>\n<\/ul>\n<p><strong>OEM pour r\u00e9f\u00e9rence<\/strong><\/p>\n<ul>\n<li>66591-13302, 66905-13300<\/li>\n<li>66905-13300 \/ 66905-1330-0, 6690513300, 66591-1330-0, 66591-13300, 6659113300<\/li>\n<li>66591-1330-2, 6659113302, 6721113401, 67211-13401, 67211-1340-1<\/li>\n<li>67980-13400<\/li>\n<\/ul>\n","protected":false},"excerpt":{"rendered":"<p>Disque d&#8217;embrayage \u2013 Qualit\u00e9 sup\u00e9rieure Ce disque d&#8217;embrayage est de qualit\u00e9 sup\u00e9rieure et con\u00e7u pour un fonctionnement fiable et efficace de la transmission. Il est fabriqu\u00e9 \u00e0 partir de mat\u00e9riaux durables et r\u00e9sistants \u00e0 l&rsquo;usure pour une longue dur\u00e9e de vie. Les mod\u00e8les compatibles ont \u00e9t\u00e9 s\u00e9lectionn\u00e9s avec le plus grand soin, afin de vous&hellip;<\/p>\n","protected":false},"featured_media":42534,"comment_status":"open","ping_status":"closed","template":"","meta":[],"product_cat":[440,438],"product_tag":[3894],"class_list":{"0":"post-16922","1":"product","2":"type-product","3":"status-publish","4":"has-post-thumbnail","6":"product_cat-disque-dembrayage","7":"product_cat-embrayage-transmission","8":"product_tag-snelparts-fr","9":"pa_merk-hinomoto-fr","10":"pa_merk-kubota-fr","11":"pa_merk-zen-noh-fr","13":"first","14":"instock","15":"sale","16":"taxable","17":"shipping-taxable","18":"purchasable","19":"product-type-simple","20":"col-xs-6 col-sm-4","21":"col-md-3 col-lg-3","22":"un-4-cols"},"_links":{"self":[{"href":"https:\/\/shop4trac.com\/fr\/wp-json\/wp\/v2\/product\/16922","targetHints":{"allow":["GET"]}}],"collection":[{"href":"https:\/\/shop4trac.com\/fr\/wp-json\/wp\/v2\/product"}],"about":[{"href":"https:\/\/shop4trac.com\/fr\/wp-json\/wp\/v2\/types\/product"}],"replies":[{"embeddable":true,"href":"https:\/\/shop4trac.com\/fr\/wp-json\/wp\/v2\/comments?post=16922"}],"wp:featuredmedia":[{"embeddable":true,"href":"https:\/\/shop4trac.com\/fr\/wp-json\/wp\/v2\/media\/42534"}],"wp:attachment":[{"href":"https:\/\/shop4trac.com\/fr\/wp-json\/wp\/v2\/media?parent=16922"}],"wp:term":[{"taxonomy":"product_cat","embeddable":true,"href":"https:\/\/shop4trac.com\/fr\/wp-json\/wp\/v2\/product_cat?post=16922"},{"taxonomy":"product_tag","embeddable":true,"href":"https:\/\/shop4trac.com\/fr\/wp-json\/wp\/v2\/product_tag?post=16922"}],"curies":[{"name":"wp","href":"https:\/\/api.w.org\/{rel}","templated":true}]}}