{"id":16909,"date":"2020-02-29T16:45:59","date_gmt":"2020-02-29T15:45:59","guid":{"rendered":"https:\/\/shop4trac.com\/product\/disque-dembrayage-shibaura-sl-su-sp-serie\/"},"modified":"2025-08-01T18:51:58","modified_gmt":"2025-08-01T16:51:58","slug":"disque-dembrayage-shibaura-sl-su-sp-serie","status":"publish","type":"product","link":"https:\/\/shop4trac.com\/fr\/embrayage-transmission\/disque-dembrayage\/disque-dembrayage-shibaura-sl-su-sp-serie\/","title":{"rendered":"Disque d&#8217;embrayage Shibaura SL1503 \u2013 SL1743 | SP1500 \u2013 SP1740 | SU1500 \u2013 SU1540 | S318 \u2013 S320 | P15 \u2013 P17 | Ford 1120 \u2013 1220"},"content":{"rendered":"<p class=\"p1\"><b>Disque d&#8217;embrayage \u2013 Qualit\u00e9 sup\u00e9rieure<\/b><b><\/b><\/p>\n<p class=\"p2\">Disque d&#8217;embrayage durable et fiable adapt\u00e9 \u00e0 divers mini-tracteurs. Fabriqu\u00e9 \u00e0 partir de mat\u00e9riaux r\u00e9sistants \u00e0 l&rsquo;usure pour une transmission de puissance souple et efficace. <\/p>\n<p class=\"p2\">\u2705 R\u00e9sistant aux charges lourdes<\/p>\n<p class=\"p2\">\u2705 Pr\u00eat \u00e0 \u00eatre mont\u00e9 imm\u00e9diatement<\/p>\n<p class=\"p2\">Id\u00e9al comme remplacement en cas d&rsquo;usure ou d&#8217;embrayage us\u00e9.<\/p>\n<p class=\"p1\"><b>Sp\u00e9cifications techniques :<\/b><b><\/b><\/p>\n<ul>\n<li class=\"p1\">Diam\u00e8tre de l&#8217;embrayage : 7-1\/4&Prime; (184 mm)<\/li>\n<li class=\"p1\">Diam\u00e8tre du moyeu : 13\/16&Prime; (20,6 mm)<\/li>\n<li class=\"p1\">Denture : 18 dents<\/li>\n<li class=\"p1\">Noyau d&#8217;embrayage : M\u00e9canisme \u00e0 ressort<\/li>\n<li class=\"p1\">Type de garniture : Mat\u00e9riau tiss\u00e9<\/li>\n<\/ul>\n<p><strong>Cas <\/strong><\/p>\n<ul>\n<li>DX24, DX26<\/li>\n<\/ul>\n<p><strong>Ford<\/strong><\/p>\n<ul>\n<li>1120, 1200, 1210, 1215, 1220<\/li>\n<\/ul>\n<p><strong>Massey ferguson<\/strong><\/p>\n<ul>\n<li>1120, 1205, 1215, 1417<\/li>\n<\/ul>\n<p><strong>Nouvelle Hollande<\/strong><\/p>\n<ul>\n<li>TC18, TC24, TC26<\/li>\n<li>TC24D TC24DA TC26DA<\/li>\n<\/ul>\n<p><strong>Shibaura<\/strong><\/p>\n<ul>\n<li>SL1503, SL1543, SL1703, SL1743,<\/li>\n<li>SP1500, SP1540, SP1700, SP1740<\/li>\n<li>SU1500, SU1540<\/li>\n<li>S318, S320<\/li>\n<li>SP1440, SP1540, SP1740, SP1840, SP2140<\/li>\n<li>P15, P17, P155<\/li>\n<\/ul>\n<p><strong>OEM pour r\u00e9f\u00e9rence<\/strong><\/p>\n<ul>\n<li>SBA320400610, SBA320400611<\/li>\n<li>87772629, 87772629-A<\/li>\n<li>3755228M91<\/li>\n<\/ul>\n","protected":false},"excerpt":{"rendered":"<p>Disque d&#8217;embrayage \u2013 Qualit\u00e9 sup\u00e9rieure Disque d&#8217;embrayage durable et fiable adapt\u00e9 \u00e0 divers mini-tracteurs. Fabriqu\u00e9 \u00e0 partir de mat\u00e9riaux r\u00e9sistants \u00e0 l&rsquo;usure pour une transmission de puissance souple et efficace. \u2705 R\u00e9sistant aux charges lourdes \u2705 Pr\u00eat \u00e0 \u00eatre mont\u00e9 imm\u00e9diatement Id\u00e9al comme remplacement en cas d&rsquo;usure ou d&#8217;embrayage us\u00e9. Sp\u00e9cifications techniques : Diam\u00e8tre de&hellip;<\/p>\n","protected":false},"featured_media":154968,"comment_status":"open","ping_status":"open","template":"","meta":[],"product_cat":[440],"product_tag":[3894],"class_list":{"0":"post-16909","1":"product","2":"type-product","3":"status-publish","4":"has-post-thumbnail","6":"product_cat-disque-dembrayage","7":"product_tag-snelparts-fr","8":"pa_merk-ford-fr","9":"pa_merk-new-holland-fr","10":"pa_merk-shibaura-fr","12":"first","13":"instock","14":"sale","15":"taxable","16":"shipping-taxable","17":"purchasable","18":"product-type-simple","19":"col-xs-6 col-sm-4","20":"col-md-3 col-lg-3","21":"un-4-cols"},"_links":{"self":[{"href":"https:\/\/shop4trac.com\/fr\/wp-json\/wp\/v2\/product\/16909","targetHints":{"allow":["GET"]}}],"collection":[{"href":"https:\/\/shop4trac.com\/fr\/wp-json\/wp\/v2\/product"}],"about":[{"href":"https:\/\/shop4trac.com\/fr\/wp-json\/wp\/v2\/types\/product"}],"replies":[{"embeddable":true,"href":"https:\/\/shop4trac.com\/fr\/wp-json\/wp\/v2\/comments?post=16909"}],"wp:featuredmedia":[{"embeddable":true,"href":"https:\/\/shop4trac.com\/fr\/wp-json\/wp\/v2\/media\/154968"}],"wp:attachment":[{"href":"https:\/\/shop4trac.com\/fr\/wp-json\/wp\/v2\/media?parent=16909"}],"wp:term":[{"taxonomy":"product_cat","embeddable":true,"href":"https:\/\/shop4trac.com\/fr\/wp-json\/wp\/v2\/product_cat?post=16909"},{"taxonomy":"product_tag","embeddable":true,"href":"https:\/\/shop4trac.com\/fr\/wp-json\/wp\/v2\/product_tag?post=16909"}],"curies":[{"name":"wp","href":"https:\/\/api.w.org\/{rel}","templated":true}]}}