{"id":16900,"date":"2020-02-29T16:45:44","date_gmt":"2020-02-29T15:45:44","guid":{"rendered":"https:\/\/shop4trac.com\/product\/kit-dembrayage-hinomoto-type-2\/"},"modified":"2026-01-10T14:14:37","modified_gmt":"2026-01-10T13:14:37","slug":"kit-dembrayage-hinomoto-type-2","status":"publish","type":"product","link":"https:\/\/shop4trac.com\/fr\/embrayage-transmission\/kit-dembrayage\/kit-dembrayage-hinomoto-type-2\/","title":{"rendered":"Kit d\u2019embrayage Hinomoto E18 \u2013 E224 | E1802 \u2013 E2304 | MF1020"},"content":{"rendered":"<p>Cet ensemble d&#8217;embrayage est de <strong>grande<\/strong> qualit\u00e9 et les mod\u00e8les compatibles ont \u00e9t\u00e9 s\u00e9lectionn\u00e9s avec le plus grand soin !<\/p>\n<p><strong>Hinomoto<\/strong><\/p>\n<ul>\n<li>E18, E180, E182, E184, E202, E204, E222, E224<\/li>\n<li>E1802, E1804, E2002, E2004, E2302, E2304<\/li>\n<li>JF1<\/li>\n<\/ul>\n<p><strong>Massey Ferguson<\/strong><\/p>\n<ul>\n<li>1020<\/li>\n<\/ul>\n<p><strong>Allis Chalmers<\/strong><\/p>\n<ul>\n<li>5220 HST<\/li>\n<\/ul>\n<p>Cet ensemble concerne :<\/p>\n<ul>\n<li>M\u00e9canisme d\u2019embrayage<\/li>\n<li>disque d&#8217;embrayage (200 mm\/13 cannelures)<\/li>\n<li>But\u00e9e d\u2019embrayage<\/li>\n<\/ul>\n<p><strong>REMARQUE :<\/strong> Certains mod\u00e8les ont un disque d&#8217;embrayage diff\u00e9rent. Merci d&rsquo;indiquer dans votre commande s&rsquo;il s&rsquo;agit de 180mm ou de 200mm. <\/p>\n<p><strong>OEM pour r\u00e9f\u00e9rence<\/strong><\/p>\n<ul>\n<li>2402-3210-00 6122-6120-01-0, 3281106M91<\/li>\n<li>2402-3305-00, 3281108M1, 72100765, 40TKD01, 0050-6002-04-0<\/li>\n<\/ul>\n","protected":false},"excerpt":{"rendered":"<p>Cet ensemble d&#8217;embrayage est de grande qualit\u00e9 et les mod\u00e8les compatibles ont \u00e9t\u00e9 s\u00e9lectionn\u00e9s avec le plus grand soin ! Hinomoto E18, E180, E182, E184, E202, E204, E222, E224 E1802, E1804, E2002, E2004, E2302, E2304 JF1 Massey Ferguson 1020 Allis Chalmers 5220 HST Cet ensemble concerne : M\u00e9canisme d\u2019embrayage disque d&#8217;embrayage (200 mm\/13 cannelures) But\u00e9e&hellip;<\/p>\n","protected":false},"featured_media":137456,"comment_status":"open","ping_status":"closed","template":"","meta":[],"product_cat":[441],"product_tag":[3894],"class_list":{"0":"post-16900","1":"product","2":"type-product","3":"status-publish","4":"has-post-thumbnail","6":"product_cat-kit-dembrayage","7":"product_tag-snelparts-fr","8":"pa_merk-allis-chalmers-fr","9":"pa_merk-hinomoto-fr","10":"pa_merk-massey-ferguson-fr","12":"first","13":"instock","14":"sale","15":"taxable","16":"shipping-taxable","17":"purchasable","18":"product-type-simple","19":"col-xs-6 col-sm-4","20":"col-md-3 col-lg-3","21":"un-4-cols"},"_links":{"self":[{"href":"https:\/\/shop4trac.com\/fr\/wp-json\/wp\/v2\/product\/16900","targetHints":{"allow":["GET"]}}],"collection":[{"href":"https:\/\/shop4trac.com\/fr\/wp-json\/wp\/v2\/product"}],"about":[{"href":"https:\/\/shop4trac.com\/fr\/wp-json\/wp\/v2\/types\/product"}],"replies":[{"embeddable":true,"href":"https:\/\/shop4trac.com\/fr\/wp-json\/wp\/v2\/comments?post=16900"}],"wp:featuredmedia":[{"embeddable":true,"href":"https:\/\/shop4trac.com\/fr\/wp-json\/wp\/v2\/media\/137456"}],"wp:attachment":[{"href":"https:\/\/shop4trac.com\/fr\/wp-json\/wp\/v2\/media?parent=16900"}],"wp:term":[{"taxonomy":"product_cat","embeddable":true,"href":"https:\/\/shop4trac.com\/fr\/wp-json\/wp\/v2\/product_cat?post=16900"},{"taxonomy":"product_tag","embeddable":true,"href":"https:\/\/shop4trac.com\/fr\/wp-json\/wp\/v2\/product_tag?post=16900"}],"curies":[{"name":"wp","href":"https:\/\/api.w.org\/{rel}","templated":true}]}}