{"id":16897,"date":"2020-02-29T16:45:50","date_gmt":"2020-02-29T15:45:50","guid":{"rendered":"https:\/\/shop4trac.com\/product\/kit-dembrayage-iseki-type-2-tu-en-sial\/"},"modified":"2026-03-08T16:57:11","modified_gmt":"2026-03-08T15:57:11","slug":"embrayage-set-iseki-type-2-tu-en-sial","status":"publish","type":"product","link":"https:\/\/shop4trac.com\/fr\/embrayage-transmission\/kit-dembrayage\/embrayage-set-iseki-type-2-tu-en-sial\/","title":{"rendered":"Kit d\u2019embrayage Iseki TU1400 \u2013 TU1601 | TU120 \u2013 TU177 | SIAL3 \u2013 20 | TM17"},"content":{"rendered":"<div class=\"rte product-single__description\">\n<h4 class=\"p1\"><b>Kit d\u2019embrayage incluant le roulement pilote \u2013 Compact, complet et changement de vitesse en douceur <\/b><b><\/b><\/h4>\n<p class=\"p2\">Cet ensemble d&#8217;embrayage a \u00e9t\u00e9 soigneusement con\u00e7u pour une transmission fiable et fluide de la puissance du moteur.<\/p>\n<p class=\"p2\">\u2705 Conception renforc\u00e9e sp\u00e9cialement pour les s\u00e9ries Iseki TU et TF<\/p>\n<p class=\"p2\">\u2705 En raison du vieillissement, il est important de tout remplacer, et cet ensemble complet s&rsquo;en charge !<\/p>\n<p class=\"p2\">\u2705 Roulement de but\u00e9e inclus \u2013 pr\u00eat pour le montage<\/p>\n<p>\u2705  <span style=\"text-decoration: underline\">Le roulement pilote est souvent <span class=\"s1\"><b>oubli\u00e9<\/b><\/span> lors d&rsquo;une r\u00e9vision de l&#8217;embrayage, mais il est fortement recommand\u00e9 de toujours le remplacer lors de l&rsquo;installation d&rsquo;un nouvel embrayage.<\/span><\/p>\n<hr>\n<h5><b>Contenu et sp\u00e9cifications techniques<\/b><\/h5>\n<p class=\"p1\"><b>M\u00e9canisme d\u2019embrayage<\/b><b><\/b><\/p>\n<ul>\n<li class=\"p1\"><span class=\"s1\">Diam\u00e8tre : <\/span><b>185 mm (7,25&Prime;)<\/b><b><\/b><\/li>\n<li class=\"p1\"><span class=\"s1\">Construction : <\/span><b>Conception robuste et facile d&rsquo;entretien<\/b><\/li>\n<\/ul>\n<p class=\"p1\"><b>Disque d&#8217;embrayage<\/b><b><\/b><\/p>\n<ul>\n<li class=\"p1\"><span class=\"s1\">Diam\u00e8tre : <\/span><b>184 mm (7,24&Prime;)<\/b><b><\/b><\/li>\n<li class=\"p1\">Nombre de cannelures : <span class=\"s1\"><b>18<\/b><b><\/b><\/span><\/li>\n<li class=\"p1\">Dimension de l&rsquo;arbre : adapt\u00e9 pour l&rsquo;arbre d&rsquo;entr\u00e9e \u00e0 <span class=\"s1\"><b>18 cannelures<\/b><\/span><\/li>\n<li class=\"p1\">Mat\u00e9riau de friction : <span class=\"s1\"><b>Organique<\/b><b><\/b><\/span><\/li>\n<li>\n<p class=\"p1\">Moyeu : <span class=\"s1\"><b>\u00c0 ressort<\/b><\/span> \u2013 pour une meilleure absorption des chocs et protection de la transmission<\/p>\n<\/li>\n<\/ul>\n<p class=\"p1\"><b>But\u00e9e d\u2019embrayage<\/b><b><\/b><\/p>\n<ul>\n<li class=\"p1\">Diam\u00e8tre ext\u00e9rieur : <span class=\"s1\"><b>67 mm<\/b><b><\/b><\/span><\/li>\n<li class=\"p1\">Diam\u00e8tre int\u00e9rieur : <span class=\"s1\"><b>38 mm<\/b><b><\/b><\/span><\/li>\n<li class=\"p1\">\u00c9paisseur : <span class=\"s1\"><b>16 mm<\/b><\/span><\/li>\n<\/ul>\n<p><strong>Iseki<\/strong><\/p>\n<ul>\n<li><span style=\"text-decoration: underline\">Landhope<\/span> TU120, TU130, TU135, TU137, TU140, TU147, TU145, TU150, TU155, TU157, TU160, TU167, TU165, TU170, TU175, TU177<\/li>\n<li>TU120F, TU130F, TU135F, TU137F, TU140F, TU147F, TU145F, TU150F, TU155F, TU157F, TU160F, TU167F, TU165F, TU170F, TU175F, TU177F<\/li>\n<li>TU1400, TU1400F TU1500, TU1500F TU1600, TU1600F TU1401, TU1501, TU1601<\/li>\n<li>TU318<\/li>\n<li>Sial 3, TF3, Sial 5, TF5, Sial15, TF15, Sial 20, TF20,<\/li>\n<li>TM17<\/li>\n<li>THS16, THS18, THS20 \u2013 SIAL HUNTER<\/li>\n<\/ul>\n<\/div>\n<p><strong>OEM pour r\u00e9f\u00e9rence<\/strong><\/p>\n<ul>\n<li>1491-120-001-00<\/li>\n<li>1491-120-210-00<\/li>\n<li>1600-120-230-00, 160012023000<\/li>\n<li>1427-120-220-01, 1427-120-220-01<\/li>\n<\/ul>\n","protected":false},"excerpt":{"rendered":"<p>Kit d\u2019embrayage incluant le roulement pilote \u2013 Compact, complet et changement de vitesse en douceur Cet ensemble d&#8217;embrayage a \u00e9t\u00e9 soigneusement con\u00e7u pour une transmission fiable et fluide de la puissance du moteur. \u2705 Conception renforc\u00e9e sp\u00e9cialement pour les s\u00e9ries Iseki TU et TF \u2705 En raison du vieillissement, il est important de tout remplacer,&hellip;<\/p>\n","protected":false},"featured_media":155526,"comment_status":"open","ping_status":"closed","template":"","meta":[],"product_cat":[441,438],"product_tag":[3894],"class_list":{"0":"post-16897","1":"product","2":"type-product","3":"status-publish","4":"has-post-thumbnail","6":"product_cat-kit-dembrayage","7":"product_cat-embrayage-transmission","8":"product_tag-snelparts-fr","9":"pa_merk-iseki-fr","11":"first","12":"instock","13":"sale","14":"taxable","15":"shipping-taxable","16":"purchasable","17":"product-type-simple","18":"col-xs-6 col-sm-4","19":"col-md-3 col-lg-3","20":"un-4-cols"},"_links":{"self":[{"href":"https:\/\/shop4trac.com\/fr\/wp-json\/wp\/v2\/product\/16897","targetHints":{"allow":["GET"]}}],"collection":[{"href":"https:\/\/shop4trac.com\/fr\/wp-json\/wp\/v2\/product"}],"about":[{"href":"https:\/\/shop4trac.com\/fr\/wp-json\/wp\/v2\/types\/product"}],"replies":[{"embeddable":true,"href":"https:\/\/shop4trac.com\/fr\/wp-json\/wp\/v2\/comments?post=16897"}],"wp:featuredmedia":[{"embeddable":true,"href":"https:\/\/shop4trac.com\/fr\/wp-json\/wp\/v2\/media\/155526"}],"wp:attachment":[{"href":"https:\/\/shop4trac.com\/fr\/wp-json\/wp\/v2\/media?parent=16897"}],"wp:term":[{"taxonomy":"product_cat","embeddable":true,"href":"https:\/\/shop4trac.com\/fr\/wp-json\/wp\/v2\/product_cat?post=16897"},{"taxonomy":"product_tag","embeddable":true,"href":"https:\/\/shop4trac.com\/fr\/wp-json\/wp\/v2\/product_tag?post=16897"}],"curies":[{"name":"wp","href":"https:\/\/api.w.org\/{rel}","templated":true}]}}