{"id":16896,"date":"2020-02-29T16:45:50","date_gmt":"2020-02-29T15:45:50","guid":{"rendered":"https:\/\/shop4trac.com\/product\/kit-dembrayage-iseki-tu-te-type-3\/"},"modified":"2026-02-03T16:22:34","modified_gmt":"2026-02-03T15:22:34","slug":"embrayage-set-iseki-tu-te-type-3","status":"publish","type":"product","link":"https:\/\/shop4trac.com\/fr\/embrayage-transmission\/kit-dembrayage\/embrayage-set-iseki-tu-te-type-3\/","title":{"rendered":"Kit d\u2019embrayage Iseki TU1900 \u2013 TL2500F | TU180 \u2013 TU205F | TE | TL Landhope | Bolens G212-214"},"content":{"rendered":"<h4><b>Kit d\u2019embrayage incluant le roulement pilote \u2013 Compact, complet et changement de vitesse souple <\/b><\/h4>\n<p class=\"p3\">Cet ensemble d&#8217;embrayage a \u00e9t\u00e9 soigneusement con\u00e7u pour une transmission fiable et fluide.<\/p>\n<p class=\"p3\">\u2705 <span class=\"s2\"><b>Conception renforc\u00e9e<\/b><\/span> \u2013 id\u00e9al pour, entre autres, les s\u00e9ries Boles G, Iseki TU et TE<\/p>\n<p class=\"p3\">\u2705 <span class=\"s2\"><b>Remplacement complet<\/b><\/span> \u2013 En raison de l&rsquo;anciennet\u00e9, il est souvent pr\u00e9f\u00e9rable de tout remplacer simultan\u00e9ment !<\/p>\n<p class=\"p3\">\u2705 <span class=\"s2\"><b>But\u00e9e d&#8217;embrayage incluse<\/b><\/span> \u2013 pr\u00eat pour un montage imm\u00e9diat sans pi\u00e8ces suppl\u00e9mentaires<\/p>\n<p class=\"p3\">\u2705 <span class=\"s2\"><b>Roulement pilote inclus<\/b><\/span> \u2013 souvent oubli\u00e9, mais crucial lors d&rsquo;une r\u00e9vision compl\u00e8te de l&#8217;embrayage<\/p>\n<hr>\n<h5><b>Contenu et sp\u00e9cifications techniques<\/b><\/h5>\n<p class=\"p4\"><b>Disque d&#8217;embrayage<\/b><b><\/b><\/p>\n<ul>\n<li class=\"p1\"><span class=\"s1\">Diam\u00e8tre : <\/span><b>200 mm (7,87&Prime;)<\/b><b><\/b><\/li>\n<li class=\"p1\">Mat\u00e9riau de friction : <span class=\"s1\"><b>Organique<\/b><b><\/b><\/span><\/li>\n<li class=\"p1\">Noyau : <span class=\"s1\"><b>\u00c0 ressort<\/b><\/span> \u2013 pour l&rsquo;amortissement des chocs et un changement de vitesse en douceur<\/li>\n<li class=\"p1\">Dimension de l&rsquo;arbre : <span class=\"s1\"><b>15\/16&Prime; x 13 cannelures<\/b><\/span> (23,81 mm x 13)<\/li>\n<\/ul>\n<p class=\"p4\"><b>But\u00e9e d\u2019embrayage<\/b><b><\/b><\/p>\n<ul>\n<li>\n<p class=\"p1\"><span class=\"s1\">Dimensions : <\/span><b>74 mm (ext\u00e9rieur) x 45 mm (int\u00e9rieur) x 18 mm (hauteur)<\/b><\/p>\n<\/li>\n<\/ul>\n<p class=\"p4\"><b>M\u00e9canisme d\u2019embrayage<\/b><b><\/b><\/p>\n<ul>\n<li class=\"p1\">Diam\u00e8tre ext\u00e9rieur : <span class=\"s1\"><b>255 mm<\/b><b><\/b><\/span><\/li>\n<li class=\"p1\">Surface d&#8217;embrayage : <span class=\"s1\"><b>200 mm<\/b><\/span><\/li>\n<\/ul>\n<p><strong>Roulement pilote \u2013 palier de guidage<\/strong><\/p>\n<ul>\n<li class=\"p1\">Diam\u00e8tre int\u00e9rieur (DI) : 0,669&Prime; (17 mm)<\/li>\n<li class=\"p1\">Diam\u00e8tre ext\u00e9rieur (DE) : 1,575&Prime; (40 mm)<\/li>\n<li class=\"p1\">Largeur : 0,472&Prime; (12 mm)<\/li>\n<li>17x40x12<\/li>\n<\/ul>\n<p><strong>Iseki <\/strong><\/p>\n<ul>\n<li>TE3210, TL1900, TL1900F, TL1901, TU180, TU185, TU1900, TU200, TU320, TU205<\/li>\n<li>TE3210F, TL1900F, TL1901F, TU180F, TU185F, TU1900F, TU200F, TU320F, TU205F, TU1700F, TU2100F<\/li>\n<li>TU1700, TU1900, TU2100, TU1901, TU1901F, TU2101, TU2101F, TU2300, TU2300F, TU2500, TU2500F<\/li>\n<\/ul>\n<p><strong>Patron de champ blanc<\/strong><\/p>\n<ul>\n<li>FB2<\/li>\n<\/ul>\n<p><strong>Bolens<\/strong><\/p>\n<ul>\n<li>G212, G214<\/li>\n<\/ul>\n<p><strong>OEM pour r\u00e9f\u00e9rence<\/strong><\/p>\n<ul>\n<li>1444-120-2000-0 <strong>Kit d\u2019embrayage<\/strong><\/li>\n<li>1444-120-2010-0 <strong>Disque d&#8217;embrayage<\/strong><\/li>\n<li>1444-120-2020-0 <strong>M\u00e9canisme d\u2019embrayage de pression d&#8217;embrayage<\/strong><\/li>\n<li>1444-120-0020-0 <strong>Embrayage de roulement But\u00e9e d\u2019embrayage<\/strong><\/li>\n<\/ul>\n","protected":false},"excerpt":{"rendered":"<p>Kit d\u2019embrayage incluant le roulement pilote \u2013 Compact, complet et changement de vitesse souple Cet ensemble d&#8217;embrayage a \u00e9t\u00e9 soigneusement con\u00e7u pour une transmission fiable et fluide. \u2705 Conception renforc\u00e9e \u2013 id\u00e9al pour, entre autres, les s\u00e9ries Boles G, Iseki TU et TE \u2705 Remplacement complet \u2013 En raison de l&rsquo;anciennet\u00e9, il est souvent pr\u00e9f\u00e9rable&hellip;<\/p>\n","protected":false},"featured_media":155539,"comment_status":"open","ping_status":"closed","template":"","meta":[],"product_cat":[441,438],"product_tag":[3894],"class_list":{"0":"post-16896","1":"product","2":"type-product","3":"status-publish","4":"has-post-thumbnail","6":"product_cat-kit-dembrayage","7":"product_cat-embrayage-transmission","8":"product_tag-snelparts-fr","9":"pa_merk-bolens-fr","10":"pa_merk-iseki-fr","11":"pa_merk-white-field-boss-fr","13":"first","14":"instock","15":"sale","16":"taxable","17":"shipping-taxable","18":"purchasable","19":"product-type-simple","20":"col-xs-6 col-sm-4","21":"col-md-3 col-lg-3","22":"un-4-cols"},"_links":{"self":[{"href":"https:\/\/shop4trac.com\/fr\/wp-json\/wp\/v2\/product\/16896","targetHints":{"allow":["GET"]}}],"collection":[{"href":"https:\/\/shop4trac.com\/fr\/wp-json\/wp\/v2\/product"}],"about":[{"href":"https:\/\/shop4trac.com\/fr\/wp-json\/wp\/v2\/types\/product"}],"replies":[{"embeddable":true,"href":"https:\/\/shop4trac.com\/fr\/wp-json\/wp\/v2\/comments?post=16896"}],"wp:featuredmedia":[{"embeddable":true,"href":"https:\/\/shop4trac.com\/fr\/wp-json\/wp\/v2\/media\/155539"}],"wp:attachment":[{"href":"https:\/\/shop4trac.com\/fr\/wp-json\/wp\/v2\/media?parent=16896"}],"wp:term":[{"taxonomy":"product_cat","embeddable":true,"href":"https:\/\/shop4trac.com\/fr\/wp-json\/wp\/v2\/product_cat?post=16896"},{"taxonomy":"product_tag","embeddable":true,"href":"https:\/\/shop4trac.com\/fr\/wp-json\/wp\/v2\/product_tag?post=16896"}],"curies":[{"name":"wp","href":"https:\/\/api.w.org\/{rel}","templated":true}]}}