{"id":16895,"date":"2020-02-29T16:45:50","date_gmt":"2020-02-29T14:45:50","guid":{"rendered":"https:\/\/shop4trac.com\/product\/kit-dembrayage-a-15-a-17-a-19-en-b-serie-kubota-type-1\/"},"modified":"2026-04-16T13:42:05","modified_gmt":"2026-04-16T12:42:05","slug":"koppelingsset-a-15-a-17-a-19-en-b-serie-kubota-type-1","status":"publish","type":"product","link":"https:\/\/shop4trac.com\/fr\/embrayage-transmission\/kit-dembrayage\/koppelingsset-a-15-a-17-a-19-en-b-serie-kubota-type-1\/","title":{"rendered":"Kit d\u2019embrayage Kubota A-15 | A-19 | B1600 \u2013 B1902 | F2000 \u2013 F2400 | B20-B8200"},"content":{"rendered":"<p>Kit d\u2019embrayage de qualit\u00e9 <span style=\"text-decoration: underline\"><br \/>\n  <strong>sup\u00e9rieure<\/strong><br \/>\n<\/span> adapt\u00e9 aux mod\u00e8les suivants<\/p>\n<div>\n<p><strong>Kubota<\/strong><\/p>\n<ul>\n<li>A-15, A-17, A-19-ASTE, A15, A17, A19, A155, A175, A195<\/li>\n<li>B1-16, B1-17<\/li>\n<li>B20, B21, B72<\/li>\n<li>B1600, B1700, B1702, B1902, B2100, B2400, B2410, B2710, B7500, B7510, B7610, B7800, B8200<\/li>\n<li>F2000, F2100, F2400<\/li>\n<li>GB16, GB18, GB20. GB160, GB180, GB200 <\/li>\n<li>L2501H, L3200H, L3301H, L3800H, L3901H<\/li>\n<li>B1600, B1702, B1902, B1-16, B1-17<\/li>\n<li>\n<p class=\"p1\">F2000, F2100, F2400<\/p>\n<\/li>\n<\/ul>\n<p><strong>Hinomoto<\/strong><\/p>\n<ul>\n<li>CX16, CX18, CX19<\/li>\n<\/ul>\n<p><strong>Zen-noh<\/strong><\/p>\n<ul>\n<li>ZB1600, ZB1702, ZB1902, ZB1-16, ZB1-17<\/li>\n<\/ul>\n<div class=\"rte product-single__description\">Cet ensemble se compose d&rsquo;un :<\/div>\n<div><\/div>\n<ul>\n<li class=\"rte product-single__description\">M\u00e9canisme d\u2019embrayage<\/li>\n<li class=\"rte product-single__description\">Plateau d&#8217;embrayage (200mm\/10splines)<\/li>\n<li class=\"rte product-single__description\">But\u00e9e d\u2019embrayage .<br \/>\n(40 mm ou 33,5 mm) <\/li>\n<\/ul>\n<p><strong>OEM \u00e0 titre de r\u00e9f\u00e9rence<\/strong><\/p>\n<ul>\n<li>67111-1331-0, 67111-13310<\/li>\n<li>67111-1332-0, 67111-13320<\/li>\n<li>37150-1482-0 variante 1 but\u00e9e de d\u00e9brayage<\/li>\n<li>67311-1332-0, 67311-13320 variante 2 but\u00e9e de d\u00e9brayage<\/li>\n<\/ul>\n<\/div>\n","protected":false},"excerpt":{"rendered":"<p>Kit d\u2019embrayage de qualit\u00e9 sup\u00e9rieure adapt\u00e9 aux mod\u00e8les suivants Kubota A-15, A-17, A-19-ASTE, A15, A17, A19, A155, A175, A195 B1-16, B1-17 B20, B21, B72 B1600, B1700, B1702, B1902, B2100, B2400, B2410, B2710, B7500, B7510, B7610, B7800, B8200 F2000, F2100, F2400 GB16, GB18, GB20. GB160, GB180, GB200 L2501H, L3200H, L3301H, L3800H, L3901H B1600, B1702, B1902, B1-16,&hellip;<\/p>\n","protected":false},"featured_media":89925,"comment_status":"open","ping_status":"closed","template":"","meta":[],"product_cat":[441,438],"product_tag":[3894],"class_list":{"0":"post-16895","1":"product","2":"type-product","3":"status-publish","4":"has-post-thumbnail","6":"product_cat-kit-dembrayage","7":"product_cat-embrayage-transmission","8":"product_tag-snelparts-fr","9":"pa_merk-hinomoto-fr","10":"pa_merk-kubota-fr","11":"pa_merk-zen-noh-fr","13":"first","14":"instock","15":"sale","16":"taxable","17":"shipping-taxable","18":"purchasable","19":"product-type-variable","20":"col-xs-6 col-sm-4","21":"col-md-3 col-lg-3","22":"un-4-cols"},"_links":{"self":[{"href":"https:\/\/shop4trac.com\/fr\/wp-json\/wp\/v2\/product\/16895","targetHints":{"allow":["GET"]}}],"collection":[{"href":"https:\/\/shop4trac.com\/fr\/wp-json\/wp\/v2\/product"}],"about":[{"href":"https:\/\/shop4trac.com\/fr\/wp-json\/wp\/v2\/types\/product"}],"replies":[{"embeddable":true,"href":"https:\/\/shop4trac.com\/fr\/wp-json\/wp\/v2\/comments?post=16895"}],"wp:featuredmedia":[{"embeddable":true,"href":"https:\/\/shop4trac.com\/fr\/wp-json\/wp\/v2\/media\/89925"}],"wp:attachment":[{"href":"https:\/\/shop4trac.com\/fr\/wp-json\/wp\/v2\/media?parent=16895"}],"wp:term":[{"taxonomy":"product_cat","embeddable":true,"href":"https:\/\/shop4trac.com\/fr\/wp-json\/wp\/v2\/product_cat?post=16895"},{"taxonomy":"product_tag","embeddable":true,"href":"https:\/\/shop4trac.com\/fr\/wp-json\/wp\/v2\/product_tag?post=16895"}],"curies":[{"name":"wp","href":"https:\/\/api.w.org\/{rel}","templated":true}]}}