{"id":16880,"date":"2020-02-29T16:46:00","date_gmt":"2020-02-29T15:46:00","guid":{"rendered":"https:\/\/shop4trac.com\/product\/kit-dembrayage-yanmar-ym-ymg-serie\/"},"modified":"2025-08-01T18:51:18","modified_gmt":"2025-08-01T16:51:18","slug":"kit-dembrayage-yanmar-ym-ymg-serie","status":"publish","type":"product","link":"https:\/\/shop4trac.com\/fr\/embrayage-transmission\/disque-dembrayage\/kit-dembrayage-yanmar-ym-ymg-serie\/","title":{"rendered":"Disque d&#8217;embrayage Yanmar YM1800 \u2013 YM2420 | YMG1800 \u2013 YMG2000"},"content":{"rendered":"<p class=\"p1\"><b>Disque d&#8217;embrayage \u2013 Qualit\u00e9 sup\u00e9rieure avec centre \u00e0 ressort<\/b><b><\/b><\/p>\n<p class=\"p2\">Ce disque d&#8217;embrayage a \u00e9t\u00e9 con\u00e7u pour une fiabilit\u00e9 maximale et une transmission de puissance fluide. Le centre amorti (sprung) att\u00e9nue les vibrations et prot\u00e8ge la transmission, tandis que le mat\u00e9riau de friction organique assure une adh\u00e9rence durable sous des charges variables. <\/p>\n<p class=\"p2\">\u2705 Centre amorti pour un fonctionnement en douceur<\/p>\n<p class=\"p2\">\u2705 Couche de friction organique \u00e0 haute r\u00e9sistance \u00e0 l&rsquo;usure<\/p>\n<p class=\"p2\">\u2705 Ajustement OEM et pr\u00eat \u00e0 l&rsquo;installation<\/p>\n<p class=\"p1\"><b>Sp\u00e9cifications techniques :<\/b><b><\/b><\/p>\n<ul>\n<li class=\"p1\"><span class=\"s1\">Diam\u00e8tre : <\/span><b>200 mm (7,87&Prime;)<\/b><b><\/b><\/li>\n<li class=\"p1\">Mat\u00e9riau de friction : <span class=\"s1\"><b>Organique<\/b><b><\/b><\/span><\/li>\n<li class=\"p1\"><span class=\"s1\">Noyau : <\/span><b>\u00c0 ressort<\/b><b><\/b><\/li>\n<li class=\"p1\">Dimension de l&rsquo;arbre : <span class=\"s1\"><b>15\/16&Prime; x 13 cannelures<\/b><\/span> (23,81 mm x 13)<\/li>\n<\/ul>\n<p>Convient aux mod\u00e8les suivants :<\/p>\n<p><strong>Yanmar<\/strong><\/p>\n<ul>\n<li>YMG1800, YMG2000<\/li>\n<li>YM1800, YM1820, YM2002, YM2202, YM2220, YM2402, YM2420<\/li>\n<li>1802, 1820, 2002, 2020, 2202, 2220, 2402, 2420<\/li>\n<\/ul>\n<p><strong>OEM pour r\u00e9f\u00e9rence<\/strong><\/p>\n<ul>\n<li>  194555-21400<\/li>\n<\/ul>\n","protected":false},"excerpt":{"rendered":"<p>Disque d&#8217;embrayage \u2013 Qualit\u00e9 sup\u00e9rieure avec centre \u00e0 ressort Ce disque d&#8217;embrayage a \u00e9t\u00e9 con\u00e7u pour une fiabilit\u00e9 maximale et une transmission de puissance fluide. Le centre amorti (sprung) att\u00e9nue les vibrations et prot\u00e8ge la transmission, tandis que le mat\u00e9riau de friction organique assure une adh\u00e9rence durable sous des charges variables. \u2705 Centre amorti pour&hellip;<\/p>\n","protected":false},"featured_media":42422,"comment_status":"open","ping_status":"closed","template":"","meta":[],"product_cat":[440,438],"product_tag":[3894],"class_list":{"0":"post-16880","1":"product","2":"type-product","3":"status-publish","4":"has-post-thumbnail","6":"product_cat-disque-dembrayage","7":"product_cat-embrayage-transmission","8":"product_tag-snelparts-fr","9":"pa_merk-yanmar-fr","11":"first","12":"instock","13":"sale","14":"taxable","15":"shipping-taxable","16":"purchasable","17":"product-type-simple","18":"col-xs-6 col-sm-4","19":"col-md-3 col-lg-3","20":"un-4-cols"},"_links":{"self":[{"href":"https:\/\/shop4trac.com\/fr\/wp-json\/wp\/v2\/product\/16880","targetHints":{"allow":["GET"]}}],"collection":[{"href":"https:\/\/shop4trac.com\/fr\/wp-json\/wp\/v2\/product"}],"about":[{"href":"https:\/\/shop4trac.com\/fr\/wp-json\/wp\/v2\/types\/product"}],"replies":[{"embeddable":true,"href":"https:\/\/shop4trac.com\/fr\/wp-json\/wp\/v2\/comments?post=16880"}],"wp:featuredmedia":[{"embeddable":true,"href":"https:\/\/shop4trac.com\/fr\/wp-json\/wp\/v2\/media\/42422"}],"wp:attachment":[{"href":"https:\/\/shop4trac.com\/fr\/wp-json\/wp\/v2\/media?parent=16880"}],"wp:term":[{"taxonomy":"product_cat","embeddable":true,"href":"https:\/\/shop4trac.com\/fr\/wp-json\/wp\/v2\/product_cat?post=16880"},{"taxonomy":"product_tag","embeddable":true,"href":"https:\/\/shop4trac.com\/fr\/wp-json\/wp\/v2\/product_tag?post=16880"}],"curies":[{"name":"wp","href":"https:\/\/api.w.org\/{rel}","templated":true}]}}