{"id":16698,"date":"2020-02-29T16:47:10","date_gmt":"2020-02-29T15:47:10","guid":{"rendered":"https:\/\/shop4trac.com\/product\/bougie-de-prechauffage-iseki-tx-mitsubishi-d-mt-satoh\/"},"modified":"2026-04-05T18:05:33","modified_gmt":"2026-04-05T17:05:33","slug":"bougie-de-prechauffage-iseki-tx-mitsubishi-d-mt-satoh","status":"publish","type":"product","link":"https:\/\/shop4trac.com\/fr\/pieces-de-moteur\/bougie-de-prechauffage\/bougie-de-prechauffage-iseki-tx-mitsubishi-d-mt-satoh\/","title":{"rendered":"Bougie de pr\u00e9chauffage | bobine de pr\u00e9chauffage iseki TX | Mitsubishi d | MT | satoh | K3A \u2013 K3F | K4A \u2013 K4F | S3L \u2013 S4L2"},"content":{"rendered":"<p>Bougie de pr\u00e9chauffage de <strong>qualit\u00e9 sup\u00e9rieure<\/strong> adapt\u00e9e pour&nbsp;:<\/p>\n<p><strong>Sp\u00e9cifications techniques<\/strong><\/p>\n<ul>\n<li>Connexion&nbsp;: M4<\/li>\n<li>Dimensions des vis&nbsp;: M10 x 1,25<\/li>\n<li>Largeur de cl\u00e9&nbsp;: 12,0&nbsp;mm<\/li>\n<li>Longueur totale&nbsp;: 86&nbsp;mm<\/li>\n<\/ul>\n<p>Mod\u00e8les <span style=\"text-decoration: underline\">directement<\/span> ci-dessous pour les tracteurs. De plus, <span style=\"text-decoration: underline\">en bas de<\/span> la page, vous trouverez tous les autres mod\u00e8les compatibles <\/p>\n<p><strong>Iseki<\/strong><\/p>\n<ul>\n<li>TX145, TX155, TX1000, TX1210, TX1300 \u2013 <span style=\"text-decoration: underline\">note version M10<\/span> , TX1500, TX1500F<\/li>\n<li>TX1410, TX1410F, TX1500, TX1510, TX1510F, TX2140, TX2160<\/li>\n<li>TU1400, TU1500, TU1600, TU1401, TU1501, TU1601<\/li>\n<li>TU120, TU130, TU140, TU150, TU160, TU170<\/li>\n<li>TU145, TU155, TU157, TU160, TU165<\/li>\n<li>TU170, TU175, TU177<\/li>\n<\/ul>\n<p><strong>Bolens&nbsp;:<\/strong><\/p>\n<ul>\n<li>G152, G154, G174, H152, H154, H174<\/li>\n<li>TX1502, TX1504, TX1704, TX1704H<\/li>\n<\/ul>\n<p><strong>Mitsubishi<\/strong>&nbsp;:<\/p>\n<ul>\n<li>D1300, D1450, D1500, D1550, D1600, D1650, D1800, D1850, D2000, D2050, D2350<\/li>\n<li>MT1301, MT1401, MT1601, MT1801, MT2001, MT2201, MT2501, MTE1800, MTE2000<\/li>\n<li>MT160, MT160D, MT180, MT180D, MT180H, MT180HD, VST180D, MT200, MT210, MT210D, MT250, MT250D, MT300, MT300D<\/li>\n<li>MT1401, MT1401D, MT1601, MT1601D, MT1801, MT1801D, MT2001, MT2001D, MT2201, MT2201D, MT2501, MT2501D, MT2801, MT3201, MT4201, MT4501<\/li>\n<li>MTE1800, MTE1800D, MTE2000, MTE2000D, S670, S670D<\/li>\n<li>D3250, D3250FD, ST3220, ST3240, D3000, D3000FD, D3850, D3850FD, ST3820, ST3840<\/li>\n<\/ul>\n<p><strong>Noda<\/strong>&nbsp;:<\/p>\n<ul>\n<li>NR1301, 1501<\/li>\n<\/ul>\n<div class=\"short-description value\">\n<p><strong>Case&nbsp;:<br \/>\n<\/strong><\/p>\n<ul>\n<li>CX50<\/li>\n<\/ul>\n<p><strong>Case IH&nbsp;:<br \/>\n<\/strong><\/p>\n<ul>\n<li>234, 235, 244, 245, 254, 255, 265, 275, 1120, 1130, 1140<\/li>\n<\/ul>\n<\/div>\n<div class=\"long-description\">\n<div class=\"long-description-height\">\n<p><strong>Caterpillar&nbsp;:<br \/>\n<\/strong><\/p>\n<ul>\n<li>E302.5C, E303SR,E303.5, E304.5, E305.5, E308, H22A, N120<\/li>\n<\/ul>\n<p><strong>Cub cadet&nbsp;:<br \/>\n<\/strong><\/p>\n<ul>\n<li>7000, 7179, 7192, 7193, 7194, 7195, 7200, 7205, 7232, 7233, 7234, 7235, 7260, 7530<\/li>\n<\/ul>\n<p><strong>Farmtrac&nbsp;:<br \/>\n<\/strong><\/p>\n<ul>\n<li>300, 360<\/li>\n<\/ul>\n<p><strong>Kobelco&nbsp;:<\/strong><\/p>\n<ul>\n<li>SK045<\/li>\n<\/ul>\n<p><strong>Landtrac&nbsp;:<br \/>\n<\/strong><\/p>\n<ul>\n<li>300, 360<\/li>\n<\/ul>\n<p><strong>Mahindra&nbsp;:<br \/>\n<\/strong><\/p>\n<ul>\n<li>2015<\/li>\n<\/ul>\n<p><strong>White fieldboss<\/strong><\/p>\n<ul>\n<li>FB16<\/li>\n<\/ul>\n<\/div>\n<\/div>\n<p><strong>Satoh<\/strong>&nbsp;:<\/p>\n<ul>\n<li>ST1300, ST1420, ST1440, ST1510, ST1520, ST1540, ST1620, ST1640, ST1820, ST1840<\/li>\n<li>ST2020, ST2040<\/li>\n<li>S370, S373D, S470, S630, S-470-D<\/li>\n<\/ul>\n<p><strong>Moteur<\/strong><\/p>\n<ul>\n<li>KE70, KE75<\/li>\n<li>K3A, K3B, K3C, K3D, K3E, K3F, K3G<\/li>\n<li>K4A, K4B, K4C, K4D, K4E, K4F, K4G<\/li>\n<li>S3L, S4L, S3L2, S4L2<\/li>\n<li>S3S, S3Q, S3Q2, S4S, S4Q, S4Q2<\/li>\n<\/ul>\n<p><strong>OEM pour r\u00e9f\u00e9rence<\/strong><\/p>\n<ul>\n<li>MM401621, MM40162102, 56066657300<\/li>\n<li>MM409510, MM409-510<\/li>\n<li>32A66-03100, 32A66-03101, 32A66-03102<\/li>\n<li>15204-65511, 15204-6551-1<\/li>\n<li>6281-410-0100-0, 5650-040-9510-0, 5650-040-1621-0<\/li>\n<li>30666-57300, 30666-50301, 30666-57302, 30666-57303<\/li>\n<li>129331-77800<\/li>\n<li>1273118C1, 1992825C1<\/li>\n<\/ul>\n<p>Remarque pour les versions 13&nbsp;HP, il s\u2019agit du type avec conception M10. Pour le M12, consultez la gamme&nbsp;! <\/p>\n<p><strong>Autres machines<\/strong><\/p>\n<p><strong>A.M.I.&nbsp;:<\/strong><\/p>\n<ul>\n<li>Groupe \u00e9lectrog\u00e8ne&nbsp;: GS&nbsp;0009&nbsp;M&nbsp;32S, GS&nbsp;0013&nbsp;M&nbsp;32S, GS&nbsp;0025&nbsp;M&nbsp;32S<\/li>\n<\/ul>\n<p><strong>Atlas&nbsp;:<\/strong><\/p>\n<ul>\n<li>AM29R, AM29R, AM35R, AM35R<\/li>\n<\/ul>\n<p><strong>Bobcat&nbsp;:<\/strong><\/p>\n<ul>\n<li>Excavatrice X125<\/li>\n<\/ul>\n<p><strong>Broadcrown&nbsp;:<\/strong><\/p>\n<ul>\n<li>BCM&nbsp;12-50SP&nbsp;E2, BCM&nbsp;15-60, BCM&nbsp;15-60SP&nbsp;iT4, BCM&nbsp;15-60SP, BCM&nbsp;16-50&nbsp;E2<\/li>\n<\/ul>\n<p><strong>Caterpillar&nbsp;:<\/strong><\/p>\n<ul>\n<li>Mini-pelles hydrauliques&nbsp;: 302.5C, 303CR, 303SR<\/li>\n<li>ZL&nbsp;2B, ZLS&nbsp;2B<\/li>\n<\/ul>\n<p><strong>Craftsman Marine (Mitsubishi)&nbsp;:<\/strong><\/p>\n<ul>\n<li>CM4.42<\/li>\n<\/ul>\n<p><strong>Deutz-fahr&nbsp;:<\/strong><\/p>\n<ul>\n<li>Agrokid&nbsp;25A, Agrokid&nbsp;25&nbsp;A\/HST<\/li>\n<li>Agrokid&nbsp;35&nbsp;a, agrokid&nbsp;45&nbsp;a<\/li>\n<\/ul>\n<p><strong>Ferrari&nbsp;:<\/strong><\/p>\n<ul>\n<li>Moteur de tracteur K3E<\/li>\n<li>Tracteur tracteur<\/li>\n<\/ul>\n<p><strong>Frigoblock&nbsp;:<\/strong><\/p>\n<ul>\n<li>DS&nbsp;12L, DS&nbsp;17<\/li>\n<\/ul>\n<p><strong>Geko&nbsp;:<\/strong><\/p>\n<ul>\n<li>DH\/S&nbsp;15, DH\/S&nbsp;15&nbsp;MF<\/li>\n<\/ul>\n<p><strong>Hanix&nbsp;:<\/strong><\/p>\n<ul>\n<li>Excavatrice, Mitsubishi K4D<\/li>\n<li>N06, N120, N150-2<\/li>\n<li>S&amp;B15SR, S&amp;B25, \u200b\u200bN11, N220, N250, S&amp;B25III, N230-2<\/li>\n<\/ul>\n<p><strong>Engins de chantier Hitachi&nbsp;:<\/strong><\/p>\n<ul>\n<li>Excavatrice UE20, Excavatrice UE005<\/li>\n<\/ul>\n<p><strong>Hyundai Heavy Industries (Excavatrices)&nbsp;:<\/strong><\/p>\n<ul>\n<li>Mini-excavatrice&nbsp;: R25Z-9A, R27Z-9<\/li>\n<li>Excavatrice&nbsp;: Robex&nbsp;28-7, Robex&nbsp;35-7, Robex&nbsp;36N-7, Robex&nbsp;55-7<\/li>\n<\/ul>\n<p><strong>Ingersoll Rand&nbsp;:<\/strong><\/p>\n<ul>\n<li>G\u00e9n\u00e9rateur&nbsp;: G11, G12<\/li>\n<\/ul>\n<p><strong>JF marine power BV&nbsp;:<\/strong><\/p>\n<ul>\n<li>JF15-1500<\/li>\n<\/ul>\n<p><strong>K&amp;G&nbsp;:<\/strong><\/p>\n<ul>\n<li>G20<\/li>\n<\/ul>\n<p><strong>Kumiai&nbsp;:<\/strong><\/p>\n<ul>\n<li>ST1620, ST1640, ST1820, ST1840<\/li>\n<\/ul>\n<p><strong>Tracteurs LG&nbsp;:<\/strong><\/p>\n<ul>\n<li>LT280D, LT360D, LT360HST<\/li>\n<\/ul>\n<p><strong>Lamborghini&nbsp;:<\/strong><\/p>\n<ul>\n<li>Runner&nbsp;250, runner&nbsp;250&nbsp;jet<\/li>\n<li>Runner&nbsp;350, runner&nbsp;450<\/li>\n<\/ul>\n<p><strong>Mam (Mitsubishi Agricultural Machinery CO., LTD)&nbsp;:<\/strong><\/p>\n<ul>\n<li>Pelle 03-06-10, Mitsubishi K4D<\/li>\n<li>Tracteur&nbsp;: GS160, GS180, GS200, GS210, GS230, GS250, Moissonneuses-batteuses VS38, VY43 Tracteurs GO26, GO26H, GO28, GO28H, GO30, GO30H, GO32, GO32H, GO34, GO34H, GX34, GX37, MT251K, MT331K<\/li>\n<\/ul>\n<p><strong>Mastervolt&nbsp;:<\/strong><\/p>\n<ul>\n<li>Whisper&nbsp;12000&nbsp;Ultra, Whisper&nbsp;12000-1500\/50Hz, Whisper&nbsp;15000&nbsp;Ultra<\/li>\n<\/ul>\n<p><strong>Massey Ferguson&nbsp;:<\/strong><\/p>\n<ul>\n<li>MF&nbsp;2405, MF&nbsp;2410, MF&nbsp;2415<\/li>\n<\/ul>\n<p><strong>Moffett&nbsp;:<\/strong><\/p>\n<ul>\n<li>Chariot \u00e9l\u00e9vateur, mounty<\/li>\n<\/ul>\n<p><strong>Nagano&nbsp;:<\/strong><\/p>\n<ul>\n<li>Plateforme a\u00e9rienne&nbsp;: NA120A, NA90ZA<\/li>\n<li>Mini-excavatrice&nbsp;: NS35R-3, NB30, CX26-3, NS25-3, NUL120-3, NA90A, NUZ090D<\/li>\n<\/ul>\n<p><strong>Nilfisk-Alto&nbsp;:<\/strong><\/p>\n<ul>\n<li>Nettoyeur haute pression&nbsp;: Contractor Silent, Autolaveuse\/balayeuse ATS&nbsp;46, Autolaveuse\/balayeuse ATS&nbsp;53<\/li>\n<\/ul>\n<p><strong>Optimess&nbsp;:<\/strong><\/p>\n<ul>\n<li>BHKW&nbsp;: tiger&nbsp;8\/16&nbsp;PPN<\/li>\n<\/ul>\n<p><strong>Pel Job&nbsp;:<\/strong><\/p>\n<ul>\n<li>EB14, EB12, EB11<\/li>\n<li>EB28.4, EB22, EB22.4, EB16, LS286<\/li>\n<\/ul>\n<p><strong>Pronar&nbsp;:<\/strong><\/p>\n<ul>\n<li>Tracteur&nbsp;320, tracteur&nbsp;320&nbsp;AM<\/li>\n<\/ul>\n<p><strong>Samofa&nbsp;:<\/strong><\/p>\n<ul>\n<li>Moteur K3B<\/li>\n<li>Industriel standard<\/li>\n<\/ul>\n<p><strong>Sabb&nbsp;:<\/strong><\/p>\n<ul>\n<li>Application marine, Application marine K4E<\/li>\n<li>Marine K4E<\/li>\n<\/ul>\n<p><strong>Same&nbsp;:<\/strong><\/p>\n<ul>\n<li>Solaris&nbsp;25<\/li>\n<li>Solaris&nbsp;35<\/li>\n<li>Tracteur<\/li>\n<\/ul>\n<p><strong>Schaeff terex&nbsp;:<\/strong><\/p>\n<ul>\n<li>Excavatrice HR02, HR4, HR3, HR4A, Chargeuse compacte SKL808, SKS611<\/li>\n<li>Excavatrice HR14, HR16, HR16A, HR3.7, HR4, HR3, HR4A, Chargeuse compacte SKL808<\/li>\n<\/ul>\n<p><strong>Seimitsu&nbsp;:<\/strong><\/p>\n<ul>\n<li>Groupe \u00e9lectrog\u00e8ne KDG-10T, Groupe de soudage PDW270<\/li>\n<\/ul>\n<p><strong>Sol\u00e9 diesel&nbsp;:<\/strong><\/p>\n<ul>\n<li>Marine G-15M-15, Marine G-15T-15, Marine G-25M-3, Marine G-25T-3, Marine Mini&nbsp;44, Marine Mini&nbsp;55<\/li>\n<\/ul>\n<p><strong>Groupe \u00e9lectrog\u00e8ne Teksan&nbsp;:<\/strong><\/p>\n<ul>\n<li>G\u00e9n\u00e9rateur TJ9MS, TJ11MS, TJ20MS, G\u00e9n\u00e9rateur TJ16MS, G\u00e9n\u00e9rateur TJ27MS<\/li>\n<\/ul>\n<p><strong>Technogen&nbsp;:<\/strong><\/p>\n<ul>\n<li>G\u00e9n\u00e9rateur MI12 \/ 4SX, G\u00e9n\u00e9rateur MI12T \/<\/li>\n<li>4SX, G\u00e9n\u00e9rateur MI17 \/ 4SX, G\u00e9n\u00e9rateur MI17T<\/li>\n<\/ul>\n<p><strong>Terex&nbsp;:<\/strong><\/p>\n<ul>\n<li>Excavatrice TC29, Excavatrice TC35, Excavatrice TC37<\/li>\n<\/ul>\n<p><strong>Terex-schaeff&nbsp;:<\/strong><\/p>\n<ul>\n<li>Excavatrice HR14, Excavatrice HR16, Excavatrice HR16A, Excavatrice HR3.7, Excavatrice TC29, Excavatrice TC35, Excavatrice TC37, Excavatrice HR16A, Excavatrice TC37, Excavatrice HR16A, Excavatrice TC35, Excavatrice HR16A, Excavatrice TC37, Excavatrice HR3.7, Excavatrice TC37<\/li>\n<\/ul>\n<p><strong>Toro&nbsp;:<\/strong><\/p>\n<ul>\n<li>Tondeuse de fairway Reelmaster&nbsp;220-D, Tondeuse \u00e0 gazon GM&nbsp;220D, Tondeuse \u00e0 gazon Groundsmaster&nbsp;220-D, V\u00e9hicule utilitaire Workman&nbsp;3300-D, V\u00e9hicule utilitaire Workman&nbsp;4300-D<\/li>\n<\/ul>\n<p><strong>Trition&nbsp;:<\/strong><\/p>\n<ul>\n<li>Groupe \u00e9lectrog\u00e8ne 15\/15<\/li>\n<\/ul>\n<p><strong>Vetus&nbsp;:<\/strong><\/p>\n<ul>\n<li>M3.10, M4.14, Navy M4.15, Navy M4.17<\/li>\n<\/ul>\n<p><strong>Volvo&nbsp;:<\/strong><\/p>\n<ul>\n<li>Excavatrice EC35<\/li>\n<\/ul>\n<p><strong>Weidemann&nbsp;:<\/strong><\/p>\n<ul>\n<li>Chargeuse sur pneus 1070D\/M, Chargeuse sur pneus 1050D\/M, 1705D\/M, 1802BLD\/M, 917D\/M, 919D\/M, 1055D\/M, 1504D\/M<\/li>\n<\/ul>\n<p><strong>Whisper power&nbsp;:<\/strong><\/p>\n<ul>\n<li>Groupe \u00e9lectrog\u00e8ne diesel Super Quiet SQ12 1500&nbsp;tr\/min 230&nbsp;V\/50&nbsp;Hz<\/li>\n<\/ul>\n<p><strong>Zeppelin&nbsp;:<\/strong><\/p>\n<ul>\n<li>Excavatrice ZR25, Excavatrice ZR35<\/li>\n<\/ul>\n","protected":false},"excerpt":{"rendered":"<p>Bougie de pr\u00e9chauffage de qualit\u00e9 sup\u00e9rieure adapt\u00e9e pour&nbsp;: Sp\u00e9cifications techniques Connexion&nbsp;: M4 Dimensions des vis&nbsp;: M10 x 1,25 Largeur de cl\u00e9&nbsp;: 12,0&nbsp;mm Longueur totale&nbsp;: 86&nbsp;mm Mod\u00e8les directement ci-dessous pour les tracteurs. De plus, en bas de la page, vous trouverez tous les autres mod\u00e8les compatibles Iseki TX145, TX155, TX1000, TX1210, TX1300 \u2013 note version M10&hellip;<\/p>\n","protected":false},"featured_media":106058,"comment_status":"open","ping_status":"closed","template":"","meta":[],"product_cat":[453],"product_tag":[3894],"class_list":{"0":"post-16698","1":"product","2":"type-product","3":"status-publish","4":"has-post-thumbnail","6":"product_cat-bougie-de-prechauffage","7":"product_tag-snelparts-fr","8":"pa_merk-atlas-fr","9":"pa_merk-bobcat-fr","10":"pa_merk-deutz-fr","11":"pa_merk-farmtrac-fr","12":"pa_merk-hitachi-fr","13":"pa_merk-hyundai-fr","14":"pa_merk-iseki-fr","15":"pa_merk-kumiai-fr","16":"pa_merk-massey-ferguson-fr","17":"pa_merk-mitsubishi-fr","18":"pa_merk-peljob-fr","19":"pa_merk-satoh-fr","20":"pa_merk-sole-diesel-fr","21":"pa_merk-takeushi-fr","22":"pa_merk-terex-fr","23":"pa_merk-toro-fr","24":"pa_merk-vetus-fr","25":"pa_motor-k3a-fr","26":"pa_motor-k3b-fr","27":"pa_motor-k3c-fr","28":"pa_motor-k3d-fr","29":"pa_motor-k3e-fr","30":"pa_motor-k3f-fr","31":"pa_motor-k4a-fr","32":"pa_motor-k4b-fr","33":"pa_motor-k4c-fr","34":"pa_motor-k4d-fr","35":"pa_motor-k4e-fr","36":"pa_motor-k4f-fr","37":"pa_motor-ke70-fr","38":"pa_motor-ke75-fr","39":"pa_motor-s3l-fr","40":"pa_motor-s4l-fr","42":"first","43":"instock","44":"sale","45":"taxable","46":"shipping-taxable","47":"purchasable","48":"product-type-simple","49":"col-xs-6 col-sm-4","50":"col-md-3 col-lg-3","51":"un-4-cols"},"_links":{"self":[{"href":"https:\/\/shop4trac.com\/fr\/wp-json\/wp\/v2\/product\/16698","targetHints":{"allow":["GET"]}}],"collection":[{"href":"https:\/\/shop4trac.com\/fr\/wp-json\/wp\/v2\/product"}],"about":[{"href":"https:\/\/shop4trac.com\/fr\/wp-json\/wp\/v2\/types\/product"}],"replies":[{"embeddable":true,"href":"https:\/\/shop4trac.com\/fr\/wp-json\/wp\/v2\/comments?post=16698"}],"wp:featuredmedia":[{"embeddable":true,"href":"https:\/\/shop4trac.com\/fr\/wp-json\/wp\/v2\/media\/106058"}],"wp:attachment":[{"href":"https:\/\/shop4trac.com\/fr\/wp-json\/wp\/v2\/media?parent=16698"}],"wp:term":[{"taxonomy":"product_cat","embeddable":true,"href":"https:\/\/shop4trac.com\/fr\/wp-json\/wp\/v2\/product_cat?post=16698"},{"taxonomy":"product_tag","embeddable":true,"href":"https:\/\/shop4trac.com\/fr\/wp-json\/wp\/v2\/product_tag?post=16698"}],"curies":[{"name":"wp","href":"https:\/\/api.w.org\/{rel}","templated":true}]}}