{"id":16697,"date":"2020-02-29T16:47:10","date_gmt":"2020-02-29T15:47:10","guid":{"rendered":"https:\/\/shop4trac.com\/product\/bougie-de-prechauffage-iseki-tx-1300-mitsubishi-d1300-mt1301\/"},"modified":"2026-01-05T11:12:14","modified_gmt":"2026-01-05T10:12:14","slug":"gloeibougie-gloeispiraal-iseki-tx-1300-mitsubishi-d1300-mt1301","status":"publish","type":"product","link":"https:\/\/shop4trac.com\/fr\/pieces-de-moteur\/bougie-de-prechauffage\/gloeibougie-gloeispiraal-iseki-tx-1300-mitsubishi-d1300-mt1301\/","title":{"rendered":"Bougie de pr\u00e9chauffage | Bobine incandescente Iseki TX 1300 | Mitsubishi D1300 | MT1301 | KE70 | M12"},"content":{"rendered":"<p>Bougie incandescente \/ Bougie de pr\u00e9chauffage de <strong>qualit\u00e9 premium<\/strong> adapt\u00e9e pour :<\/p>\n<p><strong>V\u00e9rifiez toujours votre bougie de pr\u00e9chauffage \u00e0 l&rsquo;avance pour ces mod\u00e8les afin de vous assurer que vous avez la bonne. <span style=\"text-decoration: underline\">Cela concerne la version M12<\/span> .  <\/strong><\/p>\n<p><strong>Iseki<\/strong><\/p>\n<ul>\n<li>TX1300 en version M12.<\/li>\n<li>Num\u00e9ro de ch\u00e2ssis \u00e0 v\u00e9rifier ! <span style=\"text-decoration: underline\">1 ~ 16015<\/span> alors c&rsquo;est la variante M12<\/li>\n<li>Num\u00e9ro moteur du moteur KE70 \u00e0 v\u00e9rifier ! <span style=\"text-decoration: underline\">1~2764<\/span> alors c&rsquo;est la variante M12<\/li>\n<\/ul>\n<p><strong>Satoh<\/strong><\/p>\n<ul>\n<li>S370, ST1300 en M12<\/li>\n<\/ul>\n<p><strong>Noda<\/strong><\/p>\n<ul>\n<li>NR1301 dans M12<\/li>\n<\/ul>\n<p><strong>Mitsubishi<\/strong><\/p>\n<ul>\n<li>D1300, MT1301 en M12<\/li>\n<li>D1500, D1500II<\/li>\n<\/ul>\n<p><strong>Moteur Mitsubishi<\/strong><\/p>\n<ul>\n<li>KE70, KE80, KE95<\/li>\n<\/ul>\n<p><strong>OEM pour r\u00e9f\u00e9rence<\/strong><\/p>\n<ul>\n<li>K9670240<\/li>\n<li>5669-670-240-00, 566967024000<\/li>\n<\/ul>\n<p><span style=\"text-decoration: underline\">Pour la version m10, voir nos autres bougies de pr\u00e9chauffage : SKU-55808<\/span><\/p>\n","protected":false},"excerpt":{"rendered":"<p>Bougie incandescente \/ Bougie de pr\u00e9chauffage de qualit\u00e9 premium adapt\u00e9e pour : V\u00e9rifiez toujours votre bougie de pr\u00e9chauffage \u00e0 l&rsquo;avance pour ces mod\u00e8les afin de vous assurer que vous avez la bonne. Cela concerne la version M12 . Iseki TX1300 en version M12. Num\u00e9ro de ch\u00e2ssis \u00e0 v\u00e9rifier ! 1 ~ 16015 alors c&rsquo;est la&hellip;<\/p>\n","protected":false},"featured_media":106028,"comment_status":"open","ping_status":"closed","template":"","meta":[],"product_cat":[453],"product_tag":[3894],"class_list":{"0":"post-16697","1":"product","2":"type-product","3":"status-publish","4":"has-post-thumbnail","6":"product_cat-bougie-de-prechauffage","7":"product_tag-snelparts-fr","8":"pa_merk-iseki-fr","9":"pa_merk-kumiai-fr","10":"pa_merk-mitsubishi-fr","11":"pa_merk-noda-fr","12":"pa_merk-satoh-fr","14":"first","15":"instock","16":"sale","17":"taxable","18":"shipping-taxable","19":"purchasable","20":"product-type-simple","21":"col-xs-6 col-sm-4","22":"col-md-3 col-lg-3","23":"un-4-cols"},"_links":{"self":[{"href":"https:\/\/shop4trac.com\/fr\/wp-json\/wp\/v2\/product\/16697","targetHints":{"allow":["GET"]}}],"collection":[{"href":"https:\/\/shop4trac.com\/fr\/wp-json\/wp\/v2\/product"}],"about":[{"href":"https:\/\/shop4trac.com\/fr\/wp-json\/wp\/v2\/types\/product"}],"replies":[{"embeddable":true,"href":"https:\/\/shop4trac.com\/fr\/wp-json\/wp\/v2\/comments?post=16697"}],"wp:featuredmedia":[{"embeddable":true,"href":"https:\/\/shop4trac.com\/fr\/wp-json\/wp\/v2\/media\/106028"}],"wp:attachment":[{"href":"https:\/\/shop4trac.com\/fr\/wp-json\/wp\/v2\/media?parent=16697"}],"wp:term":[{"taxonomy":"product_cat","embeddable":true,"href":"https:\/\/shop4trac.com\/fr\/wp-json\/wp\/v2\/product_cat?post=16697"},{"taxonomy":"product_tag","embeddable":true,"href":"https:\/\/shop4trac.com\/fr\/wp-json\/wp\/v2\/product_tag?post=16697"}],"curies":[{"name":"wp","href":"https:\/\/api.w.org\/{rel}","templated":true}]}}