{"id":16688,"date":"2020-02-29T16:47:11","date_gmt":"2020-02-29T15:47:11","guid":{"rendered":"https:\/\/shop4trac.com\/product\/bougie-de-prechauffage-kubota-l-01-serie\/"},"modified":"2026-02-12T21:26:18","modified_gmt":"2026-02-12T20:26:18","slug":"bougie-de-prechauffage-kubota-l-01-serie","status":"publish","type":"product","link":"https:\/\/shop4trac.com\/fr\/pieces-de-moteur\/bougie-de-prechauffage\/bougie-de-prechauffage-kubota-l-01-serie\/","title":{"rendered":"Bougie de pr\u00e9chauffage Kubota L-01 serie"},"content":{"rendered":"<p>Bougie de pr\u00e9chauffage adapt\u00e9e aux mod\u00e8les suivants:<\/p>\n<p>Kubota L1-18, L1-20, L1-185, L1-195, L1-205, L1-215<\/p>\n<p>&nbsp;<\/p>\n","protected":false},"excerpt":{"rendered":"<p>Bougie de pr\u00e9chauffage adapt\u00e9e aux mod\u00e8les suivants: Kubota L1-18, L1-20, L1-185, L1-195, L1-205, L1-215 &nbsp;<\/p>\n","protected":false},"featured_media":93186,"comment_status":"open","ping_status":"open","template":"","meta":[],"product_cat":[453],"product_tag":[3894],"class_list":{"0":"post-16688","1":"product","2":"type-product","3":"status-publish","4":"has-post-thumbnail","6":"product_cat-bougie-de-prechauffage","7":"product_tag-snelparts-fr","8":"pa_merk-kubota-fr","10":"first","11":"instock","12":"taxable","13":"shipping-taxable","14":"purchasable","15":"product-type-simple","16":"col-xs-6 col-sm-4","17":"col-md-3 col-lg-3","18":"un-4-cols"},"_links":{"self":[{"href":"https:\/\/shop4trac.com\/fr\/wp-json\/wp\/v2\/product\/16688","targetHints":{"allow":["GET"]}}],"collection":[{"href":"https:\/\/shop4trac.com\/fr\/wp-json\/wp\/v2\/product"}],"about":[{"href":"https:\/\/shop4trac.com\/fr\/wp-json\/wp\/v2\/types\/product"}],"replies":[{"embeddable":true,"href":"https:\/\/shop4trac.com\/fr\/wp-json\/wp\/v2\/comments?post=16688"}],"wp:featuredmedia":[{"embeddable":true,"href":"https:\/\/shop4trac.com\/fr\/wp-json\/wp\/v2\/media\/93186"}],"wp:attachment":[{"href":"https:\/\/shop4trac.com\/fr\/wp-json\/wp\/v2\/media?parent=16688"}],"wp:term":[{"taxonomy":"product_cat","embeddable":true,"href":"https:\/\/shop4trac.com\/fr\/wp-json\/wp\/v2\/product_cat?post=16688"},{"taxonomy":"product_tag","embeddable":true,"href":"https:\/\/shop4trac.com\/fr\/wp-json\/wp\/v2\/product_tag?post=16688"}],"curies":[{"name":"wp","href":"https:\/\/api.w.org\/{rel}","templated":true}]}}