{"id":165330,"date":"2025-09-12T10:20:06","date_gmt":"2025-09-12T08:20:06","guid":{"rendered":"https:\/\/shop4trac.com\/non%20class\u00e9\/injecteur-de-carburant-complet-yanmar-moteur-2tne68-3tne68-3tne74\/"},"modified":"2026-04-08T16:16:20","modified_gmt":"2026-04-08T15:16:20","slug":"injecteur-de-carburant-complet-yanmar-moteur-2tne68-3tne68-3tne74","status":"publish","type":"product","link":"https:\/\/shop4trac.com\/fr\/pieces-de-moteur\/atomiseur\/injecteur-de-carburant-complet-yanmar-moteur-2tne68-3tne68-3tne74\/","title":{"rendered":"Injecteur de carburant complet moteur Yanmar 2TNE68 \u2013 3TNE68"},"content":{"rendered":"<p data-path-to-node=\"5\"><b data-path-to-node=\"5\" data-index-in-node=\"3\">Exclusif de notre propre ligne de production :<\/b> un <b data-path-to-node=\"5\" data-index-in-node=\"46\">ensemble d&rsquo;injecteur complet<\/b>, enti\u00e8rement assembl\u00e9 et r\u00e9gl\u00e9. Cet injecteur &lsquo;<strong>Snelparts<\/strong>&lsquo; est directement pr\u00eat pour le montage. <\/p>\n<p data-path-to-node=\"6\">C&rsquo;est l&rsquo;injecteur de carburant polyvalent pour les moteurs <b data-path-to-node=\"6\" data-index-in-node=\"41\">Yanmar \u00e0 Injection Indirecte (IDI)<\/b>. Il convient aussi bien aux moteurs marins connus (s\u00e9rie GM) qu&rsquo;aux moteurs industriels (s\u00e9rie TNE) dans les pelles et groupes \u00e9lectrog\u00e8nes. <\/p>\n<p data-path-to-node=\"7\"><b data-path-to-node=\"7\" data-index-in-node=\"0\">conseils tir\u00e9s de l&rsquo;exp\u00e9rience :<\/b><\/p>\n<ul data-path-to-node=\"8\">\n<li>\n<p data-path-to-node=\"8,0,0\"><b data-path-to-node=\"8,0,0\" data-index-in-node=\"0\">Application :<\/b> Cet injecteur de carburant couvre une gamme \u00e9norme de moteurs. Du moteur de voilier (2GM20) \u00e0 la mini-pelle Komatsu (PC15). <\/p>\n<\/li>\n<li>\n<p data-path-to-node=\"8,1,0\"><b data-path-to-node=\"8,1,0\" data-index-in-node=\"0\">Montage :<\/b> Assure-toi que les anciennes rondelles de combustion (au fond de l&rsquo;arbre) sont retir\u00e9es avant de placer les nouvelles. L&#8217;empilement d&rsquo;anneaux provoque un mauvais angle d&rsquo;injection et de la fum\u00e9e. <\/p>\n<\/li>\n<\/ul>\n<p data-path-to-node=\"9\"><b data-path-to-node=\"9\" data-index-in-node=\"0\">sp\u00e9cifications techniques<\/b><\/p>\n<ul data-path-to-node=\"10\">\n<li>\n<p data-path-to-node=\"10,0,0\"><b data-path-to-node=\"10,0,0\" data-index-in-node=\"0\">Type :<\/b> Support d&rsquo;injecteur complet + buse<\/p>\n<\/li>\n<li>\n<p data-path-to-node=\"10,1,0\"><b data-path-to-node=\"10,1,0\" data-index-in-node=\"0\">Syst\u00e8me :<\/b> Injection Indirecte (IDI \/ Pr\u00e9chambre)<\/p>\n<\/li>\n<li>\n<p data-path-to-node=\"10,2,0\"><b data-path-to-node=\"10,2,0\" data-index-in-node=\"0\">Code moteur :<\/b> Yanmar GM, HM, TNE &amp; Komatsu s\u00e9rie 2D\/3D<\/p>\n<\/li>\n<\/ul>\n<div><strong>Livr\u00e9 avec un kit d\u2019\u00e9tanch\u00e9it\u00e9 complet pour un montage imm\u00e9diat !<\/strong> Nous livrons cet injecteur avec tous les joints en cuivre n\u00e9cessaires. Tu peux ainsi commencer l\u2019installation en toute s\u00e9curit\u00e9 et sans fuite. Le kit inclus comprend :  <\/p>\n<\/div>\n<ul>\n<li>Un nouveau <strong>pare-feu<\/strong> (joint pare-flamme) contre la chaleur extr\u00eame et la calamine.<\/li>\n<li>Un <strong>joint d\u2019injecteur<\/strong> en cuivre pour un maintien de la compression \u00e0 100 %.<\/li>\n<li>Un <strong>joint de retour<\/strong> pour \u00e9viter toute fuite de carburant.<\/li>\n<\/ul>\n<p data-path-to-node=\"11\"><b data-path-to-node=\"11\" data-index-in-node=\"0\">compatible avec les mod\u00e8les suivants :<\/b><\/p>\n<p data-path-to-node=\"12\"><b data-path-to-node=\"12\" data-index-in-node=\"0\">komatsu (machines)<\/b><\/p>\n<ul data-path-to-node=\"13\">\n<li>\n<p data-path-to-node=\"13,0,0\"><b data-path-to-node=\"13,0,0\" data-index-in-node=\"0\">Pelles :<\/b> PC05, PC07, PC10, PC12, PC15, PC20<\/p>\n<\/li>\n<li>\n<p data-path-to-node=\"13,1,0\">Diverses machines avec les moteurs 2D68E \/ 3D68E<\/p>\n<\/li>\n<\/ul>\n<p data-path-to-node=\"14\"><b data-path-to-node=\"14\" data-index-in-node=\"0\">moteur komatsu<\/b><\/p>\n<ul data-path-to-node=\"15\">\n<li>\n<p data-path-to-node=\"15,0,0\"><b data-path-to-node=\"15,0,0\" data-index-in-node=\"0\">2-Cylindres :<\/b><\/p>\n<ul data-path-to-node=\"15,0,1\">\n<li>\n<p data-path-to-node=\"15,0,1,0,0\">2D68E-3A, 2D68E-3B, 2D68E-3C<\/p>\n<\/li>\n<li>\n<p data-path-to-node=\"15,0,1,1,0\">2D68E-N3A, 2D68E-N3B, 2D68E-N3C, 2D68E-N3CB<\/p>\n<\/li>\n<\/ul>\n<\/li>\n<li>\n<p data-path-to-node=\"15,1,0\"><b data-path-to-node=\"15,1,0\" data-index-in-node=\"0\">3-Cylindres :<\/b><\/p>\n<ul data-path-to-node=\"15,1,1\">\n<li>\n<p data-path-to-node=\"15,1,1,0,0\">3D63-1A<\/p>\n<\/li>\n<li>\n<p data-path-to-node=\"15,1,1,1,0\">3D66-1A, 3D66-1KB<\/p>\n<\/li>\n<li>\n<p data-path-to-node=\"15,1,1,2,0\">3D68E-3C, 3D68E-3D, 3D68E-3G, 3D68E-3H, 3D68E-3K, 3D68E-N3A<\/p>\n<\/li>\n<li>\n<p data-path-to-node=\"15,1,1,3,0\">3D72-2B, 3D72-2BA, 3D72-2C, 3D72-2E, 3D72-2F, 3D72-2G, 3D72-2GA, 3D72-2H, 3D72-2HA<\/p>\n<\/li>\n<li>\n<p data-path-to-node=\"15,1,1,4,0\">3D72N-2BB<\/p>\n<\/li>\n<li>\n<p data-path-to-node=\"15,1,1,5,0\">3D74E-3C, 3D74E-N3A, 3D74E-N3AB<\/p>\n<\/li>\n<\/ul>\n<\/li>\n<\/ul>\n<p data-path-to-node=\"16\"><b data-path-to-node=\"16\" data-index-in-node=\"0\">thermo king<\/b><\/p>\n<ul data-path-to-node=\"17\">\n<li>\n<p data-path-to-node=\"17,0,0\">Diverses unit\u00e9s de refroidissement (notamment TK 3.74, TK 3.95)<\/p>\n<\/li>\n<\/ul>\n<p data-path-to-node=\"18\"><b data-path-to-node=\"18\" data-index-in-node=\"0\">yanmar marine (voiliers &amp; vedettes)<\/b><\/p>\n<ul data-path-to-node=\"19\">\n<li>\n<p data-path-to-node=\"19,0,0\"><b data-path-to-node=\"19,0,0\" data-index-in-node=\"0\">S\u00e9rie 1GM :<\/b> 1GM, 1GM10, 1GM10C, 1GM10L<\/p>\n<\/li>\n<li>\n<p data-path-to-node=\"19,1,0\"><b data-path-to-node=\"19,1,0\" data-index-in-node=\"0\">S\u00e9rie 2GM :<\/b> 2GM, 2GM20, 2GM20F, 2GM20-YEU<\/p>\n<\/li>\n<li>\n<p data-path-to-node=\"19,2,0\"><b data-path-to-node=\"19,2,0\" data-index-in-node=\"0\">S\u00e9rie 3GM :<\/b> 3GM, 3GM30, 3GM30F, 3GM30-YEU<\/p>\n<\/li>\n<li>\n<p data-path-to-node=\"19,3,0\"><b data-path-to-node=\"19,3,0\" data-index-in-node=\"0\">S\u00e9rie HM :<\/b> 3HM, 3HM35, 3HM35F<\/p>\n<\/li>\n<\/ul>\n<p data-path-to-node=\"20\"><b data-path-to-node=\"20\" data-index-in-node=\"0\">yanmar (industrie &amp; pelles)<\/b><\/p>\n<ul data-path-to-node=\"21\">\n<li>\n<p data-path-to-node=\"21,0,0\"><b data-path-to-node=\"21,0,0\" data-index-in-node=\"0\">S\u00e9rie B :<\/b> B12, B14, B15, B17, B18<\/p>\n<\/li>\n<li>\n<p data-path-to-node=\"21,1,0\"><b data-path-to-node=\"21,1,0\" data-index-in-node=\"0\">S\u00e9rie YB :<\/b> YB10, YB121, YB151<\/p>\n<\/li>\n<\/ul>\n<p data-path-to-node=\"22\"><b data-path-to-node=\"22\" data-index-in-node=\"0\">moteur yanmar (industriel)<\/b><\/p>\n<ul data-path-to-node=\"23\">\n<li>\n<p data-path-to-node=\"23,0,0\"><b data-path-to-node=\"23,0,0\" data-index-in-node=\"0\">S\u00e9rie 2TNE :<\/b><\/p>\n<ul data-path-to-node=\"23,0,1\">\n<li>\n<p data-path-to-node=\"23,0,1,0,0\">2TNE68 (Toutes variantes : -BL, -BL2, -BV, -CDM, -CMC, -CMC2, -DM, -DM4, -EBVA, -EFW, -EIK, -EN3BY, -ER, -ETBA, -LW, -N3BY, -YB)<\/p>\n<\/li>\n<li>\n<p data-path-to-node=\"23,0,1,1,0\">2TNE68C (-ENP, -ETR)<\/p>\n<\/li>\n<\/ul>\n<\/li>\n<li>\n<p data-path-to-node=\"23,1,0\"><b data-path-to-node=\"23,1,0\" data-index-in-node=\"0\">S\u00e9rie 3TN :<\/b><\/p>\n<ul data-path-to-node=\"23,1,1\">\n<li>\n<p data-path-to-node=\"23,1,1,0,0\">3TN66L (Toutes variantes : -EUB, -EUBA, -UB, -UBA, -UT, -UT1, -UWD)<\/p>\n<\/li>\n<li>\n<p data-path-to-node=\"23,1,1,1,0\">3TN66UJ<\/p>\n<\/li>\n<li>\n<p data-path-to-node=\"23,1,1,2,0\">3TN82<\/p>\n<\/li>\n<li>\n<p data-path-to-node=\"23,1,1,3,0\">3TNA72, 3TNA72L (-UDW2, -USK, -USR)<\/p>\n<\/li>\n<\/ul>\n<\/li>\n<li>\n<p data-path-to-node=\"23,2,0\"><b data-path-to-node=\"23,2,0\" data-index-in-node=\"0\">S\u00e9rie 3TNE :<\/b><\/p>\n<ul data-path-to-node=\"23,2,1\">\n<li>\n<p data-path-to-node=\"23,2,1,0,0\">3TNE68 (Toutes variantes : -DW, -DW1, -EBVA, -EBVB, -EIK, -EIKA, -ENBV, -ENSR, -ETB1, -ETBZ, -EYB, -HIN, -HT, -NBV, -NSR, -NTB, -TB1, -TBZ, -YB, -YBB)<\/p>\n<\/li>\n<li>\n<p data-path-to-node=\"23,2,1,1,0\">3TNE68C (-EMA, -ENP)<\/p>\n<\/li>\n<li>\n<p data-path-to-node=\"23,2,1,2,0\">3TNE68L (-EUBB, -UBA, -UBB, -UBC, -UBD, -LW)<\/p>\n<\/li>\n<li>\n<p data-path-to-node=\"23,2,1,3,0\">3TNE74 (Toutes variantes : -AD, -AF, -AMM, -DW, -EDO, -EN3AY, -ENBV, -ENYBB, -ENYBC, -EPE, -GB2, -GB2S, -HIN, -HT, -LT, -LW, -MG, -N3AY, -NYB, -NYBB, -PE, -USR)<\/p>\n<\/li>\n<li>\n<p data-path-to-node=\"23,2,1,4,0\">3TNE74C (-EMA, -ENP, -HP)<\/p>\n<\/li>\n<\/ul>\n<\/li>\n<\/ul>\n<p data-path-to-node=\"24\"><b data-path-to-node=\"24\" data-index-in-node=\"0\">Oem pour r\u00e9f\u00e9rence :<\/b><\/p>\n<ul>\n<li data-path-to-node=\"24\">Yanmar : 719255-53100, 729255-53100<\/li>\n<li data-path-to-node=\"24\">Yanmar (Industrie) : 719810-53100, 119810-53000<\/li>\n<li data-path-to-node=\"24\">Komatsu : YM119810-53000, YM719810-53100.<\/li>\n<\/ul>\n","protected":false},"excerpt":{"rendered":"<p>Exclusif de notre propre ligne de production : un ensemble d&rsquo;injecteur complet, enti\u00e8rement assembl\u00e9 et r\u00e9gl\u00e9. Cet injecteur &lsquo;Snelparts&lsquo; est directement pr\u00eat pour le montage. C&rsquo;est l&rsquo;injecteur de carburant polyvalent pour les moteurs Yanmar \u00e0 Injection Indirecte (IDI). Il convient aussi bien aux moteurs marins connus (s\u00e9rie GM) qu&rsquo;aux moteurs industriels (s\u00e9rie TNE) dans les&hellip;<\/p>\n","protected":false},"featured_media":193010,"comment_status":"closed","ping_status":"closed","template":"","meta":[],"product_cat":[21438,8108],"product_tag":[],"class_list":{"0":"post-165330","1":"product","2":"type-product","3":"status-publish","4":"has-post-thumbnail","6":"product_cat-atomiseur","7":"product_cat-buse-de-linjecteur-de-carburant","8":"pa_merk-komatsu-fr","9":"pa_merk-yanmar-fr","10":"pa_motor-3tne68-fr","11":"pa_motor-3tne74-fr","13":"first","14":"instock","15":"sale","16":"taxable","17":"shipping-taxable","18":"purchasable","19":"product-type-simple","20":"col-xs-6 col-sm-4","21":"col-md-3 col-lg-3","22":"un-4-cols"},"_links":{"self":[{"href":"https:\/\/shop4trac.com\/fr\/wp-json\/wp\/v2\/product\/165330","targetHints":{"allow":["GET"]}}],"collection":[{"href":"https:\/\/shop4trac.com\/fr\/wp-json\/wp\/v2\/product"}],"about":[{"href":"https:\/\/shop4trac.com\/fr\/wp-json\/wp\/v2\/types\/product"}],"replies":[{"embeddable":true,"href":"https:\/\/shop4trac.com\/fr\/wp-json\/wp\/v2\/comments?post=165330"}],"wp:featuredmedia":[{"embeddable":true,"href":"https:\/\/shop4trac.com\/fr\/wp-json\/wp\/v2\/media\/193010"}],"wp:attachment":[{"href":"https:\/\/shop4trac.com\/fr\/wp-json\/wp\/v2\/media?parent=165330"}],"wp:term":[{"taxonomy":"product_cat","embeddable":true,"href":"https:\/\/shop4trac.com\/fr\/wp-json\/wp\/v2\/product_cat?post=165330"},{"taxonomy":"product_tag","embeddable":true,"href":"https:\/\/shop4trac.com\/fr\/wp-json\/wp\/v2\/product_tag?post=165330"}],"curies":[{"name":"wp","href":"https:\/\/api.w.org\/{rel}","templated":true}]}}