{"id":16482,"date":"2020-02-29T16:44:25","date_gmt":"2020-02-29T15:44:25","guid":{"rendered":"https:\/\/shop4trac.com\/product\/joint-de-culasse-iseki-geas-21-23-233-25-253-29-33\/"},"modified":"2025-11-27T21:32:50","modified_gmt":"2025-11-27T19:32:50","slug":"joint-de-tete-iseki-geas","status":"publish","type":"product","link":"https:\/\/shop4trac.com\/fr\/pieces-de-moteur\/joint-de-culasse\/joint-de-tete-iseki-geas\/","title":{"rendered":"Joint de culasse | Iseki TG \u2013 TLE \u2013 TH \u2013 TM | E3CD | E3CD-T | E3CE | E3CG"},"content":{"rendered":"<p>Ce joint de culasse est de <span style=\"text-decoration: underline\">grande<\/span> qualit\u00e9 et les mod\u00e8les compatibles ont \u00e9t\u00e9 s\u00e9lectionn\u00e9s avec le plus grand soin!<\/p>\n<p><strong>Iseki<\/strong><\/p>\n<ul>\n<li>TG21, TG23, TG25, TG29, TG33 \u2013 GEAS<\/li>\n<li>AT280,<\/li>\n<li>TK21, TK29 TK532, TK538,<\/li>\n<li>TF223, TF330,<\/li>\n<li>TG5330 G, TG5330 H, TG5330 PS, TG5390 G, TG5390 H, TG5390 PS<\/li>\n<li>TG6370G, TG6370H, TG6370S<\/li>\n<li>TG6400 H, TG6400 S, TH4295FH, TH4295FS, TH4335FH, TH4335FS, TLE3400(FH)<\/li>\n<li>TH4365FH, TH4365FS<\/li>\n<li>TM3267F, TM3267H<\/li>\n<\/ul>\n<p><strong>Agco<\/strong><\/p>\n<ul>\n<li>ST30X, ST35, ST35H, ST35X<\/li>\n<\/ul>\n<p><strong>Challenger<\/strong><\/p>\n<ul>\n<li>MT265, MT265B, MT265H<\/li>\n<\/ul>\n<p><strong>Massey ferguson<\/strong><\/p>\n<ul>\n<li>1635<\/li>\n<li>1240, 1250<span style=\"text-decoration: underline\">(v\u00e9rifier le moteur s&rsquo;il s&rsquo;agit d&rsquo;un E3CD !<\/span>)<\/li>\n<li>1433, 1433H, 1433V, 1529, 1531, 1532, 1533, ZT-33<\/li>\n<\/ul>\n<p><strong>Moteur Iseki<\/strong><\/p>\n<ul>\n<li>E3CD, E3CD-T, E3CE<\/li>\n<\/ul>\n<p><strong>OEM pour r\u00e9f\u00e9rence<\/strong><\/p>\n<ul>\n<li><span style=\"font-family: Arial\">6211-141-023-50, <\/span>621114102350<\/li>\n<li>6211-141-023-40, 621114102340<\/li>\n<\/ul>\n<p><strong>Diam\u00e8tre du joint de culasse<\/strong><\/p>\n<ul>\n<li>88 mm<\/li>\n<\/ul>\n","protected":false},"excerpt":{"rendered":"<p>Ce joint de culasse est de grande qualit\u00e9 et les mod\u00e8les compatibles ont \u00e9t\u00e9 s\u00e9lectionn\u00e9s avec le plus grand soin! Iseki TG21, TG23, TG25, TG29, TG33 \u2013 GEAS AT280, TK21, TK29 TK532, TK538, TF223, TF330, TG5330 G, TG5330 H, TG5330 PS, TG5390 G, TG5390 H, TG5390 PS TG6370G, TG6370H, TG6370S TG6400 H, TG6400 S, TH4295FH,&hellip;<\/p>\n","protected":false},"featured_media":75649,"comment_status":"open","ping_status":"closed","template":"","meta":[],"product_cat":[457],"product_tag":[3894],"class_list":{"0":"post-16482","1":"product","2":"type-product","3":"status-publish","4":"has-post-thumbnail","6":"product_cat-joint-de-culasse","7":"product_tag-snelparts-fr","8":"pa_merk-iseki-fr","9":"pa_merk-massey-ferguson-fr","10":"pa_motor-e3cd-fr","11":"pa_motor-e3cdt-fr","12":"pa_motor-e3ce-fr","13":"pa_motor-e3cg-fr","15":"first","16":"instock","17":"taxable","18":"shipping-taxable","19":"purchasable","20":"product-type-simple","21":"col-xs-6 col-sm-4","22":"col-md-3 col-lg-3","23":"un-4-cols"},"_links":{"self":[{"href":"https:\/\/shop4trac.com\/fr\/wp-json\/wp\/v2\/product\/16482","targetHints":{"allow":["GET"]}}],"collection":[{"href":"https:\/\/shop4trac.com\/fr\/wp-json\/wp\/v2\/product"}],"about":[{"href":"https:\/\/shop4trac.com\/fr\/wp-json\/wp\/v2\/types\/product"}],"replies":[{"embeddable":true,"href":"https:\/\/shop4trac.com\/fr\/wp-json\/wp\/v2\/comments?post=16482"}],"wp:featuredmedia":[{"embeddable":true,"href":"https:\/\/shop4trac.com\/fr\/wp-json\/wp\/v2\/media\/75649"}],"wp:attachment":[{"href":"https:\/\/shop4trac.com\/fr\/wp-json\/wp\/v2\/media?parent=16482"}],"wp:term":[{"taxonomy":"product_cat","embeddable":true,"href":"https:\/\/shop4trac.com\/fr\/wp-json\/wp\/v2\/product_cat?post=16482"},{"taxonomy":"product_tag","embeddable":true,"href":"https:\/\/shop4trac.com\/fr\/wp-json\/wp\/v2\/product_tag?post=16482"}],"curies":[{"name":"wp","href":"https:\/\/api.w.org\/{rel}","templated":true}]}}