{"id":163807,"date":"2025-08-22T16:04:38","date_gmt":"2025-08-22T14:04:38","guid":{"rendered":"https:\/\/shop4trac.com\/non%20class\u00e9\/culasse-complete-kubota-d1105-d1305-a-19-a-195-gb20-bobcat\/"},"modified":"2026-04-07T07:05:58","modified_gmt":"2026-04-07T06:05:58","slug":"culasse-complete-kubota-d1105-d1305-a-19-a-195-gb20-bobcat","status":"publish","type":"product","link":"https:\/\/shop4trac.com\/fr\/pieces-de-moteur\/culasse-complete\/culasse-complete-kubota-d1105-d1305-a-19-a-195-gb20-bobcat\/","title":{"rendered":"Culasse compl\u00e8te Kubota | D1105 | D1305 A-19 A-195 | GB20 | Bobcat | Version 1 | Moteurs E2B \u2013 E3B"},"content":{"rendered":"<h4><b>Nouvelle culasse pour les anciens mod\u00e8les Kubota D1005, D1105, D1305<\/b><\/h4>\n<p class=\"p1\">\u2705 Cette culasse est <span class=\"s2\"><b>une pi\u00e8ce nouvellement fabriqu\u00e9e<\/b><\/span>, con\u00e7ue \u00e0 partir de mat\u00e9riaux de haute qualit\u00e9.<\/p>\n<ul>\n<li class=\"p3\"><em>Cette culasse convient aux <span class=\"s2\"><b>anciens mod\u00e8les appel\u00e9s Version 1<\/b><\/span><\/em><\/li>\n<li class=\"p3\">Comparez les trous de montage du couvercle de soupape.<\/li>\n<\/ul>\n<h4><b>Variante 1. Culasse compl\u00e8te avec soupapes et ressorts \u2013 pr\u00eate \u00e0 monter <\/b><\/h4>\n<p class=\"p3\">Cette nouvelle culasse est fabriqu\u00e9e \u00e0 partir de mat\u00e9riaux de haute qualit\u00e9 et est livr\u00e9e compl\u00e8te, avec les soupapes et les ressorts mont\u00e9s. Gr\u00e2ce \u00e0 l&rsquo;assemblage complet, vous n&rsquo;avez pas besoin de transf\u00e9rer ou d&rsquo;ajuster des pi\u00e8ces. <\/p>\n<p class=\"p3\">\u2705 Enti\u00e8rement assembl\u00e9e<\/p>\n<p class=\"p3\">\u2705 Soupapes et ressorts inclus<\/p>\n<p class=\"p3\">\u2705 Aucun r\u00e9glage suppl\u00e9mentaire n\u00e9cessaire<\/p>\n<p class=\"p3\">\u2705 Pr\u00eate \u00e0 monter imm\u00e9diatement<\/p>\n<p class=\"p3\">Une solution pr\u00eate \u00e0 l&#8217;emploi qui permet de gagner du temps en atelier et minimise le risque d&rsquo;erreurs de montage.<\/p>\n<p class=\"p3\">Cette culasse a \u00e9t\u00e9 soigneusement associ\u00e9e aux mod\u00e8les compatibles ci-dessous.<\/p>\n<hr>\n<h4><b>Variante <\/b><b>2. Culasse nue \u2013 avec si\u00e8ges de soupapes pr\u00e9-mont\u00e9s<\/b><\/h4>\n<p class=\"p3\">Cette culasse est fabriqu\u00e9e \u00e0 partir de mat\u00e9riaux de haute qualit\u00e9 et est livr\u00e9e comme une culasse nue avec des si\u00e8ges de soupapes d\u00e9j\u00e0 mont\u00e9s. La culasse est ainsi pr\u00eate pour un assemblage ult\u00e9rieur avec vos composants existants ou nouveaux. <\/p>\n<p class=\"p3\">\u2705 Nouvelle culasse de haute qualit\u00e9<\/p>\n<p class=\"p3\">\u2705 Si\u00e8ges de soupapes d\u00e9j\u00e0 mont\u00e9s<\/p>\n<p class=\"p3\">\u2705 Pr\u00eate pour un assemblage ult\u00e9rieur<\/p>\n<p class=\"p3\">\u2705 Adapt\u00e9e pour la r\u00e9vision ou une application sur mesure<\/p>\n<p class=\"p3\">Id\u00e9ale pour ceux qui veulent garder le contr\u00f4le sur l&rsquo;assemblage final ou r\u00e9utiliser des pi\u00e8ces sp\u00e9cifiques.<\/p>\n<p>&nbsp;<\/p>\n<p><span style=\"text-decoration: underline;\"><strong>Ce mod\u00e8le est destin\u00e9 aux anciens moteurs Kubota. Nous avons \u00e9galement la nouvelle version 2 de la culasse disponible. Voir en bas de page !  <\/strong><\/span><\/p>\n<p>&nbsp;<\/p>\n<p><strong>La culasse convient aux mod\u00e8les suivants :<\/strong><\/p>\n<p><strong>Moteur Kubota<\/strong><\/p>\n<ul>\n<li>D1105, D1105-E2B, D1105-E3B, D1105-E4B<\/li>\n<li>D1105T, D1105-Turbo<\/li>\n<li>D1305<\/li>\n<li>D1305, D1305-E4-D26-Q, D1305, D1305, D1305-E3-D22, D1305-E4-D26-R<\/li>\n<\/ul>\n<p><strong>Kubota  <\/strong><\/p>\n<ul>\n<li>A-19, A-195<\/li>\n<li>GB20<\/li>\n<li>B2400, B2410, B26 , B2630, B2620, B7610<\/li>\n<li>B2650, B2650 HSDC, B2650 HST, B3150 HST, B2920 HSD, B2650 HSD<\/li>\n<li>F3080<\/li>\n<li>KB225, KB23X<\/li>\n<li>J116-AUS, J116-STD, J119-SA, J119-STD, J320-AUS, J320-STD, J324-STD<\/li>\n<li>\n \t<\/li>\n<li>B7610HSD, B2400HST-D, B2400HST-E, B2410HSD, B2410HSDB, B2410HSE<\/li>\n<li>F2400, F2560, F2880, F2680, FZ2400<\/li>\n<li>U25S<\/li>\n<li>KX41-2S, KX41-2, KX61-2, KX61-2S, KX41H, RTV1100, RTV1100CW9<\/li>\n<li>U-27-4H<\/li>\n<li>U20-3a<\/li>\n<li>RTV1140CPX, RTV1100RW9, ZD28<\/li>\n<li>D1105 \u2013 F2400, F2560E, F2680E, F2690E, F2880, F2880E, ZD1211, ZD28<\/li>\n<li>KX61-2, KX61-2S<\/li>\n<\/ul>\n<p><strong>Machines Kubota<\/strong><\/p>\n<div class=\"flex-1 overflow-hidden\">\n<div class=\"react-scroll-to-bottom--css-ounqd-79elbk h-full dark:bg-gray-800\">\n<div class=\"react-scroll-to-bottom--css-ounqd-1n7m0yu\">\n<div class=\"flex flex-col items-center text-sm dark:bg-gray-800\">\n<div class=\"group w-full text-gray-800 dark:text-gray-100 border-b border-black\/10 dark:border-gray-900\/50 bg-gray-50 dark:bg-[#444654] sm:AIPRM__conversation__response\">\n<div class=\"text-base gap-4 md:gap-6 md:max-w-2xl lg:max-w-xl xl:max-w-3xl p-4 md:py-6 flex lg:px-0 m-auto\">\n<div class=\"relative flex w-[calc(100%-50px)] flex-col gap-1 md:gap-3 lg:w-[calc(100%-115px)]\">\n<div class=\"flex flex-grow flex-col gap-3\">\n<div class=\"min-h-[20px] flex flex-col items-start gap-4 whitespace-pre-wrap\">\n<div class=\"markdown prose w-full break-words dark:prose-invert light AIPRM__conversation__response\">\n<ul>\n<li>RT140, RT140D, RT150, RT150-2, RT150D, RT160-2, RT210, RT210-2, RT210D, RT220-2.<\/li>\n<\/ul>\n<\/div>\n<\/div>\n<\/div>\n<\/div>\n<\/div>\n<\/div>\n<\/div>\n<\/div>\n<\/div>\n<\/div>\n<p><strong>Hyundai<\/strong><\/p>\n<ul>\n<li>R25Z-9AK, R30Z-9AK<\/li>\n<\/ul>\n<p><strong>Hitachi<\/strong><\/p>\n<ul>\n<li>EX15-2<\/li>\n<\/ul>\n<p><strong>Bobcat<\/strong><\/p>\n<ul>\n<li>553<\/li>\n<li>E26<\/li>\n<\/ul>\n<p><strong>Giant<\/strong><\/p>\n<ul>\n<li>G1500, G1500 X-tra<\/li>\n<li>G2200, G2200 X-tra<\/li>\n<li>D242S, D261, D261S, D262S, D262SW, D263S, D263SW, D263SW X-tra<\/li>\n<li>D265, D331ST, D331SWT, D331T (S040), D331T (S068), D332ST, D332SWT<\/li>\n<li>D332SWT X-tra, D335T (S040), D335T (S068)<\/li>\n<\/ul>\n<p><strong>Steiner<\/strong><\/p>\n<ul>\n<li>230, 525 Tractor<\/li>\n<\/ul>\n<p><strong>Autres machines :<\/strong><\/p>\n<p><strong>Ausa<\/strong><\/p>\n<ul>\n<li>Ausa D100, D120, D150, D85<\/li>\n<\/ul>\n<p><strong>Avant<\/strong><\/p>\n<ul>\n<li>R28, 528, 630<\/li>\n<\/ul>\n<p><strong>Eurotrac<\/strong><\/p>\n<ul>\n<li>W11 K26, W11, K33<\/li>\n<\/ul>\n<p><strong>Manitou<\/strong><\/p>\n<ul>\n<li>TMT 20.17<\/li>\n<\/ul>\n<p><strong>Sch\u00e4ffer<\/strong><\/p>\n<ul>\n<li>2030, 2030 SLT<\/li>\n<\/ul>\n<p><b>OEM pour r\u00e9f\u00e9rence<\/b><\/p>\n<ul>\n<li class=\"p1\">16030-03044, 16022-03040<\/li>\n<\/ul>\n","protected":false},"excerpt":{"rendered":"<p>Nouvelle culasse pour les anciens mod\u00e8les Kubota D1005, D1105, D1305 \u2705 Cette culasse est une pi\u00e8ce nouvellement fabriqu\u00e9e, con\u00e7ue \u00e0 partir de mat\u00e9riaux de haute qualit\u00e9. Cette culasse convient aux anciens mod\u00e8les appel\u00e9s Version 1 Comparez les trous de montage du couvercle de soupape. Variante 1. Culasse compl\u00e8te avec soupapes et ressorts \u2013 pr\u00eate \u00e0&hellip;<\/p>\n","protected":false},"featured_media":140885,"comment_status":"closed","ping_status":"closed","template":"","meta":[],"product_cat":[25469,450],"product_tag":[],"class_list":{"0":"post-163807","1":"product","2":"type-product","3":"status-publish","4":"has-post-thumbnail","6":"product_cat-culasse-complete","7":"product_cat-culasses","8":"pa_merk-ausa-fr","9":"pa_merk-avant-fr","10":"pa_merk-bobcat-fr","11":"pa_merk-eurotrac-fr","12":"pa_merk-giant-fr","13":"pa_merk-hitachi-fr","14":"pa_merk-hyundai-fr","15":"pa_merk-kubota-fr","16":"pa_merk-manitou-fr","17":"pa_motor-d1105-fr","18":"pa_motor-d1305-fr","20":"first","21":"instock","22":"sale","23":"taxable","24":"shipping-taxable","25":"purchasable","26":"product-type-variable","27":"col-xs-6 col-sm-4","28":"col-md-3 col-lg-3","29":"un-4-cols"},"_links":{"self":[{"href":"https:\/\/shop4trac.com\/fr\/wp-json\/wp\/v2\/product\/163807","targetHints":{"allow":["GET"]}}],"collection":[{"href":"https:\/\/shop4trac.com\/fr\/wp-json\/wp\/v2\/product"}],"about":[{"href":"https:\/\/shop4trac.com\/fr\/wp-json\/wp\/v2\/types\/product"}],"replies":[{"embeddable":true,"href":"https:\/\/shop4trac.com\/fr\/wp-json\/wp\/v2\/comments?post=163807"}],"wp:featuredmedia":[{"embeddable":true,"href":"https:\/\/shop4trac.com\/fr\/wp-json\/wp\/v2\/media\/140885"}],"wp:attachment":[{"href":"https:\/\/shop4trac.com\/fr\/wp-json\/wp\/v2\/media?parent=163807"}],"wp:term":[{"taxonomy":"product_cat","embeddable":true,"href":"https:\/\/shop4trac.com\/fr\/wp-json\/wp\/v2\/product_cat?post=163807"},{"taxonomy":"product_tag","embeddable":true,"href":"https:\/\/shop4trac.com\/fr\/wp-json\/wp\/v2\/product_tag?post=163807"}],"curies":[{"name":"wp","href":"https:\/\/api.w.org\/{rel}","templated":true}]}}