{"id":158854,"date":"2025-06-27T13:53:04","date_gmt":"2025-06-27T11:53:04","guid":{"rendered":"https:\/\/shop4trac.com\/non%20class\u00e9\/relais-de-prechauffage-kubota-z402-d722-d905-d1703-v2203-v3600\/"},"modified":"2026-01-11T18:14:40","modified_gmt":"2026-01-11T17:14:40","slug":"relais-de-prechauffage-kubota-z402-d722-d905-d1703-v2203-v3600","status":"publish","type":"product","link":"https:\/\/shop4trac.com\/fr\/pieces-electriques\/relais-de-prechauffage\/relais-de-prechauffage-kubota-z402-d722-d905-d1703-v2203-v3600\/","title":{"rendered":"Relais de pr\u00e9chauffage Kubota Z402 | D722 \u2013 D905 \u2013 D1703 | V2203 \u2013 V3600"},"content":{"rendered":"<h5>Relais temporisateur de bougie de pr\u00e9chauffage | Relais de pr\u00e9chauffage<\/h5>\n<p class=\"p1\">Ce composant joue un r\u00f4le essentiel dans le processus de d\u00e9marrage \u00e0 froid en contr\u00f4lant pr\u00e9cis\u00e9ment les bougies de pr\u00e9chauffage, garantissant ainsi une combustion optimale \u00e0 basses temp\u00e9ratures.<\/p>\n<ul>\n<li class=\"p1\"><span class=\"s1\"><b>Tension :<\/b><\/span> 12 Volts CC<\/li>\n<li><strong>Connexions<\/strong> : 5 broches<\/li>\n<li class=\"p1\"><span class=\"s1\"><b>Fonction :<\/b><\/span> R\u00e9gulation automatique du pr\u00e9chauffage des bougies de pr\u00e9chauffage<\/li>\n<\/ul>\n<p>Convient aux moteurs Kubota suivants<\/p>\n<ul>\n<li class=\"p1\"><span class=\"s1\"><b>S\u00e9rie D :<\/b><\/span> D662, D722, D782, D902, D905, D1005, D1105, D1305, D1403, D1503, D1703<\/li>\n<li class=\"p1\"><span class=\"s1\"><b>S\u00e9rie V :<\/b><\/span> V2203, V2403, V2607, V3300, V3600<\/li>\n<li class=\"p1\"><span class=\"s1\"><b>S\u00e9rie Z :<\/b><\/span> Z402, Z482<\/li>\n<\/ul>\n<h5><b>? <\/b><b>Machines Compatibles<\/b><\/h5>\n<p class=\"p3\"><b>Kubota<\/b><\/p>\n<ul>\n<li class=\"p1\"><span class=\"s1\"><b>Tracteurs compacts :<\/b><\/span><\/li>\n<li class=\"p1\"><span class=\"s1\"><b>Mini-pelles et pelles moyennes :<\/b><\/span> KH101, KH151, KH191, KH36, KH41, KH51, KH61, KH66, KH91<\/li>\n<li class=\"p1\"><span class=\"s1\"><b>S\u00e9rie KX :<\/b><\/span> KX36, KX41, KX61, KX71, KX91, KX121, KX151, KX161<\/li>\n<li class=\"p1\"><span class=\"s1\"><b>S\u00e9rie U :<\/b><\/span> U20, U35, U45<\/li>\n<li class=\"p1\"><span class=\"s1\"><b>Chargeuses sur pneus :<\/b><\/span> R310, R410, R420, R510, R520<\/li>\n<li class=\"p1\"><span class=\"s1\"><b>Tombereaux sur chenilles :<\/b><\/span> KC80, KC100H, KC120, KC121<\/li>\n<\/ul>\n<p><strong>OEM pour r\u00e9f\u00e9rence<\/strong><\/p>\n<ul>\n<li>15694-65990, 15694-65992<\/li>\n<li>NGK S81NL<\/li>\n<\/ul>\n","protected":false},"excerpt":{"rendered":"<p>Relais temporisateur de bougie de pr\u00e9chauffage | Relais de pr\u00e9chauffage Ce composant joue un r\u00f4le essentiel dans le processus de d\u00e9marrage \u00e0 froid en contr\u00f4lant pr\u00e9cis\u00e9ment les bougies de pr\u00e9chauffage, garantissant ainsi une combustion optimale \u00e0 basses temp\u00e9ratures. Tension : 12 Volts CC Connexions : 5 broches Fonction : R\u00e9gulation automatique du pr\u00e9chauffage des bougies&hellip;<\/p>\n","protected":false},"featured_media":158843,"comment_status":"open","ping_status":"closed","template":"","meta":[],"product_cat":[423],"product_tag":[],"class_list":{"0":"post-158854","1":"product","2":"type-product","3":"status-publish","4":"has-post-thumbnail","6":"product_cat-relais-de-prechauffage","8":"first","9":"instock","10":"sale","11":"taxable","12":"shipping-taxable","13":"purchasable","14":"product-type-simple","15":"col-xs-6 col-sm-4","16":"col-md-3 col-lg-3","17":"un-4-cols"},"_links":{"self":[{"href":"https:\/\/shop4trac.com\/fr\/wp-json\/wp\/v2\/product\/158854","targetHints":{"allow":["GET"]}}],"collection":[{"href":"https:\/\/shop4trac.com\/fr\/wp-json\/wp\/v2\/product"}],"about":[{"href":"https:\/\/shop4trac.com\/fr\/wp-json\/wp\/v2\/types\/product"}],"replies":[{"embeddable":true,"href":"https:\/\/shop4trac.com\/fr\/wp-json\/wp\/v2\/comments?post=158854"}],"wp:featuredmedia":[{"embeddable":true,"href":"https:\/\/shop4trac.com\/fr\/wp-json\/wp\/v2\/media\/158843"}],"wp:attachment":[{"href":"https:\/\/shop4trac.com\/fr\/wp-json\/wp\/v2\/media?parent=158854"}],"wp:term":[{"taxonomy":"product_cat","embeddable":true,"href":"https:\/\/shop4trac.com\/fr\/wp-json\/wp\/v2\/product_cat?post=158854"},{"taxonomy":"product_tag","embeddable":true,"href":"https:\/\/shop4trac.com\/fr\/wp-json\/wp\/v2\/product_tag?post=158854"}],"curies":[{"name":"wp","href":"https:\/\/api.w.org\/{rel}","templated":true}]}}