{"id":15344,"date":"2020-02-29T16:46:45","date_gmt":"2020-02-29T15:46:45","guid":{"rendered":"https:\/\/shop4trac.com\/product\/oint-de-tete-kubota-d1302\/"},"modified":"2025-08-01T18:42:06","modified_gmt":"2025-08-01T16:42:06","slug":"joint-de-tete-kubota-d1302","status":"publish","type":"product","link":"https:\/\/shop4trac.com\/fr\/pieces-de-moteur\/joint-de-culasse\/joint-de-tete-kubota-d1302\/","title":{"rendered":"Joint de culasse Kubota D1302 | D1301"},"content":{"rendered":"<p>Ce joint de culasse est de <span style=\"text-decoration: underline\">grande<\/span> qualit\u00e9 et les mod\u00e8les compatibles ont \u00e9t\u00e9 s\u00e9lectionn\u00e9s avec le plus grand soin!<\/p>\n<p><strong>Kubota<\/strong><\/p>\n<ul>\n<li>L2002(DT), L275<\/li>\n<li>L2002, L2002DT, L2601, L2601D<\/li>\n<li>L295F, L295DT, L305F, L305DT<\/li>\n<li>\n<p class=\"p1\">L275, L2002, L2250<\/p>\n<\/li>\n<li>\n<p class=\"p1\">L1-18, L1-185, L1-195, L1-215, L305, L2601<\/p>\n<\/li>\n<li>KH60, KX11H<\/li>\n<\/ul>\n<p><strong>Zen-N\u00f4<\/strong><\/p>\n<ul>\n<li>ZL2002, ZL2002DT, L275<\/li>\n<li>ZL2601, ZL2601DT<\/li>\n<li>\n<p class=\"p1\">ZL1-18, ZL1-185, ZL1-195, ZL1-215<\/p>\n<\/li>\n<\/ul>\n<p><strong>Moteur Kubota<\/strong><\/p>\n<ul>\n<li>D1301, D1302<\/li>\n<li>D1301A<\/li>\n<\/ul>\n<p><strong>Al\u00e9sage<\/strong>: 82 mm<\/p>\n<p><strong>OEM pour r\u00e9f\u00e9rence&nbsp;:<\/strong><\/p>\n<ul>\n<li>15301-03311<\/li>\n<\/ul>\n<p><strong>Al\u00e9sage<\/strong> : 84 mm<\/p>\n","protected":false},"excerpt":{"rendered":"<p>Ce joint de culasse est de grande qualit\u00e9 et les mod\u00e8les compatibles ont \u00e9t\u00e9 s\u00e9lectionn\u00e9s avec le plus grand soin! Kubota L2002(DT), L275 L2002, L2002DT, L2601, L2601D L295F, L295DT, L305F, L305DT L275, L2002, L2250 L1-18, L1-185, L1-195, L1-215, L305, L2601 KH60, KX11H Zen-N\u00f4 ZL2002, ZL2002DT, L275 ZL2601, ZL2601DT ZL1-18, ZL1-185, ZL1-195, ZL1-215 Moteur Kubota D1301,&hellip;<\/p>\n","protected":false},"featured_media":35167,"comment_status":"open","ping_status":"closed","template":"","meta":[],"product_cat":[457],"product_tag":[2697,3894],"class_list":{"0":"post-15344","1":"product","2":"type-product","3":"status-publish","4":"has-post-thumbnail","6":"product_cat-joint-de-culasse","7":"product_tag-d1302-fr","8":"product_tag-snelparts-fr","9":"pa_merk-kubota-fr","10":"pa_merk-zen-noh-fr","11":"pa_motor-d1302-fr","13":"first","14":"instock","15":"taxable","16":"shipping-taxable","17":"purchasable","18":"product-type-simple","19":"col-xs-6 col-sm-4","20":"col-md-3 col-lg-3","21":"un-4-cols"},"_links":{"self":[{"href":"https:\/\/shop4trac.com\/fr\/wp-json\/wp\/v2\/product\/15344","targetHints":{"allow":["GET"]}}],"collection":[{"href":"https:\/\/shop4trac.com\/fr\/wp-json\/wp\/v2\/product"}],"about":[{"href":"https:\/\/shop4trac.com\/fr\/wp-json\/wp\/v2\/types\/product"}],"replies":[{"embeddable":true,"href":"https:\/\/shop4trac.com\/fr\/wp-json\/wp\/v2\/comments?post=15344"}],"wp:featuredmedia":[{"embeddable":true,"href":"https:\/\/shop4trac.com\/fr\/wp-json\/wp\/v2\/media\/35167"}],"wp:attachment":[{"href":"https:\/\/shop4trac.com\/fr\/wp-json\/wp\/v2\/media?parent=15344"}],"wp:term":[{"taxonomy":"product_cat","embeddable":true,"href":"https:\/\/shop4trac.com\/fr\/wp-json\/wp\/v2\/product_cat?post=15344"},{"taxonomy":"product_tag","embeddable":true,"href":"https:\/\/shop4trac.com\/fr\/wp-json\/wp\/v2\/product_tag?post=15344"}],"curies":[{"name":"wp","href":"https:\/\/api.w.org\/{rel}","templated":true}]}}