{"id":15233,"date":"2020-02-29T16:46:54","date_gmt":"2020-02-29T15:46:54","guid":{"rendered":"https:\/\/shop4trac.com\/product\/jeu-de-joints-kubota-b1-14-compleet-d850-motor\/"},"modified":"2025-09-11T09:25:48","modified_gmt":"2025-09-11T07:25:48","slug":"jeu-de-joints-kubota-b1-14-compleet-d850-motor","status":"publish","type":"product","link":"https:\/\/shop4trac.com\/fr\/pieces-de-moteur\/jeu-de-joints-detancheite\/jeu-de-joints-kubota-b1-14-compleet-d850-motor\/","title":{"rendered":"Ensemble de joints complet pour Kubota B1-14 | Moteur D850"},"content":{"rendered":"<p>Jeu de joints convenant pour :<\/p>\n<p><strong>  Kubota<\/strong><\/p>\n<ul>\n<li>B1-14<\/li>\n<li>Moteur D850<\/li>\n<\/ul>\n<p>Attention particuli\u00e8re \u00e0 apporter au joint de vilebrequin et aux joints de soupapes.<\/p>\n<p>Le couvercle de la valve peut \u00eatre scell\u00e9 avec un joint liquide.<\/p>\n<p>Al\u00e9sage : 72mm<\/p>\n","protected":false},"excerpt":{"rendered":"<p>Jeu de joints convenant pour : Kubota B1-14 Moteur D850 Attention particuli\u00e8re \u00e0 apporter au joint de vilebrequin et aux joints de soupapes. Le couvercle de la valve peut \u00eatre scell\u00e9 avec un joint liquide. Al\u00e9sage : 72mm<\/p>\n","protected":false},"featured_media":158687,"comment_status":"open","ping_status":"open","template":"","meta":[],"product_cat":[459,457],"product_tag":[2657,3894],"class_list":{"0":"post-15233","1":"product","2":"type-product","3":"status-publish","4":"has-post-thumbnail","6":"product_cat-jeu-de-joints-detancheite","7":"product_cat-joint-de-culasse","8":"product_tag-d850-fr","9":"product_tag-snelparts-fr","10":"pa_merk-kubota-fr","11":"pa_motor-d850-fr","13":"first","14":"instock","15":"taxable","16":"shipping-taxable","17":"purchasable","18":"product-type-simple","19":"col-xs-6 col-sm-4","20":"col-md-3 col-lg-3","21":"un-4-cols"},"_links":{"self":[{"href":"https:\/\/shop4trac.com\/fr\/wp-json\/wp\/v2\/product\/15233","targetHints":{"allow":["GET"]}}],"collection":[{"href":"https:\/\/shop4trac.com\/fr\/wp-json\/wp\/v2\/product"}],"about":[{"href":"https:\/\/shop4trac.com\/fr\/wp-json\/wp\/v2\/types\/product"}],"replies":[{"embeddable":true,"href":"https:\/\/shop4trac.com\/fr\/wp-json\/wp\/v2\/comments?post=15233"}],"wp:featuredmedia":[{"embeddable":true,"href":"https:\/\/shop4trac.com\/fr\/wp-json\/wp\/v2\/media\/158687"}],"wp:attachment":[{"href":"https:\/\/shop4trac.com\/fr\/wp-json\/wp\/v2\/media?parent=15233"}],"wp:term":[{"taxonomy":"product_cat","embeddable":true,"href":"https:\/\/shop4trac.com\/fr\/wp-json\/wp\/v2\/product_cat?post=15233"},{"taxonomy":"product_tag","embeddable":true,"href":"https:\/\/shop4trac.com\/fr\/wp-json\/wp\/v2\/product_tag?post=15233"}],"curies":[{"name":"wp","href":"https:\/\/api.w.org\/{rel}","templated":true}]}}