{"id":15203,"date":"2020-02-29T16:47:00","date_gmt":"2020-02-29T15:47:00","guid":{"rendered":"https:\/\/shop4trac.com\/product\/jeu-de-joints-kubota-b1500-d850-moteur\/"},"modified":"2025-08-01T18:40:07","modified_gmt":"2025-08-01T16:40:07","slug":"jeu-de-joints-kubota-b1500-d850-moteur","status":"publish","type":"product","link":"https:\/\/shop4trac.com\/fr\/pieces-de-moteur\/jeu-de-joints-detancheite\/jeu-de-joints-kubota-b1500-d850-moteur\/","title":{"rendered":"Jeu de joints Kubota B1500 | Moteur D850"},"content":{"rendered":"<p>Jeu de joints adapt\u00e9 pour Kubota B1500<\/p>\n<p>Attention particuli\u00e8re requise pour le joint de vilebrequin et les joints de soupapes.<\/p>\n<p>Le couvre-culasse peut \u00eatre scell\u00e9 avec un joint liquide.<\/p>\n<p>Al\u00e9sage : 72 mm<\/p>\n","protected":false},"excerpt":{"rendered":"<p>Jeu de joints adapt\u00e9 pour Kubota B1500 Attention particuli\u00e8re requise pour le joint de vilebrequin et les joints de soupapes. Le couvre-culasse peut \u00eatre scell\u00e9 avec un joint liquide. Al\u00e9sage : 72 mm<\/p>\n","protected":false},"featured_media":158687,"comment_status":"open","ping_status":"open","template":"","meta":[],"product_cat":[459,457],"product_tag":[2657,3894],"class_list":{"0":"post-15203","1":"product","2":"type-product","3":"status-publish","4":"has-post-thumbnail","6":"product_cat-jeu-de-joints-detancheite","7":"product_cat-joint-de-culasse","8":"product_tag-d850-fr","9":"product_tag-snelparts-fr","10":"pa_merk-kubota-fr","11":"pa_motor-d850-fr","13":"first","14":"instock","15":"sale","16":"taxable","17":"shipping-taxable","18":"purchasable","19":"product-type-simple","20":"col-xs-6 col-sm-4","21":"col-md-3 col-lg-3","22":"un-4-cols"},"_links":{"self":[{"href":"https:\/\/shop4trac.com\/fr\/wp-json\/wp\/v2\/product\/15203","targetHints":{"allow":["GET"]}}],"collection":[{"href":"https:\/\/shop4trac.com\/fr\/wp-json\/wp\/v2\/product"}],"about":[{"href":"https:\/\/shop4trac.com\/fr\/wp-json\/wp\/v2\/types\/product"}],"replies":[{"embeddable":true,"href":"https:\/\/shop4trac.com\/fr\/wp-json\/wp\/v2\/comments?post=15203"}],"wp:featuredmedia":[{"embeddable":true,"href":"https:\/\/shop4trac.com\/fr\/wp-json\/wp\/v2\/media\/158687"}],"wp:attachment":[{"href":"https:\/\/shop4trac.com\/fr\/wp-json\/wp\/v2\/media?parent=15203"}],"wp:term":[{"taxonomy":"product_cat","embeddable":true,"href":"https:\/\/shop4trac.com\/fr\/wp-json\/wp\/v2\/product_cat?post=15203"},{"taxonomy":"product_tag","embeddable":true,"href":"https:\/\/shop4trac.com\/fr\/wp-json\/wp\/v2\/product_tag?post=15203"}],"curies":[{"name":"wp","href":"https:\/\/api.w.org\/{rel}","templated":true}]}}