{"id":14960,"date":"2020-02-29T16:44:09","date_gmt":"2020-02-29T14:44:09","guid":{"rendered":"https:\/\/shop4trac.com\/product\/filtres-a-air-kubota-l-gl-iseki-geas-sial"},"modified":"2026-03-30T10:06:22","modified_gmt":"2026-03-30T09:06:22","slug":"filtres-a-air-kubota-l-gl-iseki-geas-sial","status":"publish","type":"product","link":"https:\/\/shop4trac.com\/fr\/filtres\/filtres-a-air-fr\/filtres-a-air-kubota-l-gl-iseki-geas-sial\/","title":{"rendered":"Filtre \u00e0 air Kubota L2500 \u2013 L4630 | GL201 \u2013 GL467 | Denyo | Mitsubishi"},"content":{"rendered":"<p>Filtre \u00e0 air de qualit\u00e9 <span style=\"text-decoration: underline\"><strong>sup\u00e9rieure<\/strong><\/span><\/p>\n<p><u>Tailles :<\/u><\/p>\n<ul>\n<li>Diam\u00e8tre ext\u00e9rieur : 104 mm<\/li>\n<li>Longueur : 252 mm<\/li>\n<li>Diam\u00e8tre int\u00e9rieur : 62 mm<\/li>\n<\/ul>\n<p>Convient aux machines suivantes<\/p>\n<p data-path-to-node=\"4\"><b data-path-to-node=\"4\" data-index-in-node=\"0\">Kubota<\/b><\/p>\n<ul>\n<li data-path-to-node=\"4\">F3060, F3060R<\/li>\n<li data-path-to-node=\"4\">GL201, GL220, GL221, GL240, GL241, GL260, GL261, GL268, GL277, GL280, GL281, GL300, GL301, GL320, GL321, GL337, GL367, GL368, GL417, GL418, GL467<\/li>\n<li data-path-to-node=\"4\">L2500, L2500DT, L2500F, L2600DT, L2600F, L2800, L2900, L2900DT, L2900DT-GST, L2900F, L2950D, L2950F, L3000DT, L3000F, L3010, L3130, L3300, L3300DT, L3300DT-GST, L3300F, L3400, L35, L3540, L3600, L3600D, L3600DT, L3600DT-GST, L3600HST, L3710D, L4200, L4200D, L4200DT, L4200DT-GST, L4310D, L4630, L8419, STV32<\/li>\n<\/ul>\n<p data-path-to-node=\"5\"><b data-path-to-node=\"5\" data-index-in-node=\"0\">Denyo<\/b><\/p>\n<ul>\n<li data-path-to-node=\"5\">DCA25ESEK<\/li>\n<\/ul>\n<p data-path-to-node=\"6\"><b data-path-to-node=\"6\" data-index-in-node=\"0\">Eisemann<\/b><\/p>\n<ul>\n<li data-path-to-node=\"6\">T15000DE<\/li>\n<\/ul>\n<p data-path-to-node=\"7\"><b data-path-to-node=\"7\" data-index-in-node=\"0\">Europower<\/b><\/p>\n<ul>\n<li data-path-to-node=\"7\">EPS14TDE, EPS20TDE, EPSR20TDE<\/li>\n<\/ul>\n<p data-path-to-node=\"8\"><b data-path-to-node=\"8\" data-index-in-node=\"0\">Cage<\/b><\/p>\n<ul>\n<li data-path-to-node=\"8\">M420.3<\/li>\n<\/ul>\n<p data-path-to-node=\"9\"><b data-path-to-node=\"9\" data-index-in-node=\"0\">Mahindra<\/b><\/p>\n<ul>\n<li data-path-to-node=\"9\">2615, 2615HST, 2816, 2816HST<\/li>\n<\/ul>\n<p data-path-to-node=\"10\"><b data-path-to-node=\"10\" data-index-in-node=\"0\">Mitsubishi<\/b><\/p>\n<ul>\n<li data-path-to-node=\"10\">MT2600, MT2600HST, MT3000, MT3000HST, MT3500<\/li>\n<\/ul>\n<p data-path-to-node=\"11\"><b data-path-to-node=\"11\" data-index-in-node=\"0\">Moffett<\/b><\/p>\n<ul>\n<li data-path-to-node=\"11\">M4-20.1NX, M4-20.3NX, M4-20.4NX, M4-25.1NX, M4-25.3NX, M4-25.4NX, M825.3<\/li>\n<\/ul>\n<p data-path-to-node=\"12\"><b data-path-to-node=\"12\" data-index-in-node=\"0\">Pronar Agricole<\/b><\/p>\n<ul>\n<li data-path-to-node=\"12\">320AMK<\/li>\n<\/ul>\n<p data-path-to-node=\"13\"><b data-path-to-node=\"13\" data-index-in-node=\"0\">Unic Cranes<\/b><\/p>\n<ul>\n<li data-path-to-node=\"13\">URW706<\/li>\n<\/ul>\n<p><b data-path-to-node=\"14\" data-index-in-node=\"0\">R\u00e9f\u00e9rence OEM :<\/b><\/p>\n<ul>\n<li>1A30-03200<\/li>\n<li>T0070-1632-0, T0070-1632-2, T0070-1632-3, T0070-16320, T0070-16323, T0070-16324<\/li>\n<\/ul>\n","protected":false},"excerpt":{"rendered":"<p>Filtre \u00e0 air de qualit\u00e9 sup\u00e9rieure Tailles : Diam\u00e8tre ext\u00e9rieur : 104 mm Longueur : 252 mm Diam\u00e8tre int\u00e9rieur : 62 mm Convient aux machines suivantes Kubota F3060, F3060R GL201, GL220, GL221, GL240, GL241, GL260, GL261, GL268, GL277, GL280, GL281, GL300, GL301, GL320, GL321, GL337, GL367, GL368, GL417, GL418, GL467 L2500, L2500DT, L2500F, L2600DT, L2600F,&hellip;<\/p>\n","protected":false},"featured_media":48221,"comment_status":"open","ping_status":"closed","template":"","meta":[],"product_cat":[678],"product_tag":[3894],"class_list":{"0":"post-14960","1":"product","2":"type-product","3":"status-publish","4":"has-post-thumbnail","6":"product_cat-filtres-a-air-fr","7":"product_tag-snelparts-fr","8":"pa_merk-iseki-fr","9":"pa_merk-kubota-fr","10":"pa_merk-mahindra-fr","11":"pa_merk-mitsubishi-fr","13":"first","14":"instock","15":"sale","16":"taxable","17":"shipping-taxable","18":"purchasable","19":"product-type-simple","20":"col-xs-6 col-sm-4","21":"col-md-3 col-lg-3","22":"un-4-cols"},"_links":{"self":[{"href":"https:\/\/shop4trac.com\/fr\/wp-json\/wp\/v2\/product\/14960","targetHints":{"allow":["GET"]}}],"collection":[{"href":"https:\/\/shop4trac.com\/fr\/wp-json\/wp\/v2\/product"}],"about":[{"href":"https:\/\/shop4trac.com\/fr\/wp-json\/wp\/v2\/types\/product"}],"replies":[{"embeddable":true,"href":"https:\/\/shop4trac.com\/fr\/wp-json\/wp\/v2\/comments?post=14960"}],"wp:featuredmedia":[{"embeddable":true,"href":"https:\/\/shop4trac.com\/fr\/wp-json\/wp\/v2\/media\/48221"}],"wp:attachment":[{"href":"https:\/\/shop4trac.com\/fr\/wp-json\/wp\/v2\/media?parent=14960"}],"wp:term":[{"taxonomy":"product_cat","embeddable":true,"href":"https:\/\/shop4trac.com\/fr\/wp-json\/wp\/v2\/product_cat?post=14960"},{"taxonomy":"product_tag","embeddable":true,"href":"https:\/\/shop4trac.com\/fr\/wp-json\/wp\/v2\/product_tag?post=14960"}],"curies":[{"name":"wp","href":"https:\/\/api.w.org\/{rel}","templated":true}]}}