{"id":139193,"date":"2025-01-03T10:31:09","date_gmt":"2025-01-03T09:31:09","guid":{"rendered":"https:\/\/shop4trac.com\/non%20class\u00e9\/kit-dentretien-complet-iseki-tx1300-tx1500-2-cylindres\/"},"modified":"2026-04-07T11:20:09","modified_gmt":"2026-04-07T10:20:09","slug":"kit-dentretien-complet-iseki-tx1300-tx1500-2-cylindres","status":"publish","type":"product","link":"https:\/\/shop4trac.com\/fr\/filtres\/kit-dentretien-complet\/kit-dentretien-complet-iseki-tx1300-tx1500-2-cylindres\/","title":{"rendered":"Kit d&rsquo;entretien complet Iseki TX1300 | TX1500 | 2 cylindres"},"content":{"rendered":"<p>Pourquoi ce kit d&rsquo;entretien complet&nbsp;? Avec ce kit, vous \u00eates tranquille pendant au moins 2 ans. Beaucoup oublient qu&rsquo;un petit effort peut entra\u00eener de grosses \u00e9conomies.   <strong>Et cela vous fait \u00e9conomiser plus de 50 \u20ac !<\/strong><\/p>\n<p>Le kit d&rsquo;entretien complet comprend<\/p>\n<ul>\n<li><strong>Courroie trap\u00e9zo\u00efdale<\/strong><\/li>\n<li><strong>Kit de filtres<\/strong> \u2013 filtre \u00e0 carburant + huile + air<\/li>\n<li><strong>Huile moteur<\/strong> \u2013 5 litres \u2013 suffisant pour ces tracteurs<\/li>\n<li><strong>Durite sup\u00e9rieure de radiateur<\/strong> \u2013 dess\u00e8chement courant des durites de liquide de refroidissement<\/li>\n<li><strong>Liquide de refroidissement<\/strong> \u2013 5 litres \u2013 suffisant pour ces tracteurs<\/li>\n<li><strong>Cl\u00e9 de contact<\/strong> \u2013 En tant que cl\u00e9 de rechange<\/li>\n<li><strong>Huile d&rsquo;essieu avant<\/strong> \u2013 important car il y en a souvent trop peu ou de l&rsquo;humidit\u00e9 est pr\u00e9sente dans l&rsquo;essieu. Pr\u00e9vient des co\u00fbts importants !  <\/li>\n<\/ul>\n<p><strong>Iseki<\/strong><\/p>\n<ul>\n<li>TX1300, TX1500, TX1300F, TX1500F<\/li>\n<\/ul>\n<p><strong>Bolens<\/strong><\/p>\n<ul>\n<li>G152, G154 \u2013 <span style=\"text-decoration: underline\"><strong>2 cylindres !<\/strong><\/span><\/li>\n<\/ul>\n","protected":false},"excerpt":{"rendered":"<p>Pourquoi ce kit d&rsquo;entretien complet&nbsp;? Avec ce kit, vous \u00eates tranquille pendant au moins 2 ans. Beaucoup oublient qu&rsquo;un petit effort peut entra\u00eener de grosses \u00e9conomies. Et cela vous fait \u00e9conomiser plus de 50 \u20ac ! Le kit d&rsquo;entretien complet comprend Courroie trap\u00e9zo\u00efdale Kit de filtres \u2013 filtre \u00e0 carburant + huile + air Huile&hellip;<\/p>\n","protected":false},"featured_media":177586,"comment_status":"open","ping_status":"closed","template":"","meta":[],"product_cat":[24649],"product_tag":[],"class_list":{"0":"post-139193","1":"product","2":"type-product","3":"status-publish","4":"has-post-thumbnail","6":"product_cat-kit-dentretien-complet","7":"pa_merk-iseki-fr","9":"first","10":"onbackorder","11":"sale","12":"taxable","13":"shipping-taxable","14":"purchasable","15":"product-type-simple","16":"col-xs-6 col-sm-4","17":"col-md-3 col-lg-3","18":"un-4-cols"},"_links":{"self":[{"href":"https:\/\/shop4trac.com\/fr\/wp-json\/wp\/v2\/product\/139193","targetHints":{"allow":["GET"]}}],"collection":[{"href":"https:\/\/shop4trac.com\/fr\/wp-json\/wp\/v2\/product"}],"about":[{"href":"https:\/\/shop4trac.com\/fr\/wp-json\/wp\/v2\/types\/product"}],"replies":[{"embeddable":true,"href":"https:\/\/shop4trac.com\/fr\/wp-json\/wp\/v2\/comments?post=139193"}],"wp:featuredmedia":[{"embeddable":true,"href":"https:\/\/shop4trac.com\/fr\/wp-json\/wp\/v2\/media\/177586"}],"wp:attachment":[{"href":"https:\/\/shop4trac.com\/fr\/wp-json\/wp\/v2\/media?parent=139193"}],"wp:term":[{"taxonomy":"product_cat","embeddable":true,"href":"https:\/\/shop4trac.com\/fr\/wp-json\/wp\/v2\/product_cat?post=139193"},{"taxonomy":"product_tag","embeddable":true,"href":"https:\/\/shop4trac.com\/fr\/wp-json\/wp\/v2\/product_tag?post=139193"}],"curies":[{"name":"wp","href":"https:\/\/api.w.org\/{rel}","templated":true}]}}