{"id":137099,"date":"2024-11-28T23:47:43","date_gmt":"2024-11-28T21:47:43","guid":{"rendered":"https:\/\/shop4trac.com\/non%20class\u00e9\/kubota-gl-gt-l1-b1700-b2410-piece-daccouplement-essieu-4x4-4wd-piece-intermediaire-cardan\/"},"modified":"2026-03-28T09:16:23","modified_gmt":"2026-03-28T08:16:23","slug":"kubota-gl-gt-l1-b1700-b2410-piece-daccouplement-essieu-4x4-4wd-piece-intermediaire-cardan","status":"publish","type":"product","link":"https:\/\/shop4trac.com\/fr\/embrayage-transmission\/arbre-a-cardan-joint-de-cardan\/kubota-gl-gt-l1-b1700-b2410-piece-daccouplement-essieu-4x4-4wd-piece-intermediaire-cardan\/","title":{"rendered":"Kubota GL | GT | L1 | B1700 \u2013 B2410 Pi\u00e8ce d&rsquo;accouplement essieu 4&#215;4 4wd pi\u00e8ce interm\u00e9diaire cardan"},"content":{"rendered":"<p>Pi\u00e8ce d&rsquo;accouplement pour essieu cannel\u00e9 d&rsquo;essieu 4RM \u00e0 l&rsquo;essieu avant de diff\u00e9rents mod\u00e8les Kubota&nbsp;:<\/p>\n<p><strong>Donn\u00e9es techniques<\/strong><\/p>\n<ul>\n<li>Cannelures&nbsp;: 14&nbsp;pi\u00e8ces<\/li>\n<li>Diam\u00e8tre 20mm<\/li>\n<\/ul>\n<p><strong>Kubota<\/strong><\/p>\n<ul>\n<li>B1700, B2100, B2110DT, B2400DT, B2410<\/li>\n<li>L1-22, L1-24, L1-225, L1-245, L1-275, L2550, L2850DT,<\/li>\n<li>GL19, GL21, GL23, GL25, GL26, GL27, GL29, GL32, GL33<\/li>\n<li>GL200, GL201, GL220, GL221, GL240, GL241, GL260, GL261, GL268, GL277, GL280, GL281<\/li>\n<li>GT-3, GT-5, GT-8<\/li>\n<li>GT-19, GT-21, GT-23<\/li>\n<li>KL21, KL23, KL25, KL27, KL30, KL33, KL330<\/li>\n<\/ul>\n<p><strong>Hinomoto<\/strong><\/p>\n<ul>\n<li>NX19, NX200, NX201, NX21, NX220, NX221, NX23, NX240, NX241, NX25, NX26, NX260, NX261, NX268, NX27, NX277, NX280, NX281, NX29, NX300, NX32, 0, NX321, NX33, NX337, NX338<\/li>\n<\/ul>\n<p><strong>Num\u00e9ro OEM pour r\u00e9f\u00e9rence<\/strong><\/p>\n<ul>\n<li>T0070-14710, h3130-44520, 31353-44520, 31353-4451-0, 31353-44510, T0070-1471-0<\/li>\n<\/ul>\n","protected":false},"excerpt":{"rendered":"<p>Pi\u00e8ce d&rsquo;accouplement pour essieu cannel\u00e9 d&rsquo;essieu 4RM \u00e0 l&rsquo;essieu avant de diff\u00e9rents mod\u00e8les Kubota&nbsp;: Donn\u00e9es techniques Cannelures&nbsp;: 14&nbsp;pi\u00e8ces Diam\u00e8tre 20mm Kubota B1700, B2100, B2110DT, B2400DT, B2410 L1-22, L1-24, L1-225, L1-245, L1-275, L2550, L2850DT, GL19, GL21, GL23, GL25, GL26, GL27, GL29, GL32, GL33 GL200, GL201, GL220, GL221, GL240, GL241, GL260, GL261, GL268, GL277, GL280, GL281 GT-3,&hellip;<\/p>\n","protected":false},"featured_media":137072,"comment_status":"open","ping_status":"closed","template":"","meta":[],"product_cat":[439],"product_tag":[],"class_list":{"0":"post-137099","1":"product","2":"type-product","3":"status-publish","4":"has-post-thumbnail","6":"product_cat-arbre-a-cardan-joint-de-cardan","7":"pa_merk-hinomoto-fr","8":"pa_merk-kubota-fr","10":"first","11":"instock","12":"sale","13":"taxable","14":"shipping-taxable","15":"purchasable","16":"product-type-simple","17":"col-xs-6 col-sm-4","18":"col-md-3 col-lg-3","19":"un-4-cols"},"_links":{"self":[{"href":"https:\/\/shop4trac.com\/fr\/wp-json\/wp\/v2\/product\/137099","targetHints":{"allow":["GET"]}}],"collection":[{"href":"https:\/\/shop4trac.com\/fr\/wp-json\/wp\/v2\/product"}],"about":[{"href":"https:\/\/shop4trac.com\/fr\/wp-json\/wp\/v2\/types\/product"}],"replies":[{"embeddable":true,"href":"https:\/\/shop4trac.com\/fr\/wp-json\/wp\/v2\/comments?post=137099"}],"wp:featuredmedia":[{"embeddable":true,"href":"https:\/\/shop4trac.com\/fr\/wp-json\/wp\/v2\/media\/137072"}],"wp:attachment":[{"href":"https:\/\/shop4trac.com\/fr\/wp-json\/wp\/v2\/media?parent=137099"}],"wp:term":[{"taxonomy":"product_cat","embeddable":true,"href":"https:\/\/shop4trac.com\/fr\/wp-json\/wp\/v2\/product_cat?post=137099"},{"taxonomy":"product_tag","embeddable":true,"href":"https:\/\/shop4trac.com\/fr\/wp-json\/wp\/v2\/product_tag?post=137099"}],"curies":[{"name":"wp","href":"https:\/\/api.w.org\/{rel}","templated":true}]}}