{"id":129491,"date":"2024-09-25T15:17:41","date_gmt":"2024-09-25T14:17:41","guid":{"rendered":"https:\/\/shop4trac.com\/non%20class\u00e9\/buse-de-linjecteur-iseki-ta207-ta-247-tu-237-dlla157pn020\/"},"modified":"2026-03-19T14:28:07","modified_gmt":"2026-03-19T13:28:07","slug":"buse-de-linjecteur-iseki-ta207-ta-247-tu-237-dlla157pn020","status":"publish","type":"product","link":"https:\/\/shop4trac.com\/fr\/pieces-de-moteur\/buse-de-linjecteur-de-carburant\/buse-de-linjecteur-iseki-ta207-ta-247-tu-237-dlla157pn020\/","title":{"rendered":"Buse Injecteur de carburant Iseki TA207 \u2013 TA 247 | TU 237 | DLLA157PN020"},"content":{"rendered":"<p data-path-to-node=\"3\"><b data-path-to-node=\"3\" data-index-in-node=\"2\">Nez dinjecteur de carburant avec kit de joints (DLLA157PN020)<\/b><\/p>\n<p data-path-to-node=\"4\">Exclusivit\u00e9 de notre propre ligne de production&nbsp;: un nez d\u2019injecteur de carburant (pointe) de haute qualit\u00e9 respectant les tol\u00e9rances les plus strictes. Cet injecteur de carburant multi-trous \u2018<strong>Snelparts<\/strong>\u2019 est l\u2019alternative sup\u00e9rieure aux pi\u00e8ces de rechange standard, id\u00e9al pour r\u00e9viser ton injecteur actuel sur les c\u00e9l\u00e8bres tracteurs compacts Iseki TA (Landleader) et TU (Landhope). <\/p>\n<p data-path-to-node=\"5\"><b data-path-to-node=\"5\" data-index-in-node=\"0\">\u26a0\ufe0f Conseil du m\u00e9cano:<\/b> <i data-path-to-node=\"5\" data-index-in-node=\"23\">Attention \u00e0 langle de pulv\u00e9risation! Ce nez DLLA157PN020 est sp\u00e9cifiquement calibr\u00e9 avec un angle de 157\u00b0 pour linjection directe dans les moteurs Iseki E3AG1, E3AE1 et E3AD1. Ne le monte pas dans dautres blocs moteurs pour \u00e9viter la formation de suie et une perte de puissance. V\u00e9rifie toujours le num\u00e9ro grav\u00e9 sur ton ancienne pi\u00e8ce!   <\/i><\/p>\n<p data-path-to-node=\"6\">Nous garantissons une pulv\u00e9risation parfaite et une \u00e9tanch\u00e9it\u00e9 exacte, ce qui se traduit par un moteur plus silencieux et une combustion plus propre. Des recherches approfondies ont t menes sur la qualit OEM, comparable aux grandes marques du secteur !<\/p>\n<p data-path-to-node=\"7\">\u2714\ufe0f Pulv\u00e9risation parfaite (angle de 157\u00b0 pour injection directe) \u2714\ufe0f Fabriqu\u00e9 selon les tol\u00e9rances OEM les plus strictes \u2714\ufe0f Pour une combustion plus propre et un moteur plus silencieux<\/p>\n<p data-path-to-node=\"8\"><b data-path-to-node=\"8\" data-index-in-node=\"0\">Livr\u00e9 avec un kit d\u2019\u00e9tanch\u00e9it\u00e9 complet pour un montage imm\u00e9diat !<\/b> Nous livrons ce nez d\u2019injecteur en standard avec tous les joints en cuivre neufs n\u00e9cessaires. Ainsi, tu peux replacer l\u2019injecteur de carburant directement dans le bloc moteur en toute s\u00e9curit\u00e9 et sans fuite apr\u00e8s le montage. Le kit inclus comprend&nbsp;: \u2022 Un nouveau <b data-path-to-node=\"8\" data-index-in-node=\"275\">heatshield<\/b> (pare-feu) contre la chaleur extr\u00eame et la formation de suie.   \u2022 Un <b data-path-to-node=\"8\" data-index-in-node=\"351\">joint d\u2019injecteur de carburant<\/b> en cuivre pour un maintien total de la compression. \u2022 Un <b data-path-to-node=\"8\" data-index-in-node=\"415\">joint de retour de carburant<\/b> pour \u00e9viter les fuites.<\/p>\n<p data-path-to-node=\"9\"><b data-path-to-node=\"9\" data-index-in-node=\"0\">Donn\u00e9es techniques :<\/b><\/p>\n<ul data-path-to-node=\"10\">\n<li>\n<p data-path-to-node=\"10,0,0\"><b data-path-to-node=\"10,0,0\" data-index-in-node=\"0\">Type&nbsp;:<\/b> Nez d\u2019injecteur de carburant \/ Pointe d\u2019injecteur (Injecteur \u00e0 trous multiples)<\/p>\n<\/li>\n<li>\n<p data-path-to-node=\"10,1,0\"><b data-path-to-node=\"10,1,0\" data-index-in-node=\"0\">Application&nbsp;:<\/b> Adapt\u00e9 aux tracteurs compacts (moteurs Iseki E3 sp\u00e9cifiques)<\/p>\n<\/li>\n<\/ul>\n<p data-path-to-node=\"11\"><b data-path-to-node=\"11\" data-index-in-node=\"0\">Iseki \u2013 Isuzu (Moteurs)<\/b><\/p>\n<ul>\n<li data-path-to-node=\"11\">E3AD1, E3AE1, E3AG1, E3DA1<\/li>\n<\/ul>\n<p data-path-to-node=\"12\"><b data-path-to-node=\"12\" data-index-in-node=\"0\">Iseki (Tracteurs)<\/b><\/p>\n<ul>\n<li data-path-to-node=\"12\">TA207, TA210, TA215, TA227, TA230, TA235, TA247, TA255<\/li>\n<li data-path-to-node=\"12\">TA312 \u2022 TU237, TU237Landhope<\/li>\n<\/ul>\n<p data-path-to-node=\"13\"><b data-path-to-node=\"13\" data-index-in-node=\"0\">R\u00e9f\u00e9rence OEM :<\/b><\/p>\n<ul>\n<li data-path-to-node=\"13\">DLLA157PN020 \u2022 105017-0200 (Zexel) \u2022 9432611335 \/ 9 432 611 335 (Bosch) \u2022 62153110040 \u2022 62153000041 \u2022 62153000040 \u2022 621531101800<\/li>\n<\/ul>\n","protected":false},"excerpt":{"rendered":"<p>Nez dinjecteur de carburant avec kit de joints (DLLA157PN020) Exclusivit\u00e9 de notre propre ligne de production&nbsp;: un nez d\u2019injecteur de carburant (pointe) de haute qualit\u00e9 respectant les tol\u00e9rances les plus strictes. Cet injecteur de carburant multi-trous \u2018Snelparts\u2019 est l\u2019alternative sup\u00e9rieure aux pi\u00e8ces de rechange standard, id\u00e9al pour r\u00e9viser ton injecteur actuel sur les c\u00e9l\u00e8bres tracteurs&hellip;<\/p>\n","protected":false},"featured_media":195492,"comment_status":"open","ping_status":"closed","template":"","meta":[],"product_cat":[8108],"product_tag":[23122,23400,23386,23396,23398,23383,23384,23385,23389,23121,23394,23390,23391,23393,23387,23388],"class_list":{"0":"post-129491","1":"product","2":"type-product","3":"status-publish","4":"has-post-thumbnail","6":"product_cat-buse-de-linjecteur-de-carburant","7":"product_tag-atomiseur","8":"product_tag-atomiseur-dlla157pn020","9":"product_tag-atomiseur-iseki","10":"product_tag-atomiseur-ta207-ta-247","11":"product_tag-atomiseur-tu-237","12":"product_tag-buse-datomiseur","13":"product_tag-buse-injecteur-de-carburant-iseki-ta207-ta-247-tu-237-dlla157pn020","14":"product_tag-buse-iseki","15":"product_tag-dlla157pn020-fr","16":"product_tag-iseki-fr","17":"product_tag-iseki-dlla157pn020-fr","18":"product_tag-iseki-ta207-fr","19":"product_tag-iseki-ta207-ta247-fr","20":"product_tag-iseki-tu237","21":"product_tag-ta207-ta247-fr","22":"product_tag-tu-237-fr","23":"pa_merk-iseki-fr","25":"first","26":"outofstock","27":"sale","28":"taxable","29":"shipping-taxable","30":"purchasable","31":"product-type-simple","32":"col-xs-6 col-sm-4","33":"col-md-3 col-lg-3","34":"un-4-cols"},"_links":{"self":[{"href":"https:\/\/shop4trac.com\/fr\/wp-json\/wp\/v2\/product\/129491","targetHints":{"allow":["GET"]}}],"collection":[{"href":"https:\/\/shop4trac.com\/fr\/wp-json\/wp\/v2\/product"}],"about":[{"href":"https:\/\/shop4trac.com\/fr\/wp-json\/wp\/v2\/types\/product"}],"replies":[{"embeddable":true,"href":"https:\/\/shop4trac.com\/fr\/wp-json\/wp\/v2\/comments?post=129491"}],"wp:featuredmedia":[{"embeddable":true,"href":"https:\/\/shop4trac.com\/fr\/wp-json\/wp\/v2\/media\/195492"}],"wp:attachment":[{"href":"https:\/\/shop4trac.com\/fr\/wp-json\/wp\/v2\/media?parent=129491"}],"wp:term":[{"taxonomy":"product_cat","embeddable":true,"href":"https:\/\/shop4trac.com\/fr\/wp-json\/wp\/v2\/product_cat?post=129491"},{"taxonomy":"product_tag","embeddable":true,"href":"https:\/\/shop4trac.com\/fr\/wp-json\/wp\/v2\/product_tag?post=129491"}],"curies":[{"name":"wp","href":"https:\/\/api.w.org\/{rel}","templated":true}]}}