{"id":129198,"date":"2024-09-24T12:08:26","date_gmt":"2024-09-24T11:08:26","guid":{"rendered":"https:\/\/shop4trac.com\/non%20class\u00e9\/atomiseur-buse-dinjection-iseki-tl2100-tl2300-isuzu-e3ae1-bolens-g272-g274\/"},"modified":"2026-03-19T14:28:57","modified_gmt":"2026-03-19T13:28:57","slug":"atomiseur-buse-dinjection-iseki-tl2100-tl2300-isuzu-e3ae1-bolens-g272-g274","status":"publish","type":"product","link":"https:\/\/shop4trac.com\/fr\/pieces-de-moteur\/buse-de-linjecteur-de-carburant\/atomiseur-buse-dinjection-iseki-tl2100-tl2300-isuzu-e3ae1-bolens-g272-g274\/","title":{"rendered":"Buse d&rsquo;injecteur Injecteur de carburant Iseki TL2100 \u2013 TL2300 | Isuzu E3AE1 | Bolens G272 \u2013 G274"},"content":{"rendered":"<p data-path-to-node=\"3\"><b data-path-to-node=\"3\" data-index-in-node=\"2\">Nez dinjecteur de carburant avec kit d\u00e9tanch\u00e9it\u00e9 (DLLA154PN095)<\/b><\/p>\n<p data-path-to-node=\"4\">En exclusivit\u00e9 de notre propre ligne de production: un nez dinjecteur de carburant (pointe) de haute qualit\u00e9 r\u00e9pondant aux tol\u00e9rances les plus strictes. Cet injecteur \u00e0 trous multiples \u00abSnelparts\u00bb est con\u00e7u comme lalternative sup\u00e9rieure aux pi\u00e8ces de rechange standard et est parfait pour r\u00e9viser ton injecteur actuel dans les s\u00e9ries embl\u00e9matiques Iseki TL et les tracteurs compacts Bolens. <\/p>\n<p data-path-to-node=\"5\"><b data-path-to-node=\"5\" data-index-in-node=\"0\">\u26a0\ufe0f Conseil du m\u00e9canicien (Attention \u00e0 ta s\u00e9rie de moteur!):<\/b> <i data-path-to-node=\"5\" data-index-in-node=\"48\">Ce nez d\u2019injecteur DLLA154PN095 a un angle de pulv\u00e9risation de <b data-path-to-node=\"5\" data-index-in-node=\"98\">154 degr\u00e9s<\/b> et convient exclusivement \u00e0 l\u2019<b data-path-to-node=\"5\" data-index-in-node=\"144\">ancienne s\u00e9rie<\/b> des moteurs Isuzu \/ Iseki 3AE1 et E3AE1. Iseki a modifi\u00e9 l\u2019angle d\u2019injection dans les s\u00e9ries ult\u00e9rieures. V\u00e9rifie toujours bien avant de commander si le num\u00e9ro grav\u00e9 sur ton nez d\u2019injecteur actuel correspond \u00e0 PN095&nbsp;!  <\/i><\/p>\n<p data-path-to-node=\"6\">Nous garantissons une pulv\u00e9risation parfaite et une \u00e9tanch\u00e9it\u00e9 exacte, ce qui se traduit par un moteur plus silencieux et une combustion plus propre. Des recherches approfondies ont t menes sur la qualit OEM, comparable aux grandes marques du secteur !<\/p>\n<p data-path-to-node=\"7\">\u2714\ufe0f Pulv\u00e9risation parfaite (angle de 154\u00b0 pour injection directe) \u2714\ufe0f Produit selon les tol\u00e9rances OEM les plus strictes \u2714\ufe0f Permet une combustion plus propre et un moteur plus silencieux<\/p>\n<p data-path-to-node=\"8\"><b data-path-to-node=\"8\" data-index-in-node=\"0\">Livr\u00e9 avec un kit d\u2019\u00e9tanch\u00e9it\u00e9 complet pour un montage imm\u00e9diat !<\/b> Nous livrons ce nez d\u2019injecteur en standard avec tous les joints en cuivre neufs n\u00e9cessaires. Ainsi, tu peux replacer l\u2019injecteur de carburant directement dans le bloc moteur en toute s\u00e9curit\u00e9 et sans fuite apr\u00e8s le montage. Le kit inclus comprend&nbsp;: \u2022 Un nouveau <b data-path-to-node=\"8\" data-index-in-node=\"275\">heatshield<\/b> (pare-feu) contre la chaleur extr\u00eame et la formation de suie.   \u2022 Un <b data-path-to-node=\"8\" data-index-in-node=\"351\">joint d\u2019injecteur de carburant<\/b> en cuivre pour un maintien total de la compression. \u2022 Un <b data-path-to-node=\"8\" data-index-in-node=\"415\">joint de retour de carburant<\/b> pour \u00e9viter les fuites.<\/p>\n<p data-path-to-node=\"9\"><b data-path-to-node=\"9\" data-index-in-node=\"0\">Donn\u00e9es techniques :<\/b><\/p>\n<ul data-path-to-node=\"10\">\n<li>\n<p data-path-to-node=\"10,0,0\"><b data-path-to-node=\"10,0,0\" data-index-in-node=\"0\">Type&nbsp;:<\/b> Nez d\u2019injecteur de carburant \/ Pointe d\u2019injecteur (Injecteur \u00e0 trous multiples)<\/p>\n<\/li>\n<li>\n<p data-path-to-node=\"10,1,0\"><b data-path-to-node=\"10,1,0\" data-index-in-node=\"0\">Application&nbsp;:<\/b> Convient aux tracteurs compacts (transmission sp\u00e9cifique Isuzu \/ Iseki)<\/p>\n<\/li>\n<\/ul>\n<p data-path-to-node=\"11\"><b data-path-to-node=\"11\" data-index-in-node=\"0\">Isuzu \/ Iseki (Moteurs)<\/b><\/p>\n<ul>\n<li data-path-to-node=\"11\">3AE1, E3AE1 (Uniquement lancienne s\u00e9rie!)<\/li>\n<\/ul>\n<p data-path-to-node=\"12\"><b data-path-to-node=\"12\" data-index-in-node=\"0\">Iseki (Tracteurs)<\/b><\/p>\n<ul>\n<li data-path-to-node=\"12\">TE4270 \u2022 TL2100, TL2300, TL2500<\/li>\n<\/ul>\n<p data-path-to-node=\"13\"><b data-path-to-node=\"13\" data-index-in-node=\"0\">Bolens (Tracteurs)<\/b><\/p>\n<ul>\n<li data-path-to-node=\"13\">G272, G274<\/li>\n<\/ul>\n<p data-path-to-node=\"14\"><b data-path-to-node=\"14\" data-index-in-node=\"0\">R\u00e9f\u00e9rence OEM :<\/b><\/p>\n<ul>\n<li data-path-to-node=\"14\">DLLA154PN095 \u2022 105017-0950 (Zexel) \u2022 515311-0180 \u2022 62153000023 \u2022 6215-300-002-3<\/li>\n<\/ul>\n","protected":false},"excerpt":{"rendered":"<p>Nez dinjecteur de carburant avec kit d\u00e9tanch\u00e9it\u00e9 (DLLA154PN095) En exclusivit\u00e9 de notre propre ligne de production: un nez dinjecteur de carburant (pointe) de haute qualit\u00e9 r\u00e9pondant aux tol\u00e9rances les plus strictes. Cet injecteur \u00e0 trous multiples \u00abSnelparts\u00bb est con\u00e7u comme lalternative sup\u00e9rieure aux pi\u00e8ces de rechange standard et est parfait pour r\u00e9viser ton injecteur actuel&hellip;<\/p>\n","protected":false},"featured_media":195517,"comment_status":"open","ping_status":"closed","template":"","meta":[],"product_cat":[8108],"product_tag":[23124,23122,23136,23134,23135,23131,23132,23129,23130,23125,23123,23133,23121,23128,23126,23127],"class_list":{"0":"post-129198","1":"product","2":"type-product","3":"status-publish","4":"has-post-thumbnail","6":"product_cat-buse-de-linjecteur-de-carburant","7":"product_tag-ajutage","8":"product_tag-atomiseur","9":"product_tag-atomiseur-bolens","10":"product_tag-atomiseur-g272","11":"product_tag-atomiseur-g274","12":"product_tag-atomiseur-iseki-tl2100","13":"product_tag-atomiseur-iseki-tl2300","14":"product_tag-bolens-g262-fr","15":"product_tag-bolens-g274-fr","16":"product_tag-buse-dinjecteur-injecteur-de-carburant-iseki-tl2100-tl2300-isuzu-e3ae1-bolens-g272-g274","17":"product_tag-injecteur","18":"product_tag-injecteur-isuzu-e3ae1","19":"product_tag-iseki-fr","20":"product_tag-isuzue3ae1","21":"product_tag-tl2100-fr","22":"product_tag-tl2300-fr","23":"pa_merk-bolens-fr","24":"pa_merk-iseki-fr","26":"first","27":"instock","28":"sale","29":"taxable","30":"shipping-taxable","31":"purchasable","32":"product-type-simple","33":"col-xs-6 col-sm-4","34":"col-md-3 col-lg-3","35":"un-4-cols"},"_links":{"self":[{"href":"https:\/\/shop4trac.com\/fr\/wp-json\/wp\/v2\/product\/129198","targetHints":{"allow":["GET"]}}],"collection":[{"href":"https:\/\/shop4trac.com\/fr\/wp-json\/wp\/v2\/product"}],"about":[{"href":"https:\/\/shop4trac.com\/fr\/wp-json\/wp\/v2\/types\/product"}],"replies":[{"embeddable":true,"href":"https:\/\/shop4trac.com\/fr\/wp-json\/wp\/v2\/comments?post=129198"}],"wp:featuredmedia":[{"embeddable":true,"href":"https:\/\/shop4trac.com\/fr\/wp-json\/wp\/v2\/media\/195517"}],"wp:attachment":[{"href":"https:\/\/shop4trac.com\/fr\/wp-json\/wp\/v2\/media?parent=129198"}],"wp:term":[{"taxonomy":"product_cat","embeddable":true,"href":"https:\/\/shop4trac.com\/fr\/wp-json\/wp\/v2\/product_cat?post=129198"},{"taxonomy":"product_tag","embeddable":true,"href":"https:\/\/shop4trac.com\/fr\/wp-json\/wp\/v2\/product_tag?post=129198"}],"curies":[{"name":"wp","href":"https:\/\/api.w.org\/{rel}","templated":true}]}}