{"id":122987,"date":"2024-07-11T16:09:18","date_gmt":"2024-07-11T15:09:18","guid":{"rendered":"https:\/\/shop4trac.com\/non%20class\u00e9\/culasse-l3a-l3c-l3e-injection-indirecte\/"},"modified":"2025-08-04T21:01:32","modified_gmt":"2025-08-04T19:01:32","slug":"culasse-l3a-l3c-l3e-injection-indirecte","status":"publish","type":"product","link":"https:\/\/shop4trac.com\/fr\/pieces-de-moteur\/culasses\/culasse-l3a-l3c-l3e-injection-indirecte\/","title":{"rendered":"Culasse L3A | L3C Injection indirecte"},"content":{"rendered":"<h4><b>Culasse nue \u2013 avec si\u00e8ges de soupapes pr\u00e9-mont\u00e9s<\/b><\/h4>\n<p class=\"p3\">Cette culasse est fabriqu\u00e9e \u00e0 partir de mat\u00e9riaux de haute qualit\u00e9 et est livr\u00e9e comme une culasse nue avec des si\u00e8ges de soupapes d\u00e9j\u00e0 mont\u00e9s. La culasse est ainsi pr\u00eate pour un assemblage ult\u00e9rieur avec vos composants existants ou nouveaux. <\/p>\n<p class=\"p3\">\u2705 Nouvelle culasse de haute qualit\u00e9<\/p>\n<p class=\"p3\">\u2705 Si\u00e8ges de soupapes d\u00e9j\u00e0 mont\u00e9s<\/p>\n<p class=\"p3\">\u2705 Pr\u00eate pour un assemblage ult\u00e9rieur<\/p>\n<p class=\"p3\">\u2705 Adapt\u00e9e pour la r\u00e9vision ou une application sur mesure<\/p>\n<p class=\"p3\">Id\u00e9ale pour ceux qui veulent garder le contr\u00f4le sur l&rsquo;assemblage final ou r\u00e9utiliser des pi\u00e8ces sp\u00e9cifiques.<\/p>\n<p><strong>Iseki<\/strong><\/p>\n<ul>\n<li>Landhope : TU125, TU127, TU135, TU137<\/li>\n<\/ul>\n<p><strong>Moteur Mitsubishi<\/strong><\/p>\n<ul>\n<li>L3C, L3C-61TG, L3C-31DJ, L3C-31DC<\/li>\n<li>L3A<\/li>\n<\/ul>\n<p><strong>MAM<\/strong> (Mitsubishi Agricultural Machinery CO., LTD) :<\/p>\n<p><strong>Mitsubishi<\/strong><\/p>\n<ul>\n<li>GF14, GF15<\/li>\n<li>MT14, MT15<\/li>\n<\/ul>\n<p><strong>Moissonneuse-batteuse :<\/strong><\/p>\n<ul>\n<li>VMS16 , VMS16G<\/li>\n<\/ul>\n<p><strong>Denyo<\/strong><\/p>\n<ul>\n<li>PCX-50SS, MW-1050<\/li>\n<\/ul>\n<p><strong>Toro<\/strong><\/p>\n<ul>\n<li>GM 220D, Workman 3300-D, Reelmaster 220-D, Workman 4300-D, Groundsmaster 220-D<\/li>\n<\/ul>\n<p><strong>Pel Job<\/strong><\/p>\n<ul>\n<li>Sirius<\/li>\n<\/ul>\n<p><strong>OEM pour r\u00e9f\u00e9rence<\/strong><\/p>\n<ul>\n<li>MM437676, MM437679<\/li>\n<\/ul>\n<p>&nbsp;<\/p>\n","protected":false},"excerpt":{"rendered":"<p>Culasse nue \u2013 avec si\u00e8ges de soupapes pr\u00e9-mont\u00e9s Cette culasse est fabriqu\u00e9e \u00e0 partir de mat\u00e9riaux de haute qualit\u00e9 et est livr\u00e9e comme une culasse nue avec des si\u00e8ges de soupapes d\u00e9j\u00e0 mont\u00e9s. La culasse est ainsi pr\u00eate pour un assemblage ult\u00e9rieur avec vos composants existants ou nouveaux. \u2705 Nouvelle culasse de haute qualit\u00e9 \u2705&hellip;<\/p>\n","protected":false},"featured_media":123965,"comment_status":"open","ping_status":"closed","template":"","meta":[],"product_cat":[450],"product_tag":[],"class_list":{"0":"post-122987","1":"product","2":"type-product","3":"status-publish","4":"has-post-thumbnail","6":"product_cat-culasses","7":"pa_merk-iseki-fr","8":"pa_merk-mitsubishi-fr","9":"pa_merk-toro-fr","10":"pa_motor-l3a-fr","11":"pa_motor-l3c-fr","12":"pa_motor-l3e-fr","14":"first","15":"instock","16":"sale","17":"taxable","18":"shipping-taxable","19":"purchasable","20":"product-type-simple","21":"col-xs-6 col-sm-4","22":"col-md-3 col-lg-3","23":"un-4-cols"},"_links":{"self":[{"href":"https:\/\/shop4trac.com\/fr\/wp-json\/wp\/v2\/product\/122987","targetHints":{"allow":["GET"]}}],"collection":[{"href":"https:\/\/shop4trac.com\/fr\/wp-json\/wp\/v2\/product"}],"about":[{"href":"https:\/\/shop4trac.com\/fr\/wp-json\/wp\/v2\/types\/product"}],"replies":[{"embeddable":true,"href":"https:\/\/shop4trac.com\/fr\/wp-json\/wp\/v2\/comments?post=122987"}],"wp:featuredmedia":[{"embeddable":true,"href":"https:\/\/shop4trac.com\/fr\/wp-json\/wp\/v2\/media\/123965"}],"wp:attachment":[{"href":"https:\/\/shop4trac.com\/fr\/wp-json\/wp\/v2\/media?parent=122987"}],"wp:term":[{"taxonomy":"product_cat","embeddable":true,"href":"https:\/\/shop4trac.com\/fr\/wp-json\/wp\/v2\/product_cat?post=122987"},{"taxonomy":"product_tag","embeddable":true,"href":"https:\/\/shop4trac.com\/fr\/wp-json\/wp\/v2\/product_tag?post=122987"}],"curies":[{"name":"wp","href":"https:\/\/api.w.org\/{rel}","templated":true}]}}