{"id":120335,"date":"2024-06-10T13:59:47","date_gmt":"2024-06-10T12:59:47","guid":{"rendered":"https:\/\/shop4trac.com\/non%20class\u00e9\/demarreur-l3e-oem-mitsubishi-14-dents-sole-terex-vetus-kobelco\/"},"modified":"2025-10-23T15:46:10","modified_gmt":"2025-10-23T13:46:10","slug":"demarreur-l3e-oem-mitsubishi-14-dents-sole-terex-vetus-kobelco","status":"publish","type":"product","link":"https:\/\/shop4trac.com\/fr\/pieces-electriques\/demarreur-moteur\/demarreur-l3e-oem-mitsubishi-14-dents-sole-terex-vetus-kobelco\/","title":{"rendered":"D\u00e9marreur L3E | OEM Mitsubishi | 14 dents | Sole | Terex | V\u00e9tus | Kobelco"},"content":{"rendered":"<p>D\u00e9marreur OEM Mitsubishi adapt\u00e9 \u00e0 : <strong>Informations techniques :<\/strong><\/p>\n<div class=\"cell small-6 medium-4 specification\"><\/div>\n<div class=\"cell small-6 medium-4 specification\">\n<div class=\"specification-value\">\n<ul>\n<li>Tension : 12 V<\/li>\n<li>Puissance (kW) : 1,2<\/li>\n<li>Bord de montage (mm): 77,0<\/li>\n<li>Dents : 14<\/li>\n<li>B+&nbsp;:&nbsp;M8<\/li>\n<li>Nombre de trous de fixation : 2<\/li>\n<li>Distance entre les trous de montage : 105 mm<\/li>\n<li>Rotation&nbsp;: CW (dans le sens des aiguilles d&rsquo;une montre)<\/li>\n<\/ul>\n<p><strong>Moteur Mitsubishi<\/strong><\/p>\n<ul>\n<li>L3E-W262KL, L3E-W231KBS, 3. 3003, L3E-W2, L3E, L3E-31NS, L3E-61KL<\/li>\n<li>M 3.28 \u2013 Marine<\/li>\n<li>L3E-61ES<\/li>\n<\/ul>\n<p class=\"p1\"><b>Atlas<\/b><\/p>\n<ul>\n<li class=\"p1\">AM 15 R, AM 16 R, AM 21 R<\/li>\n<\/ul>\n<p class=\"p1\"><b>Cas<\/b><\/p>\n<ul>\n<li class=\"p1\">CX17B<\/li>\n<\/ul>\n<p class=\"p1\"><b>Caterpillar<\/b><\/p>\n<ul>\n<li class=\"p1\">301.5, 301.5CR, 301.6, 301.6C, 301.8, 301.8C<\/li>\n<\/ul>\n<p class=\"p1\"><b>Daewoo<\/b><\/p>\n<ul>\n<li class=\"p1\">DX15, DX18<\/li>\n<\/ul>\n<p class=\"p1\"><b>Doosan<\/b><\/p>\n<ul>\n<li class=\"p1\">DX15, DX18<\/li>\n<\/ul>\n<p class=\"p1\"><b>Eurocomach<\/b><\/p>\n<ul>\n<li class=\"p1\">ES150.3, ES180.3<\/li>\n<\/ul>\n<p class=\"p1\"><b>Hanix<\/b><\/p>\n<ul>\n<li class=\"p1\">H15B-2, H15B-2 Plus, H22B<\/li>\n<\/ul>\n<p class=\"p1\"><b>HFL<\/b><\/p>\n<ul>\n<li class=\"p1\">H3E11M1C, H3E9M1C, H3E9M1CT, H3M11M1CT<\/li>\n<\/ul>\n<p class=\"p1\"><b>Hyundai<\/b><\/p>\n<ul>\n<li class=\"p1\">R15-7, R16-7, R22-7<\/li>\n<\/ul>\n<p class=\"p1\"><b>Imef<\/b><\/p>\n<ul>\n<li class=\"p1\">HE18, HE18S<\/li>\n<\/ul>\n<p class=\"p1\"><b>Kobelco<\/b><\/p>\n<ul>\n<li class=\"p1\">Acera 17SR, SK17SR, SK17SR-3<\/li>\n<\/ul>\n<p class=\"p1\"><b>Magnum<\/b><\/p>\n<ul>\n<li class=\"p1\">MLG8, MLT3060, MLT3080, MLT4060, MLT4080, MLT5060, MLT5080<\/li>\n<\/ul>\n<p class=\"p1\"><b>MAMAN<\/b><\/p>\n<ul>\n<li class=\"p1\">GF14, GF15, GF16, GF17, VM213, VM215, VM217, VMS16, VMS16G, VMS18, VMS18G, VMS20, VMS20G<\/li>\n<\/ul>\n<p class=\"p1\"><b>Mastervolt<\/b><\/p>\n<ul>\n<li class=\"p1\">Whisper 10, Whisper 12 000-3 000\/50 Hz, Whisper 12 000-3 600\/60 Hz, Whisper 6000 Ultra, Whisper 6 000-1 500\/50 Hz, Whisper 7000 Ultra<\/li>\n<\/ul>\n<p class=\"p1\"><b>Mitsubishi<\/b><\/p>\n<ul>\n<li class=\"p1\">GF130PYS1W, MM20, MM20CR, MM20SR, MM20T, MX15, TNV63C, TNW45D, TNW6E, TNW6EA, TNW7E, TNW7EA<\/li>\n<\/ul>\n<p class=\"p1\"><b>Nagano<\/b><\/p>\n<ul>\n<li class=\"p1\">NS15-3, NS16-3, NS22-2<\/li>\n<\/ul>\n<p class=\"p1\"><b>New Holland<\/b><\/p>\n<ul>\n<li class=\"p1\">E16, E16B, E18, E18B, E18SR<\/li>\n<\/ul>\n<p class=\"p1\"><b>O&amp;K<\/b><\/p>\n<ul>\n<li class=\"p1\">RH1.17, RH1.21<\/li>\n<\/ul>\n<p class=\"p1\"><b>Schaeff<\/b><\/p>\n<ul>\n<li class=\"p1\">HR1.5, HR1.6, HR11, HR12, HR13, HR2.0, ZR12, ZR15<\/li>\n<\/ul>\n<p class=\"p1\"><b>Terex<\/b><\/p>\n<ul>\n<li class=\"p1\">TC15, TC16, TC20<\/li>\n<\/ul>\n<p><strong>Sol\u00e9 Diesel<\/strong><\/p>\n<ul>\n<li>M17, M17G, M26, M26G, M29<\/li>\n<\/ul>\n<p class=\"p1\"><b>Vetus<\/b><\/p>\n<ul>\n<li class=\"p1\">M3.28<\/li>\n<\/ul>\n<p class=\"p1\"><b>Volvo<\/b><\/p>\n<ul>\n<li class=\"p1\">EC14, EC15BXR, EC15BXT, EC15BXTV, EC15XR, EC15XT, EC15XTV, EC20BXT, EC20BXTV, EC20XT, EC20XTV<\/li>\n<\/ul>\n<p class=\"p1\"><b>Zeppelin<\/b><\/p>\n<ul>\n<li class=\"p1\">ZR12, ZR15<\/li>\n<\/ul>\n<p><strong>OEM pour r\u00e9f\u00e9rence<\/strong><\/p>\n<ul>\n<li class=\"p1\">MitsubishiM000T60481<\/li>\n<li class=\"p1\">MitsubishiM001T68381<\/li>\n<li class=\"p1\">Mitsubishi M0T60481<\/li>\n<li class=\"p1\">Mitsubishi M1T68381<\/li>\n<li class=\"p1\">Mitsubishi30L66-10500<\/li>\n<li class=\"p1\">Mitsubishi30L66-10600<\/li>\n<li class=\"p1\">Atlas 1498141<\/li>\n<li class=\"p1\">Doosan2.401-00003<\/li>\n<li class=\"p1\">Schaeff 5527659125<\/li>\n<li class=\"p1\">Schaeff 5527659128<\/li>\n<li class=\"p1\">Schaeff 5999991205<\/li>\n<li class=\"p1\">Sol\u00e9 Diesel 13827002<\/li>\n<li class=\"p1\">New Holland VA30L6610500<\/li>\n<li class=\"p1\">V\u00e9tus STM9835<\/li>\n<\/ul>\n<\/div>\n<\/div>\n","protected":false},"excerpt":{"rendered":"<p>D\u00e9marreur OEM Mitsubishi adapt\u00e9 \u00e0 : Informations techniques : Tension : 12 V Puissance (kW) : 1,2 Bord de montage (mm): 77,0 Dents : 14 B+&nbsp;:&nbsp;M8 Nombre de trous de fixation : 2 Distance entre les trous de montage : 105 mm Rotation&nbsp;: CW (dans le sens des aiguilles d&rsquo;une montre) Moteur Mitsubishi L3E-W262KL, L3E-W231KBS,&hellip;<\/p>\n","protected":false},"featured_media":120320,"comment_status":"open","ping_status":"closed","template":"","meta":[],"product_cat":[424],"product_tag":[],"class_list":{"0":"post-120335","1":"product","2":"type-product","3":"status-publish","4":"has-post-thumbnail","6":"product_cat-demarreur-moteur","7":"pa_merk-atlas-fr","8":"pa_merk-case-fr","9":"pa_merk-caterpillar-fr","10":"pa_merk-daewoo-fr","11":"pa_merk-eurocomach-fr","12":"pa_merk-hanix-fr","13":"pa_merk-hyundai-fr","14":"pa_merk-kobelco-fr","15":"pa_merk-mitsubishi-fr","16":"pa_merk-new-holland-fr","17":"pa_merk-schaeff-fr","18":"pa_merk-sole-diesel-fr","19":"pa_merk-terex-fr","20":"pa_merk-vetus-fr","21":"pa_merk-volvo-fr","23":"first","24":"instock","25":"sale","26":"taxable","27":"shipping-taxable","28":"purchasable","29":"product-type-simple","30":"col-xs-6 col-sm-4","31":"col-md-3 col-lg-3","32":"un-4-cols"},"_links":{"self":[{"href":"https:\/\/shop4trac.com\/fr\/wp-json\/wp\/v2\/product\/120335","targetHints":{"allow":["GET"]}}],"collection":[{"href":"https:\/\/shop4trac.com\/fr\/wp-json\/wp\/v2\/product"}],"about":[{"href":"https:\/\/shop4trac.com\/fr\/wp-json\/wp\/v2\/types\/product"}],"replies":[{"embeddable":true,"href":"https:\/\/shop4trac.com\/fr\/wp-json\/wp\/v2\/comments?post=120335"}],"wp:featuredmedia":[{"embeddable":true,"href":"https:\/\/shop4trac.com\/fr\/wp-json\/wp\/v2\/media\/120320"}],"wp:attachment":[{"href":"https:\/\/shop4trac.com\/fr\/wp-json\/wp\/v2\/media?parent=120335"}],"wp:term":[{"taxonomy":"product_cat","embeddable":true,"href":"https:\/\/shop4trac.com\/fr\/wp-json\/wp\/v2\/product_cat?post=120335"},{"taxonomy":"product_tag","embeddable":true,"href":"https:\/\/shop4trac.com\/fr\/wp-json\/wp\/v2\/product_tag?post=120335"}],"curies":[{"name":"wp","href":"https:\/\/api.w.org\/{rel}","templated":true}]}}