{"id":108744,"date":"2024-05-26T15:23:16","date_gmt":"2024-05-26T14:23:16","guid":{"rendered":"https:\/\/shop4trac.com\/non%20class\u00e9\/sceau-a-huile-de-differentiel-pto-te3210-te4270-tu1700-tu2101f-tx1000-tx2160f-tc30458\/"},"modified":"2025-08-01T17:22:05","modified_gmt":"2025-08-01T15:22:05","slug":"sceau-a-huile-de-differentiel-pto-te3210-te4270-tu1700-tu2101f-tx1000-tx2160f-tc30458","status":"publish","type":"product","link":"https:\/\/shop4trac.com\/fr\/autres-pieces\/joint-dhuile-pont-avant-pont-arriere\/sceau-a-huile-de-differentiel-pto-te3210-te4270-tu1700-tu2101f-tx1000-tx2160f-tc30458\/","title":{"rendered":"Sceau \u00e0 huile de diff\u00e9rentiel \u2013 PTO TE3210 \u2013 TE4270 | TU1700 \u2013 TU2101F | TX1000-TX2160F | TC30458 | Essieu avant Yanmar"},"content":{"rendered":"<p>Sceau \u00e0 huile pour diverses pi\u00e8ces de machines et tracteurs<\/p>\n<p><strong>Donn\u00e9es techniques<\/strong><\/p>\n<ul>\n<li>TC30458, TC304508<\/li>\n<li>30x45x8mm<\/li>\n<\/ul>\n<p><strong>Iseki<\/strong><\/p>\n<ul>\n<li>TX1000, TX1000F \u2013 Transmission diff\u00e9rentielle<\/li>\n<li>TX1410, TX1510, TX145, TX155, TX2140, TX2160, TX1410F, TX1510F, TX145F, TX155F, TX2140F, TX2160F<\/li>\n<li>TX1300F, TX1500F Transmission diff\u00e9rentielle \u2013 transmission \u00e0 arbre interne (axe prix)<\/li>\n<li>TX1300, TX1500 \u2013 Transmission diff\u00e9rentielle \u2013 transmission \u00e0 arbre interne (axe prix)<\/li>\n<li>TE3210 \u2013 Frein \u2013 Carter de diff\u00e9rentiel, TE4270<\/li>\n<li>SF224, SF235, SF300, SF330<\/li>\n<li>TU1700, TU1900, TU2100, TE3210<\/li>\n<li>TU1700F, TU1701F, TU1900F, TU1901F, TU2100F, TU2101F<\/li>\n<li>TA250, TA255, TA262, TA267, TA275, TA287, TA312, TA317, TA525, TA530<\/li>\n<li>TA207, TA210, TA215, TA227, TA230, TA235, TA247, TA250, TA255, TA262, TA267, TA270, TA287, TA317<\/li>\n<li>TA250F, TA255F, TA262F, TA267F, TA275F, TA287F, TA312F, TA317F, TA525F, TA530F<\/li>\n<li>TA207F, TA210F, TA215F, TA227F, TA230F, TA235F, TA247F, TA250F, TA255F, TA262F, TA267F, TA270F, TA287F, TA317F<\/li>\n<\/ul>\n<p><strong>Bolens<\/strong><\/p>\n<ul>\n<li>H1704, G152, G154, G172, G174<\/li>\n<li>G212, G214<\/li>\n<\/ul>\n<p><strong>Patron de champ blanc<\/strong><\/p>\n<ul>\n<li>FB16, 21<\/li>\n<\/ul>\n<p><strong>Yanmar<\/strong><\/p>\n<ul>\n<li>YM1100, TM1300D, YM1301, YM1401 \u2013 Joint de pont avant \u2013 arbre de transmission<\/li>\n<li>YM155, YM165 \u2013 joint d&rsquo;essieu avant \u2013 arbre de transmission<\/li>\n<li>YM165D \u2013 essieu avant \u2013 joint d&rsquo;essieu ! Arbre de transmission<\/li>\n<li>F145D, F155D<\/li>\n<\/ul>\n<p><strong>OEM pour r\u00e9f\u00e9rence<\/strong><\/p>\n<ul>\n<li>194210-13590<\/li>\n<li>1480-301-011-00<\/li>\n<li>V74413045080, V744-130-450-80, V744-130-4508-0, V74413-045080<\/li>\n<li>AE1679AO<\/li>\n<\/ul>\n","protected":false},"excerpt":{"rendered":"<p>Sceau \u00e0 huile pour diverses pi\u00e8ces de machines et tracteurs Donn\u00e9es techniques TC30458, TC304508 30x45x8mm Iseki TX1000, TX1000F \u2013 Transmission diff\u00e9rentielle TX1410, TX1510, TX145, TX155, TX2140, TX2160, TX1410F, TX1510F, TX145F, TX155F, TX2140F, TX2160F TX1300F, TX1500F Transmission diff\u00e9rentielle \u2013 transmission \u00e0 arbre interne (axe prix) TX1300, TX1500 \u2013 Transmission diff\u00e9rentielle \u2013 transmission \u00e0 arbre interne (axe&hellip;<\/p>\n","protected":false},"featured_media":119077,"comment_status":"open","ping_status":"open","template":"","meta":[],"product_cat":[19073,5936],"product_tag":[],"class_list":{"0":"post-108744","1":"product","2":"type-product","3":"status-publish","4":"has-post-thumbnail","6":"product_cat-joint-dhuile-pont-avant-pont-arriere","7":"product_cat-joint","8":"pa_merk-bolens-fr","9":"pa_merk-iseki-fr","10":"pa_merk-white-field-boss-fr","11":"pa_merk-yanmar-fr","13":"first","14":"instock","15":"sale","16":"taxable","17":"shipping-taxable","18":"purchasable","19":"product-type-simple","20":"col-xs-6 col-sm-4","21":"col-md-3 col-lg-3","22":"un-4-cols"},"_links":{"self":[{"href":"https:\/\/shop4trac.com\/fr\/wp-json\/wp\/v2\/product\/108744","targetHints":{"allow":["GET"]}}],"collection":[{"href":"https:\/\/shop4trac.com\/fr\/wp-json\/wp\/v2\/product"}],"about":[{"href":"https:\/\/shop4trac.com\/fr\/wp-json\/wp\/v2\/types\/product"}],"replies":[{"embeddable":true,"href":"https:\/\/shop4trac.com\/fr\/wp-json\/wp\/v2\/comments?post=108744"}],"wp:featuredmedia":[{"embeddable":true,"href":"https:\/\/shop4trac.com\/fr\/wp-json\/wp\/v2\/media\/119077"}],"wp:attachment":[{"href":"https:\/\/shop4trac.com\/fr\/wp-json\/wp\/v2\/media?parent=108744"}],"wp:term":[{"taxonomy":"product_cat","embeddable":true,"href":"https:\/\/shop4trac.com\/fr\/wp-json\/wp\/v2\/product_cat?post=108744"},{"taxonomy":"product_tag","embeddable":true,"href":"https:\/\/shop4trac.com\/fr\/wp-json\/wp\/v2\/product_tag?post=108744"}],"curies":[{"name":"wp","href":"https:\/\/api.w.org\/{rel}","templated":true}]}}