{"id":107904,"date":"2024-05-16T10:28:17","date_gmt":"2024-05-16T09:28:17","guid":{"rendered":"https:\/\/shop4trac.com\/non%20class\u00e9\/kit-de-revision-moteur-kubota-v2203m-idi-v2403m-idi-injection-indirecte\/"},"modified":"2025-08-01T17:22:28","modified_gmt":"2025-08-01T15:22:28","slug":"kit-de-revision-moteur-kubota-v2203m-idi-v2403m-idi-injection-indirecte","status":"publish","type":"product","link":"https:\/\/shop4trac.com\/fr\/pieces-de-moteur\/kit-de-revision-moteur\/kit-de-revision-moteur-kubota-v2203m-idi-v2403m-idi-injection-indirecte\/","title":{"rendered":"Kit de r\u00e9vision moteur Kubota V2203M IDI | V2403M IDI \u2013 Injection indirecte"},"content":{"rendered":"<p>Cet ensemble complet de r\u00e9vision se compose de&nbsp;:<\/p>\n<ul>\n<li>Pack complet avec joints pour; <strong>joint de culasse<\/strong> (jeu), <strong>roulement de vilebrequin<\/strong> , <strong>joints de tige de soupape<\/strong> , <strong>joints d&rsquo;\u00e9chappement<\/strong> , <strong>joints d&rsquo;admission<\/strong> , <strong>joints<\/strong> et <strong>autres<\/strong> <strong>joints<\/strong> comme sur la photo.<\/li>\n<li>4 <strong>pistons<\/strong> complets + <strong>segments de piston<\/strong><\/li>\n<li>Kit de roulement g\u00e9n\u00e9ral avec ; <strong>Coussinets de bielle<\/strong> , <strong>paliers principaux<\/strong> , <strong>rondelles<\/strong> <strong>de but\u00e9e<\/strong> et <strong>guides de soupapes<\/strong><\/li>\n<li>Al\u00e9sage : 87 mm<\/li>\n<\/ul>\n<p>Cet ensemble peut \u00eatre utilis\u00e9 pour tous les Kubota V2203M et V2403 avec moteur \u00e0 injection indirecte&nbsp;!<\/p>\n<p>Gamme de mod\u00e8les adapt\u00e9e aux Kubota V2203 et V2403&nbsp;:<\/p>\n<p><strong>Moteur Kubota<\/strong><\/p>\n<ul>\n<li>V2203-M, V2203, V2203E<\/li>\n<li>V2403-M, V2403, V2403E, V2403 CR, V2403MA<\/li>\n<li>V2203-M-E2, V2203-M-E2A, V2203-MA-E, V2203-M, V2203-M-E3B, \u200b\u200b\u200b\u200bV2403-M-E2, V2403-MA-E, V2403-M-TE2<\/li>\n<li>V2403-M-TE3-EU1, V2403-M-TE3-EU2, V2403-M-E3B, \u200b\u200b\u200b\u200bV2403-MT, V2403-M-EDM, V2403-M-EBH<\/li>\n<\/ul>\n<p><strong>Kubota<\/strong> :<\/p>\n<ul>\n<li>L4240 GST, L4240 HST, L4240<\/li>\n<li>L4310 GST, L4310 HST, L4310<\/li>\n<li>L4400<\/li>\n<li>L4630 GST, L4630<\/li>\n<li>L4060GST, L4060HST, L4060, L4701HST, L4701, L4740GST, L4740HST, L4760GST, L4760HST, L5030GST, L5030HST, L5030, L5040GST, L5040, L5060GST, L5240HST, L5240HST, L5460HST, L5740HST, L5740HST, L6060HST<\/li>\n<li>MX4800HST, MX4800, MX5200HST, MX5200, MX5800HST<\/li>\n<li>KX121-3a, KX121-3S<\/li>\n<li>KX161-3a<\/li>\n<li>KX161-3S<\/li>\n<li>U45-3a, U45-3S<\/li>\n<li>U50-3a<\/li>\n<li>KC250H-4 (2013 et versions ult\u00e9rieures)<\/li>\n<li>R510, R510B (1994-1997)<\/li>\n<li>R520<\/li>\n<li>Alpha B, R520 Alpha, R520, R520B, R520S<\/li>\n<\/ul>\n<p><strong>Jungheinrich<\/strong><\/p>\n<ul>\n<li>DFG316, DFG320, DFG425, DFG430, DFG435<\/li>\n<\/ul>\n<p><strong>TYM<\/strong><\/p>\n<ul>\n<li>T430 2WD, T430 4WD<\/li>\n<li>T431 2WD, T431 4WD<\/li>\n<li>T450 2WD, T450 4WD<\/li>\n<li>T451 2WD, T451 4WD<\/li>\n<\/ul>\n<p><strong>Ausa<\/strong><\/p>\n<ul>\n<li>D 300 AM, D 300 AMG, D250AHG, Ausa D250AHGA, Ausa D350AHG, Ausa D400AHG<\/li>\n<\/ul>\n<p><strong>Lynx<\/strong><\/p>\n<ul>\n<li>430<\/li>\n<\/ul>\n<p><strong>Dynapac<\/strong>:<\/p>\n<ul>\n<li>CC1300 (10000334x0A000001 \u2013 0A012585)<\/li>\n<li>CC1300C (10000335x0A000001 -&gt;), CC1300C (10000335x0A012552 -&gt;) IIIB\/T4i<\/li>\n<\/ul>\n<p><strong>Doosan<\/strong><\/p>\n<ul>\n<li>Doosan (Daewoo) D15G (GX), Doosan (Daewoo) D18G (GX)<\/li>\n<\/ul>\n<p><strong>Eurocomach<\/strong>:<\/p>\n<ul>\n<li>E245K (2018 et versions ult\u00e9rieures)<\/li>\n<li>Eurocomach ES500ZT<\/li>\n<\/ul>\n<p><strong>Eurotrac<\/strong><\/p>\n<ul>\n<li>W13 K50<\/li>\n<\/ul>\n<p><strong>G\u00e9ant<\/strong>:<\/p>\n<ul>\n<li>V5001, V5001T<\/li>\n<li>V5002, V5002 X-tra<\/li>\n<li>V5003, V5003 Tele, V5003 X-tra<\/li>\n<li>Giant V5003T, Giant V5003T Tele, Giant V5003T X-tra, Giant V6001T, Giant V6001T X-tra, Giant V6004T, Giant V6004T Tele, Giant V6004T X-tra.<\/li>\n<\/ul>\n<p><strong>Hamm<\/strong>:<\/p>\n<ul>\n<li>HD 13, HD 13 VT, HD 13 VV, HD 14, HD 14 TT, HD 14 VO, HD 14 VT, HD 14 VV<\/li>\n<\/ul>\n<p><strong>Hyundai<\/strong>:<\/p>\n<ul>\n<li>HSL800T<\/li>\n<li>HSL600T<\/li>\n<li>HSL600T<\/li>\n<li>15D-7E<\/li>\n<li>15D-9S<\/li>\n<li>18D-7E (\u00e0 partir de 2008)<\/li>\n<li>18D-9S<\/li>\n<li>20D-9S<\/li>\n<li>20DA-7E (\u00e0 partir de 2008)<\/li>\n<li>HDF 15-5 (2006-2009)<\/li>\n<li>HDF 18-5 (2006-2009)<\/li>\n<\/ul>\n<p><strong>Haulotte<\/strong><\/p>\n<ul>\n<li>HA20RTJ, HA20RTJ PRO, HA20RTJO, HA61RTJ PRO, HA61RTJO<\/li>\n<\/ul>\n<p><strong>Hitachi<\/strong><\/p>\n<ul>\n<li>ZW40, ZW50<\/li>\n<\/ul>\n<p><strong>JCB<\/strong>:<\/p>\n<ul>\n<li>3,5T-ST, 3T-FT, 3T-ST<\/li>\n<\/ul>\n<p><strong>Manitou<\/strong><\/p>\n<ul>\n<li>TMT 55 HT-4W (T3), TMT 55 XT-4W (T3), MH 20-4 Turbo Buggie S\u00e9rie 2-E3, MH 25-4 Turbo Buggie S\u00e9rie 2-E3, MSI 20 Turbo Buggie S\u00e9rie 2-E3<\/li>\n<li>MSI 20 Turbo S\u00e9rie 2-E3, MSI 25 Turbo Buggie S\u00e9rie 2-E3, MSI 25 Turbo S\u00e9rie 2-E3, MSI 30 Turbo Buggie S\u00e9rie 2-E3, MSI 30 Turbo S\u00e9rie 2-E3, MSI 35 Turbo Buggie S\u00e9rie 2-E3, MSI 35 Turbo S\u00e9rie 2-E3<\/li>\n<\/ul>\n<p><strong>Menzi Muck<\/strong><\/p>\n<ul>\n<li>Menzi IHI 45v4, Menzi IHI 55v4, Menzi IHI 60v4, Menzi Max 30rk<\/li>\n<\/ul>\n<p><strong>Sch\u00e4ffer<\/strong> :<\/p>\n<ul>\n<li>3033S (\u00e0 partir de 2005)<\/li>\n<li>3050 (\u00e0 partir de 2005)<\/li>\n<li>3150 (\u00e0 partir de 2005)<\/li>\n<li>4048<\/li>\n<li>4050Z<\/li>\n<li>442S (\u00e0 partir de 2003)<\/li>\n<li>450T<\/li>\n<li>5050Z (jusqu&rsquo;en 2008)<\/li>\n<li>3350, 3360, 3450, 3460, 3550, 3550T, 3550T SLT, 3560, 3560T, 3560T SLT, 4350, 4350Z, 4360, 4360Z, 448S, 4560T, 5050Z, 5050ZS, 5058Z<\/li>\n<\/ul>\n<p><strong>Volvo<\/strong> :<\/p>\n<ul>\n<li>DD24 (\u00e0 partir de 2005, S\/N 176704 -&gt;)<\/li>\n<li>DD28HF (\u00e0 partir de 2005, S\/N 176704 -&gt;)<\/li>\n<li>DD30 (\u00e0 partir de 2005, S\/N 176704 -&gt;)<\/li>\n<li>DD34HF (\u00e0 partir de 2005, S\/N 176704 -&gt;)<\/li>\n<\/ul>\n<p><strong>Wacker Neuson :<\/strong><\/p>\n<ul>\n<li>DHK 6002 H<\/li>\n<li>DHK 7002 H<\/li>\n<\/ul>\n<p><strong>TCM<\/strong><\/p>\n<ul>\n<li>707EN, 709EN<\/li>\n<\/ul>\n<p><strong>Vimek<\/strong><\/p>\n<ul>\n<li>404T3, 404T4<\/li>\n<\/ul>\n","protected":false},"excerpt":{"rendered":"<p>Cet ensemble complet de r\u00e9vision se compose de&nbsp;: Pack complet avec joints pour; joint de culasse (jeu), roulement de vilebrequin , joints de tige de soupape , joints d&rsquo;\u00e9chappement , joints d&rsquo;admission , joints et autres joints comme sur la photo. 4 pistons complets + segments de piston Kit de roulement g\u00e9n\u00e9ral avec ; Coussinets&hellip;<\/p>\n","protected":false},"featured_media":198695,"comment_status":"open","ping_status":"closed","template":"","meta":[],"product_cat":[458],"product_tag":[],"class_list":{"0":"post-107904","1":"product","2":"type-product","3":"status-publish","4":"has-post-thumbnail","6":"product_cat-kit-de-revision-moteur","7":"pa_merk-ausa-fr","8":"pa_merk-bobcat-fr","9":"pa_merk-eurocomach-fr","10":"pa_merk-giant-fr","11":"pa_merk-jcb-fr","12":"pa_merk-kubota-fr","13":"pa_merk-manitou-fr","14":"pa_merk-schaffer-fr","15":"pa_merk-tcm-fr","16":"pa_merk-volvo-fr","17":"pa_motor-v2203-fr","18":"pa_motor-v2403-fr","20":"first","21":"onbackorder","22":"sale","23":"taxable","24":"shipping-taxable","25":"purchasable","26":"product-type-simple","27":"col-xs-6 col-sm-4","28":"col-md-3 col-lg-3","29":"un-4-cols"},"_links":{"self":[{"href":"https:\/\/shop4trac.com\/fr\/wp-json\/wp\/v2\/product\/107904","targetHints":{"allow":["GET"]}}],"collection":[{"href":"https:\/\/shop4trac.com\/fr\/wp-json\/wp\/v2\/product"}],"about":[{"href":"https:\/\/shop4trac.com\/fr\/wp-json\/wp\/v2\/types\/product"}],"replies":[{"embeddable":true,"href":"https:\/\/shop4trac.com\/fr\/wp-json\/wp\/v2\/comments?post=107904"}],"wp:featuredmedia":[{"embeddable":true,"href":"https:\/\/shop4trac.com\/fr\/wp-json\/wp\/v2\/media\/198695"}],"wp:attachment":[{"href":"https:\/\/shop4trac.com\/fr\/wp-json\/wp\/v2\/media?parent=107904"}],"wp:term":[{"taxonomy":"product_cat","embeddable":true,"href":"https:\/\/shop4trac.com\/fr\/wp-json\/wp\/v2\/product_cat?post=107904"},{"taxonomy":"product_tag","embeddable":true,"href":"https:\/\/shop4trac.com\/fr\/wp-json\/wp\/v2\/product_tag?post=107904"}],"curies":[{"name":"wp","href":"https:\/\/api.w.org\/{rel}","templated":true}]}}