{"id":107101,"date":"2024-05-08T15:22:33","date_gmt":"2024-05-08T14:22:33","guid":{"rendered":"https:\/\/shop4trac.com\/non%20class\u00e9\/vilebrequin-kubota-v1505-v1505-t-v1505d\/"},"modified":"2025-12-11T16:50:26","modified_gmt":"2025-12-11T14:50:26","slug":"vilebrequin-kubota-v1505-v1505-t-v1505d","status":"publish","type":"product","link":"https:\/\/shop4trac.com\/fr\/pieces-de-moteur\/vilebrequin\/vilebrequin-kubota-v1505-v1505-t-v1505d\/","title":{"rendered":"Vilebrequin Kubota V1505 | V1505-T | V1505D | Avant | Sch\u00e4ffer"},"content":{"rendered":"<h3><b>?\ufe0f <\/b><b>Vilebrequin Kubota V1505 \u2013 OEM 16421-23014<\/b><\/h3>\n<p class=\"p3\">Ce vilebrequin de haute qualit\u00e9 est sp\u00e9cialement con\u00e7u pour le moteur Kubota V1505 et r\u00e9pond aux sp\u00e9cifications OEM. Il est id\u00e9al pour remplacer un vilebrequin us\u00e9 ou endommag\u00e9, assurant ainsi un fonctionnement fluide et fiable de votre moteur. <\/p>\n<hr>\n<h3><b>\u2705  <\/b><\/h3>\n<h3><b>Caract\u00e9ristiques:<\/b><\/h3>\n<ul>\n<li>\n<p class=\"p1\"><span class=\"s1\"><b>Type :<\/b><\/span> Vilebrequin<\/p>\n<\/li>\n<li>\n<p class=\"p1\"><span class=\"s1\"><b>Num\u00e9ro OEM :<\/b><\/span> 16421-23014<\/p>\n<\/li>\n<li>\n<p class=\"p1\"><span class=\"s1\"><b>Application :<\/b><\/span> Remplacement du vilebrequin d&rsquo;origine<\/p>\n<\/li>\n<\/ul>\n<p><strong>Moteur Kubota&nbsp;:<\/strong><\/p>\n<ul>\n<li>V1505, V1505-T<\/li>\n<li>V1505D, V1505-E4-BH-2, V1505-E3-BH-2, V1505-E2-BH-2, V1505-EB<\/li>\n<\/ul>\n<p><strong>Kubota<\/strong> :<\/p>\n<ul>\n<li>B2910HSD, B3000HSDCC, B3030HSD, B3150HSD, B3150HSDCC, B3150SUHSD, B3350HSD, B3350HSDC, B3350HSDCC, B3350SUHSD, B7800HSD, KX027-4, KX030-4, KX61-3, KX71-2, KX71-2A, KX71-2G, KX71-3, KX71-3S, RT270, RT270D, RT280, RT280D<\/li>\n<\/ul>\n<p><strong>Aichi<\/strong><\/p>\n<ul>\n<li>FR300<\/li>\n<\/ul>\n<p><strong>Avant<\/strong><\/p>\n<ul>\n<li>R35, 635, 640<\/li>\n<\/ul>\n<p><strong>Bobcat<\/strong><\/p>\n<ul>\n<li>425, 428, S100, S100-BCZ<\/li>\n<\/ul>\n<p><strong>Eurotrac<\/strong><\/p>\n<ul>\n<li>W12 K36<\/li>\n<\/ul>\n<p><strong>Giant<\/strong><\/p>\n<ul>\n<li>V361 (S040), V361 (S068), V362, V45 Tele, V45 Tele-AS, V4501T, V4502T, V4502T Tele, V4502T X-tra, V451T ECO, V451T, V451T X-tra, V452T HD, V452T, V452T X-tra HD, V452T X-tra, 3648<\/li>\n<\/ul>\n<p><strong>Tendo<\/strong><\/p>\n<ul>\n<li>4548 Tendo<\/li>\n<\/ul>\n<p><strong>JCB<\/strong><\/p>\n<ul>\n<li>403<\/li>\n<\/ul>\n<p><strong>Sch\u00e4ffer<\/strong> :<\/p>\n<ul>\n<li>2336, 2336 SLT, 2345, 2345 SLT, 2436<\/li>\n<li>2436 SLT, 2445 SLT, 2445 T, 2445, 3036, 3036e, 3036 SLT, 3038, 3038e, 3038 SLT, 3045, 3045e, 3045 SLT<\/li>\n<li>4048, 4048e, 4050 Z, 4050 ZL, 4050 ZL T, 4050, 4050 T, 5050, 5050 T, 5060, 5060 T, 660 T, 668 T, 861 T, 963 T, 964 T.<\/li>\n<\/ul>\n<p><strong>OEM pour r\u00e9f\u00e9rence<\/strong><\/p>\n<ul>\n<li>16282-23013, 16282-2301-3<\/li>\n<li>16421-23014<\/li>\n<\/ul>\n","protected":false},"excerpt":{"rendered":"<p>?\ufe0f Vilebrequin Kubota V1505 \u2013 OEM 16421-23014 Ce vilebrequin de haute qualit\u00e9 est sp\u00e9cialement con\u00e7u pour le moteur Kubota V1505 et r\u00e9pond aux sp\u00e9cifications OEM. Il est id\u00e9al pour remplacer un vilebrequin us\u00e9 ou endommag\u00e9, assurant ainsi un fonctionnement fluide et fiable de votre moteur. \u2705 Caract\u00e9ristiques: Type : Vilebrequin Num\u00e9ro OEM : 16421-23014 Application&hellip;<\/p>\n","protected":false},"featured_media":107072,"comment_status":"open","ping_status":"closed","template":"","meta":[],"product_cat":[19079],"product_tag":[],"class_list":{"0":"post-107101","1":"product","2":"type-product","3":"status-publish","4":"has-post-thumbnail","6":"product_cat-vilebrequin","7":"pa_merk-kubota-fr","8":"pa_motor-v1505-fr","10":"first","11":"instock","12":"sale","13":"taxable","14":"shipping-taxable","15":"purchasable","16":"product-type-simple","17":"col-xs-6 col-sm-4","18":"col-md-3 col-lg-3","19":"un-4-cols"},"_links":{"self":[{"href":"https:\/\/shop4trac.com\/fr\/wp-json\/wp\/v2\/product\/107101","targetHints":{"allow":["GET"]}}],"collection":[{"href":"https:\/\/shop4trac.com\/fr\/wp-json\/wp\/v2\/product"}],"about":[{"href":"https:\/\/shop4trac.com\/fr\/wp-json\/wp\/v2\/types\/product"}],"replies":[{"embeddable":true,"href":"https:\/\/shop4trac.com\/fr\/wp-json\/wp\/v2\/comments?post=107101"}],"wp:featuredmedia":[{"embeddable":true,"href":"https:\/\/shop4trac.com\/fr\/wp-json\/wp\/v2\/media\/107072"}],"wp:attachment":[{"href":"https:\/\/shop4trac.com\/fr\/wp-json\/wp\/v2\/media?parent=107101"}],"wp:term":[{"taxonomy":"product_cat","embeddable":true,"href":"https:\/\/shop4trac.com\/fr\/wp-json\/wp\/v2\/product_cat?post=107101"},{"taxonomy":"product_tag","embeddable":true,"href":"https:\/\/shop4trac.com\/fr\/wp-json\/wp\/v2\/product_tag?post=107101"}],"curies":[{"name":"wp","href":"https:\/\/api.w.org\/{rel}","templated":true}]}}